{"id":2974,"date":"2025-04-30T14:22:26","date_gmt":"2025-04-30T19:22:26","guid":{"rendered":"https:\/\/arlingtonurbanag.org\/?page_id=2974"},"modified":"2026-01-20T19:59:18","modified_gmt":"2026-01-21T00:59:18","slug":"plot-against-hunger","status":"publish","type":"page","link":"http:\/\/arlingtonurbanag.org\/es\/plot-against-hunger\/","title":{"rendered":"Complot contra el Hambre"},"content":{"rendered":"<h3 class=\"gb-text gb-text-dd1cc206\">12,186 pounds donated + 40,178 pounds gleaned in 2025!<br><\/h3>\n\n\n\n<div class=\"gb-element-1e8d013b\">\n<div>\n<p>El programa Plot Against Hunger recolecta productos frescos de huertos familiares, organizaciones religiosas, escuelas y huertos comunitarios, y <a href=\"https:\/\/arlingtonurbanag.org\/es\/gleaning\/\">espigar<\/a> Producir en granjas locales para donarlos a despensas de alimentos locales para nuestros vecinos que necesitan alimentos complementarios. Nuestro centro de envasado de productos agr\u00edcolas acepta los productos de su huerta, los prepara para los clientes de la despensa de alimentos y los entrega el mismo d\u00eda. Plot Against Hunger cultiva una comunidad de jardineros, apoy\u00e1ndolos con semillas y pl\u00e1ntulas y asistencia t\u00e9cnica. Cada marzo, la temporada de crecimiento comienza con el Spring Garden Kickoff, donde los jardineros pueden conocerse y aprender nuevas habilidades.<\/p>\n<\/div>\n\n\n\n<div>\n<figure class=\"wp-block-image size-full\"><img loading=\"lazy\" decoding=\"async\" width=\"940\" height=\"507\" src=\"https:\/\/arlingtonurbanag.org\/wp-content\/uploads\/2024\/02\/plot-logo-ish-e1708113610746.png\" alt=\"\" class=\"wp-image-2475\" srcset=\"https:\/\/arlingtonurbanag.org\/wp-content\/uploads\/2024\/02\/plot-logo-ish-e1708113610746.png 940w, https:\/\/arlingtonurbanag.org\/wp-content\/uploads\/2024\/02\/plot-logo-ish-e1708113610746-300x162.png 300w, https:\/\/arlingtonurbanag.org\/wp-content\/uploads\/2024\/02\/plot-logo-ish-e1708113610746-768x414.png 768w, https:\/\/arlingtonurbanag.org\/wp-content\/uploads\/2024\/02\/plot-logo-ish-e1708113610746-18x10.png 18w\" sizes=\"auto, (max-width: 940px) 100vw, 940px\" \/><\/figure>\n<\/div>\n<\/div>\n\n\n\n<h2 class=\"gb-text gb-text-cff7c834\">\u00a1Involucrarse!<\/h2>\n\n\n\n<div class=\"gb-element-f8bb1c2d\">\n<div>\n<h3 class=\"gb-text gb-text-57391dd9\">Dona los productos de tu huerta<\/h3>\n\n\n\n<p class=\"has-text-align-center\">2026 Donation Center will open in mid-May! <\/p>\n\n\n\n<p>Our Produce Donation Center is located at Rock Spring Church, 5010 Little Falls Road in Arlington. We welcome all amounts, starting with those extra vegetables you won\u2019t use. We also have a list of food pantries that directly take produce if you aren&#8217;t available during drop off times. Just <a href=\"https:\/\/forms.gle\/K8yYe2ykxUPBL57H7\" data-type=\"link\" data-id=\"https:\/\/forms.gle\/K8yYe2ykxUPBL57H7\" target=\"_blank\" rel=\"noreferrer noopener\">let us know what you donate<\/a> aqu\u00ed. <\/p>\n\n\n<div class=\"wp-block-image\">\n<figure class=\"aligncenter size-medium is-resized\"><img loading=\"lazy\" decoding=\"async\" width=\"300\" height=\"272\" src=\"https:\/\/arlingtonurbanag.org\/wp-content\/uploads\/2024\/02\/produce-300x272.png\" alt=\"\" class=\"wp-image-2461\" style=\"object-fit:cover;width:263px;height:235px\" srcset=\"https:\/\/arlingtonurbanag.org\/wp-content\/uploads\/2024\/02\/produce-300x272.png 300w, https:\/\/arlingtonurbanag.org\/wp-content\/uploads\/2024\/02\/produce-13x12.png 13w, https:\/\/arlingtonurbanag.org\/wp-content\/uploads\/2024\/02\/produce.png 456w\" sizes=\"auto, (max-width: 300px) 100vw, 300px\" \/><\/figure>\n<\/div>\n\n\n<div class=\"gb-element-a1c94706\">\n<a class=\"gb-text gb-text-2bfe4fb5\" href=\"https:\/\/arlingtonurbanag.org\/es\/donating-your-garden-produce\/\">Obtenga m\u00e1s informaci\u00f3n sobre la donaci\u00f3n<\/a>\n<\/div>\n<\/div>\n\n\n\n<div>\n<h3 class=\"gb-text gb-text-8c0130a5\">Voluntario<\/h3>\n\n\n\n<p>Tenemos varias oportunidades de voluntariado en huertos de parcelas existentes en Arlington, ayudando en el centro de embolsado de productos agr\u00edcolas, <a href=\"https:\/\/arlingtonurbanag.org\/es\/gleaning\/\">espigueo<\/a> en granjas y huertos locales, sirviendo en el Comit\u00e9 Plot Against Hunger o apoyando nuestros esfuerzos de otra manera. \u00a1Tambi\u00e9n estamos siempre buscando nuevos jardines Plot Against Hunger!<\/p>\n\n\n\n<div style=\"height:25px\" aria-hidden=\"true\" class=\"wp-block-spacer\"><\/div>\n\n\n<div class=\"wp-block-image evenit\">\n<figure class=\"aligncenter size-medium is-resized\"><img loading=\"lazy\" decoding=\"async\" width=\"300\" height=\"235\" src=\"https:\/\/arlingtonurbanag.org\/wp-content\/uploads\/2024\/02\/volunteer-300x235.png\" alt=\"\" class=\"wp-image-2460\" style=\"object-fit:cover;width:300px;height:235px\" srcset=\"https:\/\/arlingtonurbanag.org\/wp-content\/uploads\/2024\/02\/volunteer-300x235.png 300w, https:\/\/arlingtonurbanag.org\/wp-content\/uploads\/2024\/02\/volunteer-768x602.png 768w, https:\/\/arlingtonurbanag.org\/wp-content\/uploads\/2024\/02\/volunteer-15x12.png 15w, https:\/\/arlingtonurbanag.org\/wp-content\/uploads\/2024\/02\/volunteer.png 951w\" sizes=\"auto, (max-width: 300px) 100vw, 300px\" \/><\/figure>\n<\/div>\n\n\n<div class=\"gb-element-9435f2b2\">\n<a class=\"gb-text gb-text-0a7b7229\" href=\"https:\/\/arlingtonurbanag.org\/es\/volunteer-with-plot-against-hunger\/\">Obtenga m\u00e1s informaci\u00f3n sobre el voluntariado<\/a>\n<\/div>\n<\/div>\n<\/div>\n\n\n\n<div class=\"gb-element-6b1ae5af\">\n<div>\n<div>\n<h3 class=\"gb-text gb-text-ffc9be91\">Semillas y Pl\u00e1ntulas<\/h3>\n\n\n\n<p>Arlington Virginia Extensi\u00f3n Cooperativa y Plot Against Hunger distribuyen semillas donadas a jardines de parcelas, jardines comunitarios y otros jardineros en la primavera. El Programa Plot Against Hunger tambi\u00e9n est\u00e1 coordinando un intercambio de pl\u00e1ntulas entre productores de pl\u00e1ntulas y huertos PLOT que necesitan pl\u00e1ntulas.<br><\/p>\n\n\n<div class=\"wp-block-image\">\n<figure class=\"aligncenter size-large\"><img loading=\"lazy\" decoding=\"async\" width=\"1024\" height=\"512\" src=\"https:\/\/arlingtonurbanag.org\/wp-content\/uploads\/2023\/11\/2-2024-seed-logos-season-1-1024x512.png\" alt=\"\" class=\"wp-image-2506\" srcset=\"https:\/\/arlingtonurbanag.org\/wp-content\/uploads\/2023\/11\/2-2024-seed-logos-season-1-1024x512.png 1024w, https:\/\/arlingtonurbanag.org\/wp-content\/uploads\/2023\/11\/2-2024-seed-logos-season-1-300x150.png 300w, https:\/\/arlingtonurbanag.org\/wp-content\/uploads\/2023\/11\/2-2024-seed-logos-season-1-768x384.png 768w, https:\/\/arlingtonurbanag.org\/wp-content\/uploads\/2023\/11\/2-2024-seed-logos-season-1-1536x768.png 1536w, https:\/\/arlingtonurbanag.org\/wp-content\/uploads\/2023\/11\/2-2024-seed-logos-season-1-2048x1024.png 2048w, https:\/\/arlingtonurbanag.org\/wp-content\/uploads\/2023\/11\/2-2024-seed-logos-season-1-18x9.png 18w\" sizes=\"auto, (max-width: 1024px) 100vw, 1024px\" \/><\/figure>\n<\/div>\n\n\n<div class=\"gb-element-7277197d\">\n<a class=\"gb-text gb-text-bcbee9af\" href=\"https:\/\/arlingtonurbanag.org\/es\/seeds-and-seedlings\/\">Get Your Seeds &amp; Seedlings<\/a>\n<\/div>\n<\/div>\n<\/div>\n\n\n\n<div class=\"gb-element-2cfb8139\">\n<h3 class=\"gb-text gb-text-45faf755\">Aprenda habilidades de jardiner\u00eda<\/h3>\n\n\n\n<p class=\"has-text-align-left\">Desde nuestras Charlas sobre el jard\u00edn de los mi\u00e9rcoles por la noche en la Biblioteca Central, el Spring Garden Kickoff y el canal de YouTube, \u00a1tenemos varias formas de aprender jardiner\u00eda! Nuestros socios tambi\u00e9n ofrecen eventos que nos encanta destacar y asistir.<\/p>\n\n\n<div class=\"wp-block-image\">\n<figure class=\"aligncenter size-medium\"><img loading=\"lazy\" decoding=\"async\" width=\"300\" height=\"278\" src=\"https:\/\/arlingtonurbanag.org\/wp-content\/uploads\/2024\/02\/learn-e1708110995724-300x278.png\" alt=\"\" class=\"wp-image-2459\" srcset=\"https:\/\/arlingtonurbanag.org\/wp-content\/uploads\/2024\/02\/learn-e1708110995724-300x278.png 300w, https:\/\/arlingtonurbanag.org\/wp-content\/uploads\/2024\/02\/learn-e1708110995724-768x713.png 768w, https:\/\/arlingtonurbanag.org\/wp-content\/uploads\/2024\/02\/learn-e1708110995724-13x12.png 13w, https:\/\/arlingtonurbanag.org\/wp-content\/uploads\/2024\/02\/learn-e1708110995724.png 900w\" sizes=\"auto, (max-width: 300px) 100vw, 300px\" \/><\/figure>\n<\/div>\n\n\n<div class=\"gb-element-bef604a8\">\n<a class=\"gb-text gb-text-649501b3\" href=\"https:\/\/arlingtonurbanag.org\/es\/resources\/\">Obtenga m\u00e1s informaci\u00f3n sobre lo que ofrecemos<\/a>\n<\/div>\n<\/div>\n<\/div>\n\n\n\n<hr class=\"wp-block-separator has-alpha-channel-opacity\"\/>\n\n\n\n<div>\n<div class=\"gb-element-51810984\">\n<div class=\"gb-element-4c8c4dfa\">\n<h1 class=\"wp-block-heading\">\u00a1Mant\u00e9ngase en contacto con nosotros!<\/h1>\n<\/div>\n\n\n\n<div class=\"gb-element-16cd4025\">\n<a class=\"gb-text gb-text-45d5d213\" href=\"http:\/\/%20plotagainsthunger@arlingtonurbanag.org\/es\/\" target=\"_blank\" rel=\"noopener\">\u00a1Env\u00edanos un correo electr\u00f3nico!<\/a>\n<\/div>\n\n\n\n<div class=\"gb-element-c431da73\">\n<a class=\"gb-text gb-text-c259fdb6\" href=\"https:\/\/www.facebook.com\/groups\/plotagainsthunger\/\" target=\"_blank\" rel=\"noopener\">\u00a1\u00danete a nuestro grupo de Facebook!<\/a>\n<\/div>\n<\/div>\n<\/div>\n\n\n\n<hr class=\"wp-block-separator has-alpha-channel-opacity\"\/>\n\n\n\n<h2 class=\"gb-text gb-text-b2227efb\">Socios Plot Against Hunger<\/h2>\n\n\n\n<p><em>Los socios del Programa Plot Against Hunger incluyen Arlington Virginia Extensi\u00f3n Cooperativa, Marymount University, Master Gardeners, Master Food Volunteers, Arlington County Library, despensas de alimentos y jardines y jardineros individuales. Comenz\u00f3 en el Centro de Asistencia Alimentaria Arlington en 2007 y se transfiri\u00f3 a FOUA en 2021.<\/em><\/p>\n\n\n\n<div class=\"gb-element-e516f481\">\n<div>\n<figure class=\"wp-block-image size-large\"><img decoding=\"async\" src=\"https:\/\/arlingtonurbanag.org\/wp-content\/uploads\/2024\/02\/apl-300x108.png\" alt=\"\"\/><\/figure>\n<\/div>\n\n\n\n<div>\n<figure class=\"wp-block-image size-large\"><img decoding=\"async\" src=\"https:\/\/arlingtonurbanag.org\/wp-content\/uploads\/2024\/02\/mfv-300x87.jpg\" alt=\"\"\/><\/figure>\n<\/div>\n\n\n\n<figure class=\"wp-block-image size-large\"><img decoding=\"async\" src=\"https:\/\/arlingtonurbanag.org\/wp-content\/uploads\/2024\/02\/marymount-e1708111212251-300x195.jpg\" alt=\"\"\/><\/figure>\n\n\n\n<figure class=\"wp-block-image size-large\"><img decoding=\"async\" src=\"https:\/\/arlingtonurbanag.org\/wp-content\/uploads\/2024\/02\/vce-300x118.png\" alt=\"\"\/><\/figure>\n\n\n\n<figure class=\"wp-block-image size-large\"><img decoding=\"async\" src=\"https:\/\/i0.wp.com\/mgnv.org\/wp-content\/uploads\/2021\/07\/Master-Gardeners-Northern-VA-logo-300.png?w=300&amp;ssl=1\" alt=\"\"\/><\/figure>\n<\/div>\n\n\n\n<p><br><\/p>\n\n\n\n<h2 class=\"gb-text gb-text-548a46dd\">\u00daltimas noticias<\/h2>\n\n\n\n<div class=\"gb-grid-wrapper gb-grid-wrapper-8d784f75 gb-query-loop-wrapper\">\n<div class=\"gb-grid-column gb-grid-column-a4931f71 gb-query-loop-item post-3689 post type-post status-publish format-standard has-post-thumbnail hentry category-events category-plot-against-hunger tag-events tag-plot-against-hunger tag-spring-garden-kickoff\"><div class=\"gb-container gb-container-a4931f71\"><div class=\"gb-inside-container\">\n<div class=\"gb-grid-wrapper gb-grid-wrapper-08e00558\">\n<div class=\"gb-grid-column gb-grid-column-876495eb\"><div class=\"gb-container gb-container-876495eb\" style=\"background-image: url(https:\/\/arlingtonurbanag.org\/wp-content\/uploads\/2026\/01\/2026-Spring-Garden-Kickoff-for-site-social-300x300.png);\"><div class=\"gb-inside-container\"><\/div><\/div><\/div>\n\n<div class=\"gb-grid-column gb-grid-column-b4914e91\"><div class=\"gb-container gb-container-b4914e91\"><div class=\"gb-inside-container\">\n<h4 class=\"gb-headline gb-headline-3c067a4b gb-headline-text\"><a href=\"http:\/\/arlingtonurbanag.org\/es\/2026-spring-garden-kickoff\/\">2026 Spring Garden Kickoff<\/a><\/h4>\n\n<p class=\"gb-headline gb-headline-5023c625 gb-headline-text\"><time class=\"entry-date published\" datetime=\"2026-01-26T16:15:07-05:00\">enero 26, 2026<\/time><\/p>\n\n<p class=\"gb-headline gb-headline-49d1400c gb-headline-text\">Update 3\/27\/26 10 pm: Registration has now closed. There will be a limited number of on-site tickets available, so if you&#8217;d like to participate, we suggest you arrive early! Mark your calendars for FOUA&#8217;s largest and most popular&nbsp;event of the &#8230;<\/p>\n\n\n<a class=\"gb-text gb-text-be66ed44\" href=\"http:\/\/arlingtonurbanag.org\/es\/2026-spring-garden-kickoff\/\">Lee mas<\/a>\n\n<\/div><\/div><\/div>\n<\/div>\n<\/div><\/div><\/div>\n\n<div class=\"gb-grid-column gb-grid-column-a4931f71 gb-query-loop-item post-2903 post type-post status-publish format-standard has-post-thumbnail hentry category-events category-plot-against-hunger category-project-hug category-take-action tag-events tag-gardens tag-plot-against-hunger tag-saturdays-in-the-garden tag-volunteer tag-volunteering\"><div class=\"gb-container gb-container-a4931f71\"><div class=\"gb-inside-container\">\n<div class=\"gb-grid-wrapper gb-grid-wrapper-08e00558\">\n<div class=\"gb-grid-column gb-grid-column-876495eb\"><div class=\"gb-container gb-container-876495eb\" style=\"background-image: url(https:\/\/arlingtonurbanag.org\/wp-content\/uploads\/2025\/03\/Saturdays-in-the-Garden-SQ-1080-x-1080-px-300x300.png);\"><div class=\"gb-inside-container\"><\/div><\/div><\/div>\n\n<div class=\"gb-grid-column gb-grid-column-b4914e91\"><div class=\"gb-container gb-container-b4914e91\"><div class=\"gb-inside-container\">\n<h4 class=\"gb-headline gb-headline-3c067a4b gb-headline-text\"><a href=\"http:\/\/arlingtonurbanag.org\/es\/saturdays-in-the-garden-2025\/\">Saturdays in the Garden 2025<\/a><\/h4>\n\n<p class=\"gb-headline gb-headline-5023c625 gb-headline-text\"><time class=\"entry-date published\" datetime=\"2025-03-27T14:43:14-05:00\">marzo 27, 2025<\/time><\/p>\n\n<p class=\"gb-headline gb-headline-49d1400c gb-headline-text\">Spring Saturday Work Parties \u00a0 Enjoy a Saturday morning working in a Plot Against Hunger Garden! Times: 9 -11 am. Space will be limited to 20 volunteers at each garden, except as noted. Register here! Don&#8217;t have a volunteer profile &#8230;<\/p>\n\n\n<a class=\"gb-text gb-text-be66ed44\" href=\"http:\/\/arlingtonurbanag.org\/es\/saturdays-in-the-garden-2025\/\">Lee mas<\/a>\n\n<\/div><\/div><\/div>\n<\/div>\n<\/div><\/div><\/div>\n\n<div class=\"gb-grid-column gb-grid-column-a4931f71 gb-query-loop-item post-2818 post type-post status-publish format-standard has-post-thumbnail hentry category-community-gardens category-events category-food-access category-gleaning category-plot-against-hunger tag-arlington-county tag-events tag-food-assistance tag-food-insecurity tag-food-pantries tag-gardeners tag-gardens tag-gleaning tag-plot-against-hunger tag-spring-garden-kickoff tag-volunteers\"><div class=\"gb-container gb-container-a4931f71\"><div class=\"gb-inside-container\">\n<div class=\"gb-grid-wrapper gb-grid-wrapper-08e00558\">\n<div class=\"gb-grid-column gb-grid-column-876495eb\"><div class=\"gb-container gb-container-876495eb\" style=\"background-image: url(https:\/\/arlingtonurbanag.org\/wp-content\/uploads\/2024\/12\/SGK-2025-square-register-300x300.png);\"><div class=\"gb-inside-container\"><\/div><\/div><\/div>\n\n<div class=\"gb-grid-column gb-grid-column-b4914e91\"><div class=\"gb-container gb-container-b4914e91\"><div class=\"gb-inside-container\">\n<h4 class=\"gb-headline gb-headline-3c067a4b gb-headline-text\"><a href=\"http:\/\/arlingtonurbanag.org\/es\/2025-spring-garden-kickoff\/\">Lanzamiento del jard\u00edn de primavera de 2025<\/a><\/h4>\n\n<p class=\"gb-headline gb-headline-5023c625 gb-headline-text\"><time class=\"entry-date published\" datetime=\"2024-12-30T21:31:29-05:00\">30 de diciembre de 2024<\/time><\/p>\n\n<p class=\"gb-headline gb-headline-49d1400c gb-headline-text\">Get your agenda here (pdf) Registration has closed Thinking Globally &amp; Acting Locally: Growing Food for Our Community Join us on Saturday, March 29 at 10 am for interesting speakers, thoughtful breakout sessions, workshops, seed and seedling giveaways, partner organization &#8230;<\/p>\n\n\n<a class=\"gb-text gb-text-be66ed44\" href=\"http:\/\/arlingtonurbanag.org\/es\/2025-spring-garden-kickoff\/\">Lee mas<\/a>\n\n<\/div><\/div><\/div>\n<\/div>\n<\/div><\/div><\/div>\n<\/div>\n\n<div class=\"gb-container gb-container-672f64a7 gb-query-loop-pagination\">\n\n\n<span class=\"gb-button gb-button-c10e861c gb-button-text page-numbers gb-block-is-current\" aria-current=\"page\">1<\/span><a class=\"gb-button gb-button-c10e861c gb-button-text page-numbers\" href=\"?query-70f22bb9-page=2\">2<\/a><a class=\"gb-button gb-button-c10e861c gb-button-text page-numbers\" href=\"?query-70f22bb9-page=3\">3<\/a><span class=\"gb-button gb-button-c10e861c gb-button-text page-numbers dots\">\u2026<\/span><a class=\"gb-button gb-button-c10e861c gb-button-text page-numbers\" href=\"?query-70f22bb9-page=14\">14<\/a>\n\n<a class=\"gb-button gb-button-9300c562 gb-button-text\" href=\"\/es\/wp-json\/wp\/v2\/pages\/2974?query-70f22bb9-page=2\">pr\u00f3ximo<\/a>\n<\/div>\n\n\n\n<div class=\"gb-element-5371ce7c\"><div class=\"wp-block-image\">\n<figure class=\"aligncenter size-full\"><a href=\"https:\/\/arlingtonurbanag.org\/es\/donate\/\"><img loading=\"lazy\" decoding=\"async\" width=\"500\" height=\"200\" src=\"https:\/\/arlingtonurbanag.org\/wp-content\/uploads\/2024\/02\/2022-annual-DONATE-BUTTON.png\" alt=\"\" class=\"wp-image-2499\" srcset=\"https:\/\/arlingtonurbanag.org\/wp-content\/uploads\/2024\/02\/2022-annual-DONATE-BUTTON.png 500w, https:\/\/arlingtonurbanag.org\/wp-content\/uploads\/2024\/02\/2022-annual-DONATE-BUTTON-300x120.png 300w, https:\/\/arlingtonurbanag.org\/wp-content\/uploads\/2024\/02\/2022-annual-DONATE-BUTTON-18x7.png 18w\" sizes=\"auto, (max-width: 500px) 100vw, 500px\" \/><\/a><\/figure>\n<\/div><\/div>","protected":false},"excerpt":{"rendered":"<p>12,186 pounds donated + 40,178 pounds gleaned in 2025! Plot Against Hunger program collects fresh produce from gardens at homes, faith-based organizations, schools, and community gardens, and gleans produce at local farms to donate to local food pantries for our neighbors in need of supplemental groceries. Our Produce Bagging Center accepts your garden produce, prepares &#8230; <\/p>\n<p class=\"read-more-container\"><a title=\"Complot contra el Hambre\" class=\"read-more button\" href=\"http:\/\/arlingtonurbanag.org\/es\/plot-against-hunger\/#more-2974\" aria-label=\"Leer m\u00e1s sobre Plot Against Hunger\">Lee mas<\/a><\/p>","protected":false},"author":1,"featured_media":0,"parent":0,"menu_order":0,"comment_status":"closed","ping_status":"closed","template":"","meta":{"footnotes":""},"class_list":{"0":"post-2974","1":"page","2":"type-page","3":"status-publish","5":"infinite-scroll-item"},"featured_image_src":null,"_links":{"self":[{"href":"http:\/\/arlingtonurbanag.org\/es\/wp-json\/wp\/v2\/pages\/2974","targetHints":{"allow":["GET"]}}],"collection":[{"href":"http:\/\/arlingtonurbanag.org\/es\/wp-json\/wp\/v2\/pages"}],"about":[{"href":"http:\/\/arlingtonurbanag.org\/es\/wp-json\/wp\/v2\/types\/page"}],"author":[{"embeddable":true,"href":"http:\/\/arlingtonurbanag.org\/es\/wp-json\/wp\/v2\/users\/1"}],"replies":[{"embeddable":true,"href":"http:\/\/arlingtonurbanag.org\/es\/wp-json\/wp\/v2\/comments?post=2974"}],"version-history":[{"count":49,"href":"http:\/\/arlingtonurbanag.org\/es\/wp-json\/wp\/v2\/pages\/2974\/revisions"}],"predecessor-version":[{"id":3686,"href":"http:\/\/arlingtonurbanag.org\/es\/wp-json\/wp\/v2\/pages\/2974\/revisions\/3686"}],"wp:attachment":[{"href":"http:\/\/arlingtonurbanag.org\/es\/wp-json\/wp\/v2\/media?parent=2974"}],"curies":[{"name":"wp","href":"https:\/\/api.w.org\/{rel}","templated":true}]}}