{"id":1472,"date":"2022-05-21T13:18:43","date_gmt":"2022-05-21T18:18:43","guid":{"rendered":"https:\/\/arlingtonurbanag.org\/?page_id=1472"},"modified":"2026-02-04T14:52:09","modified_gmt":"2026-02-04T19:52:09","slug":"volunteer-login","status":"publish","type":"page","link":"https:\/\/arlingtonurbanag.org\/es\/volunteer-login\/","title":{"rendered":"Inicio de sesi\u00f3n para voluntarios"},"content":{"rendered":"<p>Ingrese su contrase\u00f1a y haga clic en &quot;Iniciar sesi\u00f3n&quot;. Puede ver el calendario de oportunidades de voluntariado, registrarse para ser voluntario o editar su perfil. Es posible que tengas que desplazarte por la ventana de tu navegador y por el marco morado.<\/p>\n<p>Si ha recibido un correo electr\u00f3nico de FOUA pero nunca ha iniciado sesi\u00f3n, \u00a1todav\u00eda tiene un perfil! Simplemente haga clic en &quot;restablecer contrase\u00f1a&quot; y siga las instrucciones.<\/p>\n<p>Si necesitas hacer un perfil, <a href=\"https:\/\/arlingtonurbanag.org\/es\/volunteer\/\">por favor visite nuestro formulario de admisi\u00f3n de voluntarios<\/a>.<\/p>\n<p>\u00bfPreguntas? Correo electr\u00f3nico <a href=\"mailto:volunteer@arlingtonurbanag.org\">voluntario@arlingtonurbanag.org<\/a><\/p>\n<p><iframe style=\"height: 400px; width: 100%;\" src=\"https:\/\/www.volgistics.com\/vicnet\/554843\"><\/iframe><\/p>","protected":false},"excerpt":{"rendered":"<p>Ingrese su contrase\u00f1a y haga clic en &quot;Iniciar sesi\u00f3n&quot;. Puede ver el calendario de oportunidades de voluntariado, registrarse para ser voluntario o editar su perfil. Es posible que tengas que desplazarte por la ventana de tu navegador y por el marco morado. Si recibi\u00f3 un correo electr\u00f3nico de FOUA pero nunca inici\u00f3 sesi\u00f3n, \u00a1todav\u00eda tiene un perfil! Justo \u2026 <\/p>\n<p class=\"read-more-container\"><a title=\"Inicio de sesi\u00f3n para voluntarios\" class=\"read-more button\" href=\"https:\/\/arlingtonurbanag.org\/es\/volunteer-login\/#more-1472\" aria-label=\"Leer m\u00e1s sobre Ingreso Voluntario\">Lee mas<\/a><\/p>","protected":false},"author":2,"featured_media":0,"parent":0,"menu_order":0,"comment_status":"closed","ping_status":"closed","template":"","meta":{"footnotes":""},"class_list":{"0":"post-1472","1":"page","2":"type-page","3":"status-publish","5":"infinite-scroll-item"},"featured_image_src":null,"_links":{"self":[{"href":"https:\/\/arlingtonurbanag.org\/es\/wp-json\/wp\/v2\/pages\/1472","targetHints":{"allow":["GET"]}}],"collection":[{"href":"https:\/\/arlingtonurbanag.org\/es\/wp-json\/wp\/v2\/pages"}],"about":[{"href":"https:\/\/arlingtonurbanag.org\/es\/wp-json\/wp\/v2\/types\/page"}],"author":[{"embeddable":true,"href":"https:\/\/arlingtonurbanag.org\/es\/wp-json\/wp\/v2\/users\/2"}],"replies":[{"embeddable":true,"href":"https:\/\/arlingtonurbanag.org\/es\/wp-json\/wp\/v2\/comments?post=1472"}],"version-history":[{"count":26,"href":"https:\/\/arlingtonurbanag.org\/es\/wp-json\/wp\/v2\/pages\/1472\/revisions"}],"predecessor-version":[{"id":3705,"href":"https:\/\/arlingtonurbanag.org\/es\/wp-json\/wp\/v2\/pages\/1472\/revisions\/3705"}],"wp:attachment":[{"href":"https:\/\/arlingtonurbanag.org\/es\/wp-json\/wp\/v2\/media?parent=1472"}],"curies":[{"name":"wp","href":"https:\/\/api.w.org\/{rel}","templated":true}]}}