{"id":2761,"date":"2024-10-22T15:53:52","date_gmt":"2024-10-22T20:53:52","guid":{"rendered":"https:\/\/arlingtonurbanag.org\/?page_id=2761"},"modified":"2025-04-30T10:22:57","modified_gmt":"2025-04-30T15:22:57","slug":"arlington-acre-using-cover-crops-to-build-community","status":"publish","type":"page","link":"https:\/\/arlingtonurbanag.org\/es\/arlington-acre-using-cover-crops-to-build-community\/","title":{"rendered":"Arlington Acre \u2013 Uso de cultivos de cobertura para construir una comunidad"},"content":{"rendered":"<div class=\"wp-block-image\">\n<figure class=\"aligncenter\"><img loading=\"lazy\" decoding=\"async\" width=\"300\" height=\"273\" src=\"https:\/\/arlingtonurbanag.org\/wp-content\/uploads\/2024\/10\/Arlington-ACRE-logo-300x273.png\" alt=\"\" class=\"wp-image-2757\" srcset=\"https:\/\/arlingtonurbanag.org\/wp-content\/uploads\/2024\/10\/Arlington-ACRE-logo-300x273.png 300w, https:\/\/arlingtonurbanag.org\/wp-content\/uploads\/2024\/10\/Arlington-ACRE-logo-13x12.png 13w, https:\/\/arlingtonurbanag.org\/wp-content\/uploads\/2024\/10\/Arlington-ACRE-logo.png 431w\" sizes=\"auto, (max-width: 300px) 100vw, 300px\" \/><\/figure>\n<\/div>\n\n\n<p><\/p>\n\n\n\n<p>\u00a1Plantando un ACRE de tierra con cultivos de cobertura!<\/p>\n\n\n\n<p>Cada a\u00f1o, FOUA ofrece una mezcla de cultivos de cobertura de estaci\u00f3n c\u00e1lida y fr\u00eda a los jardineros de Arlington como parte de un proyecto para cubrir un ACRE de tierra en Arlington utilizando pr\u00e1cticas regenerativas cooperativas. A trav\u00e9s de una red descentralizada de jardines personales, comunitarios y de Plot Against Hunger, FOUA proporciona medios para que los vecinos nutran y revitalicen colectivamente m\u00e1s de un acre de tierra.<\/p>\n\n\n\n<p>Obtenga m\u00e1s informaci\u00f3n sobre los beneficios de cubrir su suelo con cultivos en estos art\u00edculos en&nbsp;<a href=\"https:\/\/mgnv.org\/?s=cover+crop\" target=\"_blank\" rel=\"noopener\" data-saferedirecturl=\"https:\/\/www.google.com\/url?q=https:\/\/mgnv.org\/?s%3Dcover%2Bcrop&amp;source=gmail&amp;ust=1729715662304000&amp;usg=AOvVaw0lJdv7tBTYGkXBAF_Ej7bP\">www.MGNV.org<\/a><\/p>\n\n\n\n<p>Consejos para la plantaci\u00f3n de oto\u00f1o:<\/p>\n\n\n\n<ul class=\"wp-block-list\">\n<li>El mejor momento para plantar es mediados de octubre y finales de noviembre.<\/li>\n\n\n\n<li>Use una horquilla o un rastrillo para aflojar y alisar los 5 cm (2 in) superiores.<\/li>\n\n\n\n<li>Sembrar semillas a mano sobre un \u00e1rea de aproximadamente 10\u2032 x 10\u2032<\/li>\n\n\n\n<li>Cubra ligeramente con mantillo y apisone para asegurar el contacto con el suelo.<\/li>\n\n\n\n<li>Regar profundamente y luego mantener la tierra h\u00fameda durante la pr\u00f3xima semana.<\/li>\n\n\n\n<li><strong>\u00a1Toma muchas fotograf\u00edas! Publ\u00edcalas en las redes sociales con #arlingtonacre<\/strong><\/li>\n<\/ul>\n\n\n\n<p>Consejos para la terminaci\u00f3n de primavera-<\/p>\n\n\n\n<ul class=\"wp-block-list\">\n<li>Las plantas se pueden arrancar con la mano cuando a\u00fan son peque\u00f1as, a principios de la primavera.<\/li>\n\n\n\n<li>Es mejor evitar alterar el suelo y dejar las ra\u00edces en su lugar.<\/li>\n\n\n\n<li>Espere hasta finales de primavera o despu\u00e9s de que comience la floraci\u00f3n.<\/li>\n\n\n\n<li>Utilice una cortadora de hilo o un cuchillo para cortar hasta el nivel de la tierra.<\/li>\n\n\n\n<li>No deje ninguna parte de la planta por encima del nivel del suelo.<\/li>\n\n\n\n<li>Rastrille uniformemente el mantillo verde sobre el \u00e1rea despejada.<\/li>\n\n\n\n<li>Cubrir con otra capa profunda de mantillo de hojas marrones o paja.<\/li>\n<\/ul>\n\n\n\n<p>&nbsp;<\/p>\n\n\n<div class=\"wp-block-image\">\n<figure class=\"aligncenter\"><img loading=\"lazy\" decoding=\"async\" width=\"1000\" height=\"684\" src=\"https:\/\/arlingtonurbanag.org\/wp-content\/uploads\/2024\/10\/SeedMixPix.png\" alt=\"\" class=\"wp-image-2775\" srcset=\"https:\/\/arlingtonurbanag.org\/wp-content\/uploads\/2024\/10\/SeedMixPix.png 1000w, https:\/\/arlingtonurbanag.org\/wp-content\/uploads\/2024\/10\/SeedMixPix-300x205.png 300w, https:\/\/arlingtonurbanag.org\/wp-content\/uploads\/2024\/10\/SeedMixPix-768x525.png 768w, https:\/\/arlingtonurbanag.org\/wp-content\/uploads\/2024\/10\/SeedMixPix-18x12.png 18w\" sizes=\"auto, (max-width: 1000px) 100vw, 1000px\" \/><\/figure>\n<\/div>\n\n\n<p><\/p>\n\n\n\n<p>&nbsp;<\/p>\n\n\n<div class=\"wp-block-image\">\n<figure class=\"aligncenter\"><img loading=\"lazy\" decoding=\"async\" width=\"1110\" height=\"300\" src=\"https:\/\/arlingtonurbanag.org\/wp-content\/uploads\/2024\/10\/Soil_Banner.png\" alt=\"\" class=\"wp-image-2772\" srcset=\"https:\/\/arlingtonurbanag.org\/wp-content\/uploads\/2024\/10\/Soil_Banner.png 1110w, https:\/\/arlingtonurbanag.org\/wp-content\/uploads\/2024\/10\/Soil_Banner-300x81.png 300w, https:\/\/arlingtonurbanag.org\/wp-content\/uploads\/2024\/10\/Soil_Banner-1024x277.png 1024w, https:\/\/arlingtonurbanag.org\/wp-content\/uploads\/2024\/10\/Soil_Banner-768x208.png 768w, https:\/\/arlingtonurbanag.org\/wp-content\/uploads\/2024\/10\/Soil_Banner-18x5.png 18w\" sizes=\"auto, (max-width: 1110px) 100vw, 1110px\" \/><\/figure>\n<\/div>\n\n\n<p><\/p>\n\n\n\n<div>\n<div id=\"m_-2867041201128055519pl-2755\">\n<div id=\"m_-2867041201128055519pg-2755-0\">\n<div id=\"m_-2867041201128055519pgc-2755-0-0\">\n<div id=\"m_-2867041201128055519panel-2755-0-0-0\">\n<div class=\"yj6qo\">&nbsp;<\/div>\n<div class=\"adL\">&nbsp;<\/div>\n<\/div>\n<\/div>\n<\/div>\n<\/div>\n<\/div>\n\n\n\n<div class=\"adL\">\n<div>&nbsp;<\/div>\n<\/div>","protected":false},"excerpt":{"rendered":"<p>\u00a1Plantando un ACRE de tierra con cultivos de cobertura! Cada a\u00f1o, FOUA ofrece una mezcla de cultivos de cobertura de estaci\u00f3n c\u00e1lida y fr\u00eda a los jardineros de Arlington como parte de un proyecto para cubrir un ACRE de tierra en Arlington utilizando pr\u00e1cticas regenerativas cooperativas. A trav\u00e9s de una red descentralizada de jardines personales, comunitarios y Plot Against Hunger, FOUA proporciona medios para que los vecinos... <\/p>\n<p class=\"read-more-container\"><a title=\"Arlington Acre \u2013 Uso de cultivos de cobertura para construir una comunidad\" class=\"read-more button\" href=\"https:\/\/arlingtonurbanag.org\/es\/arlington-acre-using-cover-crops-to-build-community\/#more-2761\" aria-label=\"Leer m\u00e1s sobre Arlington Acre \u2013 Uso de cultivos de cobertura para construir una comunidad\">Lee mas<\/a><\/p>","protected":false},"author":3,"featured_media":0,"parent":0,"menu_order":1,"comment_status":"closed","ping_status":"closed","template":"","meta":{"footnotes":""},"class_list":{"0":"post-2761","1":"page","2":"type-page","3":"status-publish","5":"infinite-scroll-item"},"featured_image_src":null,"_links":{"self":[{"href":"https:\/\/arlingtonurbanag.org\/es\/wp-json\/wp\/v2\/pages\/2761","targetHints":{"allow":["GET"]}}],"collection":[{"href":"https:\/\/arlingtonurbanag.org\/es\/wp-json\/wp\/v2\/pages"}],"about":[{"href":"https:\/\/arlingtonurbanag.org\/es\/wp-json\/wp\/v2\/types\/page"}],"author":[{"embeddable":true,"href":"https:\/\/arlingtonurbanag.org\/es\/wp-json\/wp\/v2\/users\/3"}],"replies":[{"embeddable":true,"href":"https:\/\/arlingtonurbanag.org\/es\/wp-json\/wp\/v2\/comments?post=2761"}],"version-history":[{"count":9,"href":"https:\/\/arlingtonurbanag.org\/es\/wp-json\/wp\/v2\/pages\/2761\/revisions"}],"predecessor-version":[{"id":3120,"href":"https:\/\/arlingtonurbanag.org\/es\/wp-json\/wp\/v2\/pages\/2761\/revisions\/3120"}],"wp:attachment":[{"href":"https:\/\/arlingtonurbanag.org\/es\/wp-json\/wp\/v2\/media?parent=2761"}],"curies":[{"name":"wp","href":"https:\/\/api.w.org\/{rel}","templated":true}]}}