{"id":2820,"date":"2024-12-28T15:10:41","date_gmt":"2024-12-28T20:10:41","guid":{"rendered":"https:\/\/arlingtonurbanag.org\/?page_id=2820"},"modified":"2025-12-16T11:10:09","modified_gmt":"2025-12-16T16:10:09","slug":"fouas-golden-radish-award","status":"publish","type":"page","link":"https:\/\/arlingtonurbanag.org\/es\/fouas-golden-radish-award\/","title":{"rendered":"Premio R\u00e1bano Dorado de FOUA"},"content":{"rendered":"<p>Cada a\u00f1o, FOUA otorga el premio Golden Radish para reconocer a un grupo o individuo que representa la misi\u00f3n de la organizaci\u00f3n. Desde jardineros comunitarios hasta educadores y equipos de jardiner\u00eda, cada a\u00f1o la junta directiva elige solo a uno de nuestros muchos vecinos que merecen reconocimiento. Estamos agradecidos por la comunidad que se ha unido para alimentar a nuestros vecinos necesitados, ense\u00f1ar a otros la alegr\u00eda de la jardiner\u00eda y defender un Arlington m\u00e1s sustentable.<\/p>\n\n\n\n<p class=\"has-text-align-center\"><strong>\ud83c\udfc6 2025 Golden Radish recipient \ud83c\udfc6<\/strong><\/p>\n\n\n\n<p class=\"has-text-align-center\"><a href=\"https:\/\/arlingtonurbanag.org\/es\/area-2-farms-selected-as-winner-of-the-2025-foua-golden-radish-award\/\" target=\"_blank\" data-type=\"post\" data-id=\"3645\" rel=\"noreferrer noopener\">Zona 2 Granjas<\/a> &#8211; Community partner &amp; leader in sustainable indoor farming in Arlington<\/p>\n\n\n\n<p class=\"has-text-align-center\"><strong>\ud83c\udfc6 Ganadores de premios anteriores \ud83c\udfc6<\/strong><\/p>\n\n\n\n<p class=\"has-text-align-center\">2024 &#8211; <strong>David Sachs<\/strong>**^ \u2013 Grapewood Farm, entusiasta de la tierra y l\u00edder de jardiner\u00eda de Arlington. Ex miembro de la junta directiva de FOUA y nuevamente miembro de la junta directiva de FOUA<\/p>\n\n\n\n<p class=\"has-text-align-center\">2023 &#8211; <strong>Audrey Morris<\/strong>* \u2013 Coordinador del jard\u00edn de la Primera Iglesia Presbiteriana, Comit\u00e9 Plot Against Hunger y ex miembro de la Junta FOUA<\/p>\n\n\n\n<p class=\"has-text-align-center\">2022 &#8211; <strong>sue howell<\/strong> \u2013 Jardinero extraordinario de Arlington y participante de Plot Against Hunger<\/p>\n\n\n\n<p class=\"has-text-align-center\">2021 &#8211; <strong>Dave Smith y el jard\u00edn de St. Andrews<\/strong> \u2013 Un equipo de jardiner\u00eda incre\u00edble que produce miles de libras de productos al a\u00f1o.<\/p>\n\n\n\n<p class=\"has-text-align-center\">2020 &#8211; <strong>Becky Halbe** y el centro de recolecci\u00f3n de basura de la iglesia Rock Spring<\/strong> \u2013 Un equipo incre\u00edble que re\u00fane y distribuye productos Arlington reci\u00e9n cultivados<\/p>\n\n\n\n<p class=\"has-text-align-center\">2019 &#8211; <strong>kirsten conrado<\/strong>* \u2013 Agente de extensi\u00f3n de VCE, agricultura y recursos naturales, actual miembro de la junta directiva de FOUA, maestro de jardiner\u00eda para siempre<\/p>\n\n\n\n<p class=\"has-text-align-center\">2018 &#8211; <strong>puwen lee<\/strong> \u2013 Fundador de Plot Against Hunger, organizador del comit\u00e9 de la trama y l\u00edder intr\u00e9pido del equipo de recolecci\u00f3n<\/p>\n\n\n\n<p>&nbsp;<\/p>\n\n\n\n<p>&nbsp;<\/p>\n\n\n\n<p>* = ex miembro de la Junta Directiva de FOUA<br>** = actual miembro de la Junta Directiva de FOUA<br>**^ = Ex miembro y actual miembro de la Junta Directiva de FOUA<\/p>","protected":false},"excerpt":{"rendered":"<p>Each year, FOUA awards the Golden Radish award to recognize a group or individual who represents the organization&#8217;s mission. From community gardeners to educators to garden teams, each year the board of directors chooses just one of many of our neighbors who deserve recognition. We are grateful for the community that has come together to &#8230; <\/p>\n<p class=\"read-more-container\"><a title=\"Premio R\u00e1bano Dorado de FOUA\" class=\"read-more button\" href=\"https:\/\/arlingtonurbanag.org\/es\/fouas-golden-radish-award\/#more-2820\" aria-label=\"Leer m\u00e1s sobre FOUA&#8217;s Golden Radish Award\">Lee mas<\/a><\/p>","protected":false},"author":3,"featured_media":1250,"parent":0,"menu_order":0,"comment_status":"closed","ping_status":"closed","template":"","meta":{"footnotes":""},"class_list":{"0":"post-2820","1":"page","2":"type-page","3":"status-publish","4":"has-post-thumbnail","6":"infinite-scroll-item"},"featured_image_src":"https:\/\/arlingtonurbanag.org\/wp-content\/uploads\/2021\/12\/Golden-Radish-cropped.jpeg","_links":{"self":[{"href":"https:\/\/arlingtonurbanag.org\/es\/wp-json\/wp\/v2\/pages\/2820","targetHints":{"allow":["GET"]}}],"collection":[{"href":"https:\/\/arlingtonurbanag.org\/es\/wp-json\/wp\/v2\/pages"}],"about":[{"href":"https:\/\/arlingtonurbanag.org\/es\/wp-json\/wp\/v2\/types\/page"}],"author":[{"embeddable":true,"href":"https:\/\/arlingtonurbanag.org\/es\/wp-json\/wp\/v2\/users\/3"}],"replies":[{"embeddable":true,"href":"https:\/\/arlingtonurbanag.org\/es\/wp-json\/wp\/v2\/comments?post=2820"}],"version-history":[{"count":7,"href":"https:\/\/arlingtonurbanag.org\/es\/wp-json\/wp\/v2\/pages\/2820\/revisions"}],"predecessor-version":[{"id":3649,"href":"https:\/\/arlingtonurbanag.org\/es\/wp-json\/wp\/v2\/pages\/2820\/revisions\/3649"}],"wp:featuredmedia":[{"embeddable":true,"href":"https:\/\/arlingtonurbanag.org\/es\/wp-json\/wp\/v2\/media\/1250"}],"wp:attachment":[{"href":"https:\/\/arlingtonurbanag.org\/es\/wp-json\/wp\/v2\/media?parent=2820"}],"curies":[{"name":"wp","href":"https:\/\/api.w.org\/{rel}","templated":true}]}}