{"id":3012,"date":"2025-04-29T13:03:52","date_gmt":"2025-04-29T18:03:52","guid":{"rendered":"https:\/\/arlingtonurbanag.org\/?page_id=3012"},"modified":"2025-04-29T13:24:08","modified_gmt":"2025-04-29T18:24:08","slug":"how-to-garden","status":"publish","type":"page","link":"https:\/\/arlingtonurbanag.org\/es\/how-to-garden\/","title":{"rendered":"C\u00f3mo hacer jardiner\u00eda"},"content":{"rendered":"<p>Visitar&nbsp;<a href=\"https:\/\/www.youtube.com\/channel\/UCWLuAJU2mtt4qF6UusQqT9g\" target=\"_blank\" rel=\"noreferrer noopener\">nuestro canal de youtube<\/a>&nbsp;para m\u00e1s v\u00eddeos. Nuestros videos &quot;C\u00f3mo cultivar un huerto&quot; fueron producidos por Emily Landsman (a menos que se indique lo contrario).<\/p>\n\n\n\n<div class=\"gb-element-cbd5878c\">\n<div class=\"gb-element-2486824a\">\n<figure class=\"wp-block-embed is-type-video is-provider-youtube wp-block-embed-youtube wp-embed-aspect-16-9 wp-has-aspect-ratio\"><div class=\"wp-block-embed__wrapper\">\n<iframe loading=\"lazy\" title=\"How to Read a Seed Packet\" width=\"1200\" height=\"675\" src=\"https:\/\/www.youtube.com\/embed\/7E-q27UJHyE?feature=oembed\" frameborder=\"0\" allow=\"accelerometer; autoplay; clipboard-write; encrypted-media; gyroscope; picture-in-picture; web-share\" referrerpolicy=\"strict-origin-when-cross-origin\" allowfullscreen><\/iframe>\n<\/div><\/figure>\n\n\n\n<p><\/p>\n\n\n\n<figure class=\"wp-block-embed is-type-video is-provider-youtube wp-block-embed-youtube wp-embed-aspect-16-9 wp-has-aspect-ratio room\"><div class=\"wp-block-embed__wrapper\">\n<iframe loading=\"lazy\" title=\"Our Favorite Tools!\" width=\"1200\" height=\"675\" src=\"https:\/\/www.youtube.com\/embed\/uYibFewW_bo?feature=oembed\" frameborder=\"0\" allow=\"accelerometer; autoplay; clipboard-write; encrypted-media; gyroscope; picture-in-picture; web-share\" referrerpolicy=\"strict-origin-when-cross-origin\" allowfullscreen><\/iframe>\n<\/div><\/figure>\n\n\n\n<p><\/p>\n\n\n\n<figure class=\"wp-block-embed is-type-video is-provider-youtube wp-block-embed-youtube wp-embed-aspect-16-9 wp-has-aspect-ratio\"><div class=\"wp-block-embed__wrapper\">\n<iframe loading=\"lazy\" title=\"Filling soil around growing potato plants\" width=\"1200\" height=\"675\" src=\"https:\/\/www.youtube.com\/embed\/5lfixxTq7Rs?feature=oembed\" frameborder=\"0\" allow=\"accelerometer; autoplay; clipboard-write; encrypted-media; gyroscope; picture-in-picture; web-share\" referrerpolicy=\"strict-origin-when-cross-origin\" allowfullscreen><\/iframe>\n<\/div><\/figure>\n\n\n\n<p><\/p>\n<\/div>\n\n\n\n<div>\n<figure class=\"wp-block-embed is-type-video is-provider-youtube wp-block-embed-youtube wp-embed-aspect-16-9 wp-has-aspect-ratio\"><div class=\"wp-block-embed__wrapper\">\n<iframe loading=\"lazy\" title=\"How &amp; Why to Test Your Garden Soil\" width=\"1200\" height=\"675\" src=\"https:\/\/www.youtube.com\/embed\/gG9GPAJCJO4?feature=oembed\" frameborder=\"0\" allow=\"accelerometer; autoplay; clipboard-write; encrypted-media; gyroscope; picture-in-picture; web-share\" referrerpolicy=\"strict-origin-when-cross-origin\" allowfullscreen><\/iframe>\n<\/div><\/figure>\n\n\n\n<p><\/p>\n\n\n\n<figure class=\"wp-block-embed is-type-video is-provider-youtube wp-block-embed-youtube wp-embed-aspect-16-9 wp-has-aspect-ratio\"><div class=\"wp-block-embed__wrapper\">\n<iframe loading=\"lazy\" title=\"Growing Potatoes in Buckets\" width=\"1200\" height=\"675\" src=\"https:\/\/www.youtube.com\/embed\/LJPZgui66e4?feature=oembed\" frameborder=\"0\" allow=\"accelerometer; autoplay; clipboard-write; encrypted-media; gyroscope; picture-in-picture; web-share\" referrerpolicy=\"strict-origin-when-cross-origin\" allowfullscreen><\/iframe>\n<\/div><\/figure>\n\n\n\n<p><\/p>\n<\/div>\n<\/div>\n\n\n\n<p><\/p>","protected":false},"excerpt":{"rendered":"<p>Visit&nbsp;our YouTube channel&nbsp;for more videos. Our \u201cHow to Garden\u201d videos were produced by Emily Landsman (unless otherwise noted).<\/p>","protected":false},"author":1,"featured_media":0,"parent":0,"menu_order":0,"comment_status":"closed","ping_status":"closed","template":"","meta":{"footnotes":""},"class_list":{"0":"post-3012","1":"page","2":"type-page","3":"status-publish","5":"infinite-scroll-item"},"featured_image_src":null,"_links":{"self":[{"href":"https:\/\/arlingtonurbanag.org\/es\/wp-json\/wp\/v2\/pages\/3012","targetHints":{"allow":["GET"]}}],"collection":[{"href":"https:\/\/arlingtonurbanag.org\/es\/wp-json\/wp\/v2\/pages"}],"about":[{"href":"https:\/\/arlingtonurbanag.org\/es\/wp-json\/wp\/v2\/types\/page"}],"author":[{"embeddable":true,"href":"https:\/\/arlingtonurbanag.org\/es\/wp-json\/wp\/v2\/users\/1"}],"replies":[{"embeddable":true,"href":"https:\/\/arlingtonurbanag.org\/es\/wp-json\/wp\/v2\/comments?post=3012"}],"version-history":[{"count":10,"href":"https:\/\/arlingtonurbanag.org\/es\/wp-json\/wp\/v2\/pages\/3012\/revisions"}],"predecessor-version":[{"id":3029,"href":"https:\/\/arlingtonurbanag.org\/es\/wp-json\/wp\/v2\/pages\/3012\/revisions\/3029"}],"wp:attachment":[{"href":"https:\/\/arlingtonurbanag.org\/es\/wp-json\/wp\/v2\/media?parent=3012"}],"curies":[{"name":"wp","href":"https:\/\/api.w.org\/{rel}","templated":true}]}}