{"id":3030,"date":"2025-04-30T14:22:25","date_gmt":"2025-04-30T19:22:25","guid":{"rendered":"https:\/\/arlingtonurbanag.org\/?page_id=3030"},"modified":"2025-05-01T13:40:14","modified_gmt":"2025-05-01T18:40:14","slug":"resources","status":"publish","type":"page","link":"https:\/\/arlingtonurbanag.org\/es\/resources\/","title":{"rendered":"Recursos"},"content":{"rendered":"<div class=\"gb-element-520552f1\">\n<div>\n<p><a href=\"https:\/\/arlingtonva.s3.dualstack.us-east-1.amazonaws.com\/wp-content\/uploads\/sites\/21\/2014\/05\/UATF_Recommendations_for_a_Food_Action_-Plan-2.pdf\" target=\"_blank\" rel=\"noreferrer noopener\"><strong>Arlington Recomendaciones del condado para un plan de acci\u00f3n alimentaria<\/strong><\/a>&nbsp;&#8211; from the Urban Agriculture Task Force Report to the Arlington County Board<\/p>\n\n\n\n<p><strong>Programa de Agricultura Urbana, Arlington Departamento de Parques y Recreaci\u00f3n del Condado<\/strong><br><a href=\"https:\/\/www.arlingtonva.us\/Government\/Topics\/Urban-Agriculture\" target=\"_blank\" rel=\"noreferrer noopener\">https:\/\/www.arlingtonva.us\/Government\/Topics\/Urban-Agriculture<\/a><\/p>\n\n\n\n<p><strong>Mi\u00e9rcoles Garden Talks en Arlington Central Library, 7 pm, de mediados de marzo a mediados de octubre<\/strong><br><a href=\"http:\/\/arlingtonva.libcal.com\/event\/2369416\" target=\"_blank\" rel=\"noreferrer noopener\">http:\/\/arlingtonva.libcal.com\/event\/2369416<\/a><\/p>\n\n\n\n<p><strong>Biblioteca de pr\u00e9stamo de herramientas de jard\u00edn en la biblioteca central Arlington<\/strong><br>Horario (mi\u00e9rcoles de 5 a 7 p. m., viernes de 3 a 5 p. m., s\u00e1bados de 10 al mediod\u00eda), herramientas disponibles\/para donar, c\u00f3mo pedir prestado<br><a href=\"http:\/\/library.arlingtonva.us\/a-z-list\/the-shed\" target=\"_blank\" rel=\"noreferrer noopener\">http:\/\/library.arlingtonva.us\/a-z-list\/the-shed<\/a><\/p>\n\n\n\n<p><strong>Cl\u00ednica de plantas ambulatoria Master Gardeners en la biblioteca central Arlington<\/strong><br>mi\u00e9rcoles, de 6:45 a 8:45 p. m., en el primer piso cerca del mostrador de bienvenida<br><a href=\"http:\/\/arlingtonva.libcal.com\/event\/2366929\" target=\"_blank\" rel=\"noreferrer noopener\">http:\/\/arlingtonva.libcal.com\/event\/2366929<\/a><\/p>\n\n\n\n<p><strong>Maestros Jardineros del Norte Virginia Clases y Seminarios<\/strong><br><a href=\"https:\/\/mgnv.org\/\" target=\"_blank\" rel=\"noreferrer noopener\">https:\/\/mgnv.org\/<\/a><\/p>\n\n\n\n<p><strong>Virginia Cooperative Extension &#8211; Arlington Office<\/strong><br><a href=\"https:\/\/arlington.ext.vt.edu\/\" target=\"_blank\" rel=\"noreferrer noopener\">https:\/\/arlington.ext.vt.edu\/<\/a><\/p>\n\n\n\n<p><strong>Voluntarios Maestros de Alimentos<\/strong><br><a href=\"https:\/\/fairfax.ext.vt.edu\/programs\/FoodNutritionHealth.html\" target=\"_blank\" rel=\"noreferrer noopener\">https:\/\/fairfax.ext.vt.edu\/programs\/FoodNutritionHealth.html<\/a><\/p>\n<\/div>\n\n\n\n<div>\n<p><strong>Arlington&#8217;s Farmers Markets<\/strong><br><a href=\"https:\/\/topics.arlingtonva.us\/farmers-markets\/\" target=\"_blank\" rel=\"noreferrer noopener\">https:\/\/topics.arlingtonva.us\/farmers-markets\/<\/a><\/p>\n\n\n\n<p><strong>Jardines Comunitarios:&nbsp;<a href=\"https:\/\/environment.arlingtonva.us\/gardens\/community-gardens\/\" target=\"_blank\" rel=\"noreferrer noopener\">Arlington<\/a>&nbsp;&amp;&nbsp;<a href=\"https:\/\/www.alexandriava.gov\/CommunityGardens\" target=\"_blank\" rel=\"noreferrer noopener\">Alejandr\u00eda<\/a><\/strong><\/p>\n\n\n\n<p><strong>NOVA exterior<\/strong>&nbsp;&#8211; An alliance of environmental educators who connect and teach people of all ages about their natural environment.&nbsp;<a href=\"https:\/\/www.novaoutside.org\/\" target=\"_blank\" rel=\"noreferrer noopener\">https:\/\/www.novaoutside.org\/<\/a><\/p>\n\n\n\n<p><strong>Proyecto piloto de compostaje de restos de comida<\/strong><br>El condado de Arlington inici\u00f3 recientemente un programa piloto en el que los residentes del condado pueden dejar sus restos de comida entre semana entre las 7:30 a. m. y las 3 p. m. en Earth Products Recycling Yard cerca de Shirlington, 4300 S. 29th St.<\/p>\n\n\n\n<p><a href=\"https:\/\/urbanpermaculture.tiddlyhost.com\/\" target=\"_blank\" rel=\"noreferrer noopener\"><strong>Centro de recursos de permacultura urbana<\/strong><\/a>&nbsp;presentado por B\u00e1rbara Fillip<\/p>\n\n\n\n<p><strong>VDACS<\/strong>&nbsp;&#8211; database on farmers markets, CSAs, Virginia Grown&nbsp;<a href=\"https:\/\/www.vdacs.virginia.gov\/vagrown\/\" target=\"_blank\" rel=\"noreferrer noopener\">https:\/\/www.vdacs.virginia.gov\/vagrown\/<\/a><\/p>\n\n\n\n<p><strong>Sustainable NOVA&nbsp;&#8211;<\/strong>&nbsp;Si est\u00e1 buscando comida local, carne de res alimentada con pasto criada humanamente, aves y huevos de pastoreo, mercados de agricultores, c\u00f3mo cultivar sus propios vegetales org\u00e1nicos, restaurantes de la granja a la mesa o eventos ecol\u00f3gicos en Northern Virginia, Sustainable NoVA lo ayuda \u00a1Encu\u00e9ntralo!<a href=\"http:\/\/sustainablenova.com\/\" target=\"_blank\" rel=\"noreferrer noopener\">&nbsp;http:\/\/sustainablenova.com<\/a><\/p>\n<\/div>\n<\/div>\n\n\n\n<h2 class=\"gb-text gb-text-ce9ab7e3\">Recursos<\/h2>\n\n\n\n<div><div class=\"gb-looper-64b63213\">\n<div class=\"gb-loop-item gb-loop-item-f1790f74 post-3908 post type-post status-publish format-standard has-post-thumbnail hentry category-events category-plot-against-hunger category-project-hug category-take-action tag-events tag-gardens tag-plot-against-hunger tag-saturdays-in-the-garden tag-volunteer tag-volunteering infinite-scroll-item\">\n<img loading=\"lazy\" decoding=\"async\" width=\"1080\" height=\"1080\" data-media-id=\"3910\" class=\"gb-media-fe3f001e\" src=\"https:\/\/arlingtonurbanag.org\/wp-content\/uploads\/2026\/04\/Saturdays-in-the-Garden-2026-social.png\" alt=\"Saturdays in the Garden 2026\" srcset=\"https:\/\/arlingtonurbanag.org\/wp-content\/uploads\/2026\/04\/Saturdays-in-the-Garden-2026-social.png 1080w, https:\/\/arlingtonurbanag.org\/wp-content\/uploads\/2026\/04\/Saturdays-in-the-Garden-2026-social-300x300.png 300w, https:\/\/arlingtonurbanag.org\/wp-content\/uploads\/2026\/04\/Saturdays-in-the-Garden-2026-social-1024x1024.png 1024w, https:\/\/arlingtonurbanag.org\/wp-content\/uploads\/2026\/04\/Saturdays-in-the-Garden-2026-social-150x150.png 150w, https:\/\/arlingtonurbanag.org\/wp-content\/uploads\/2026\/04\/Saturdays-in-the-Garden-2026-social-768x768.png 768w, https:\/\/arlingtonurbanag.org\/wp-content\/uploads\/2026\/04\/Saturdays-in-the-Garden-2026-social-12x12.png 12w\" sizes=\"auto, (max-width: 1080px) 100vw, 1080px\" \/>\n\n\n\n<h2 class=\"gb-text gb-text-56a7e729\"><a href=\"https:\/\/arlingtonurbanag.org\/es\/saturdays-in-the-garden-2026\/\">Saturdays in the Garden 2026<\/a><\/h2>\n\n\n\n<p class=\"gb-text gb-text-89edc84b\">abril 15, 2026<\/p>\n\n\n\n<p class=\"gb-text\">Spring Saturday Work Parties &nbsp; Enjoy a Saturday morning working in a Plot Against Hunger Garden! Times: 9 -11 am. Space will be limited to 20 volunteers at each garden, except as noted. Register &#8230; <p class=\"read-more-container\"><a title=\"Saturdays in the Garden 2026\" class=\"read-more button\" href=\"https:\/\/arlingtonurbanag.org\/es\/saturdays-in-the-garden-2026\/#more-3908\" aria-label=\"Leer m\u00e1s sobre Saturdays in the Garden 2026\">Lee mas<\/a><\/p><\/p>\n<\/div>\n\n<div class=\"gb-loop-item gb-loop-item-f1790f74 post-3761 post type-post status-publish format-standard has-post-thumbnail hentry category-garden-talks category-events category-resources tag-education tag-events tag-garden-talks infinite-scroll-item\">\n<img loading=\"lazy\" decoding=\"async\" width=\"1080\" height=\"1080\" data-media-id=\"3914\" class=\"gb-media-fe3f001e\" src=\"https:\/\/arlingtonurbanag.org\/wp-content\/uploads\/2026\/02\/GT-26-May-June.png\" alt=\"2026 Garden Talks\" srcset=\"https:\/\/arlingtonurbanag.org\/wp-content\/uploads\/2026\/02\/GT-26-May-June.png 1080w, https:\/\/arlingtonurbanag.org\/wp-content\/uploads\/2026\/02\/GT-26-May-June-300x300.png 300w, https:\/\/arlingtonurbanag.org\/wp-content\/uploads\/2026\/02\/GT-26-May-June-1024x1024.png 1024w, https:\/\/arlingtonurbanag.org\/wp-content\/uploads\/2026\/02\/GT-26-May-June-150x150.png 150w, https:\/\/arlingtonurbanag.org\/wp-content\/uploads\/2026\/02\/GT-26-May-June-768x768.png 768w, https:\/\/arlingtonurbanag.org\/wp-content\/uploads\/2026\/02\/GT-26-May-June-12x12.png 12w\" sizes=\"auto, (max-width: 1080px) 100vw, 1080px\" \/>\n\n\n\n<h2 class=\"gb-text gb-text-56a7e729\"><a href=\"https:\/\/arlingtonurbanag.org\/es\/2026-garden-talks\/\">2026 Garden Talks<\/a><\/h2>\n\n\n\n<p class=\"gb-text gb-text-89edc84b\">febrero 19, 2026<\/p>\n\n\n\n<p class=\"gb-text\">Join us for Garden Talks in 2026 Arlington Central Library &#8211; 1015 N Quincy StreetSponsored by Friends of Urban Agriculture and Extension Master GardenersFree! No registration required. March &#8211; October 6:30 pm &#8211; 7:30 &#8230; <p class=\"read-more-container\"><a title=\"2026 Garden Talks\" class=\"read-more button\" href=\"https:\/\/arlingtonurbanag.org\/es\/2026-garden-talks\/#more-3761\" aria-label=\"Leer m\u00e1s sobre 2026 Garden Talks\">Lee mas<\/a><\/p><\/p>\n<\/div>\n\n<div class=\"gb-loop-item gb-loop-item-f1790f74 post-3689 post type-post status-publish format-standard has-post-thumbnail hentry category-events category-plot-against-hunger tag-events tag-plot-against-hunger tag-spring-garden-kickoff infinite-scroll-item\">\n<img loading=\"lazy\" decoding=\"async\" width=\"1080\" height=\"1080\" data-media-id=\"3870\" class=\"gb-media-fe3f001e\" src=\"https:\/\/arlingtonurbanag.org\/wp-content\/uploads\/2026\/01\/2026-Spring-Garden-Kickoff-for-site-social.png\" alt=\"2026 Spring Garden Kickoff\" srcset=\"https:\/\/arlingtonurbanag.org\/wp-content\/uploads\/2026\/01\/2026-Spring-Garden-Kickoff-for-site-social.png 1080w, https:\/\/arlingtonurbanag.org\/wp-content\/uploads\/2026\/01\/2026-Spring-Garden-Kickoff-for-site-social-300x300.png 300w, https:\/\/arlingtonurbanag.org\/wp-content\/uploads\/2026\/01\/2026-Spring-Garden-Kickoff-for-site-social-1024x1024.png 1024w, https:\/\/arlingtonurbanag.org\/wp-content\/uploads\/2026\/01\/2026-Spring-Garden-Kickoff-for-site-social-150x150.png 150w, https:\/\/arlingtonurbanag.org\/wp-content\/uploads\/2026\/01\/2026-Spring-Garden-Kickoff-for-site-social-768x768.png 768w, https:\/\/arlingtonurbanag.org\/wp-content\/uploads\/2026\/01\/2026-Spring-Garden-Kickoff-for-site-social-12x12.png 12w\" sizes=\"auto, (max-width: 1080px) 100vw, 1080px\" \/>\n\n\n\n<h2 class=\"gb-text gb-text-56a7e729\"><a href=\"https:\/\/arlingtonurbanag.org\/es\/2026-spring-garden-kickoff\/\">2026 Spring Garden Kickoff<\/a><\/h2>\n\n\n\n<p class=\"gb-text gb-text-89edc84b\">enero 26, 2026<\/p>\n\n\n\n<p class=\"gb-text\">Update 3\/27\/26 10 pm: Registration has now closed. There will be a limited number of on-site tickets available, so if you&#8217;d like to participate, we suggest you arrive early! Mark your calendars for FOUA&#8217;s &#8230; <p class=\"read-more-container\"><a title=\"2026 Spring Garden Kickoff\" class=\"read-more button\" href=\"https:\/\/arlingtonurbanag.org\/es\/2026-spring-garden-kickoff\/#more-3689\" aria-label=\"Leer m\u00e1s sobre 2026 Spring Garden Kickoff\">Lee mas<\/a><\/p><\/p>\n<\/div>\n\n<div class=\"gb-loop-item gb-loop-item-f1790f74 post-3674 post type-post status-publish format-standard has-post-thumbnail hentry category-climate-change category-events category-take-action tag-area2 tag-events tag-movie tag-partners infinite-scroll-item\">\n<img loading=\"lazy\" decoding=\"async\" width=\"940\" height=\"788\" data-media-id=\"3680\" class=\"gb-media-fe3f001e\" src=\"https:\/\/arlingtonurbanag.org\/wp-content\/uploads\/2026\/01\/FOUA-movie-matinee-Feeding-Tomorrow-1-2026.png\" alt=\"2026 Movie Matinee \u2013 Feeding Tomorrow\" srcset=\"https:\/\/arlingtonurbanag.org\/wp-content\/uploads\/2026\/01\/FOUA-movie-matinee-Feeding-Tomorrow-1-2026.png 940w, https:\/\/arlingtonurbanag.org\/wp-content\/uploads\/2026\/01\/FOUA-movie-matinee-Feeding-Tomorrow-1-2026-300x251.png 300w, https:\/\/arlingtonurbanag.org\/wp-content\/uploads\/2026\/01\/FOUA-movie-matinee-Feeding-Tomorrow-1-2026-768x644.png 768w, https:\/\/arlingtonurbanag.org\/wp-content\/uploads\/2026\/01\/FOUA-movie-matinee-Feeding-Tomorrow-1-2026-14x12.png 14w\" sizes=\"auto, (max-width: 940px) 100vw, 940px\" \/>\n\n\n\n<h2 class=\"gb-text gb-text-56a7e729\"><a href=\"https:\/\/arlingtonurbanag.org\/es\/2026-movie-matinee-feeding-tomorrow\/\">2026 Movie Matinee &#8211; Feeding Tomorrow<\/a><\/h2>\n\n\n\n<p class=\"gb-text gb-text-89edc84b\">enero 13, 2026<\/p>\n\n\n\n<p class=\"gb-text\">We&#8217;re excited to host our first movie event of the year! Join us for an engaging film, locally made snacks, and a post-movie discussion on Saturday, January 31. Register here (external registration page) About &#8230; <p class=\"read-more-container\"><a title=\"2026 Movie Matinee &#8211; Feeding Tomorrow\" class=\"read-more button\" href=\"https:\/\/arlingtonurbanag.org\/es\/2026-movie-matinee-feeding-tomorrow\/#more-3674\" aria-label=\"Leer m\u00e1s sobre 2026 Movie Matinee &#8211; Feeding Tomorrow\">Lee mas<\/a><\/p><\/p>\n<\/div>\n\n<div class=\"gb-loop-item gb-loop-item-f1790f74 post-3645 post type-post status-publish format-standard has-post-thumbnail hentry category-press-release category-golden-radish category-urban-ag-businesses tag-community tag-golden-radish tag-news tag-partners tag-press-release infinite-scroll-item\">\n<img loading=\"lazy\" decoding=\"async\" width=\"2048\" height=\"1365\" data-media-id=\"3646\" class=\"gb-media-fe3f001e\" src=\"https:\/\/arlingtonurbanag.org\/wp-content\/uploads\/2025\/12\/foua-04.jpg\" alt=\"Area 2 Farms Selected as Winner of the 2025 FOUA Golden Radish Award\" srcset=\"https:\/\/arlingtonurbanag.org\/wp-content\/uploads\/2025\/12\/foua-04.jpg 2048w, https:\/\/arlingtonurbanag.org\/wp-content\/uploads\/2025\/12\/foua-04-300x200.jpg 300w, https:\/\/arlingtonurbanag.org\/wp-content\/uploads\/2025\/12\/foua-04-1024x683.jpg 1024w, https:\/\/arlingtonurbanag.org\/wp-content\/uploads\/2025\/12\/foua-04-768x512.jpg 768w, https:\/\/arlingtonurbanag.org\/wp-content\/uploads\/2025\/12\/foua-04-1536x1024.jpg 1536w, https:\/\/arlingtonurbanag.org\/wp-content\/uploads\/2025\/12\/foua-04-18x12.jpg 18w\" sizes=\"auto, (max-width: 2048px) 100vw, 2048px\" \/>\n\n\n\n<h2 class=\"gb-text gb-text-56a7e729\"><a href=\"https:\/\/arlingtonurbanag.org\/es\/area-2-farms-selected-as-winner-of-the-2025-foua-golden-radish-award\/\">Area 2 Farms Selected as Winner of the 2025 FOUA Golden Radish Award<\/a><\/h2>\n\n\n\n<p class=\"gb-text gb-text-89edc84b\">diciembre 16, 2025<\/p>\n\n\n\n<p class=\"gb-text\">Media Contact InformationEmily Landsman, President FOUApresident@arlingtonurbanag.orgarlingtonurbanag.org\u202f-\u202f@arlingtonfoua ARLINGTON, Va. \u2013 Friends of Urban Agriculture (FOUA) has selected Area 2 Farms as the winner of the 2025 FOUA Golden Radish Award, recognizing organizations that advance urban &#8230; <p class=\"read-more-container\"><a title=\"Area 2 Farms Selected as Winner of the 2025 FOUA Golden Radish Award\" class=\"read-more button\" href=\"https:\/\/arlingtonurbanag.org\/es\/area-2-farms-selected-as-winner-of-the-2025-foua-golden-radish-award\/#more-3645\" aria-label=\"Leer m\u00e1s sobre Area 2 Farms Selected as Winner of the 2025 FOUA Golden Radish Award\">Lee mas<\/a><\/p><\/p>\n<\/div>\n\n<div class=\"gb-loop-item gb-loop-item-f1790f74 post-3516 post type-post status-publish format-standard has-post-thumbnail hentry category-climate-change category-community-gardens category-events category-food-access category-garden-talks category-grow-your-own-food category-take-action category-urban-ag-month tag-urban-ag-month infinite-scroll-item\">\n<img loading=\"lazy\" decoding=\"async\" width=\"1200\" height=\"1200\" data-media-id=\"3520\" class=\"gb-media-fe3f001e\" src=\"https:\/\/arlingtonurbanag.org\/wp-content\/uploads\/2025\/09\/Arlington-Urban-Agriculture-Month-SQUARE-1.png\" alt=\"2025 Urban Agriculture Month\" srcset=\"https:\/\/arlingtonurbanag.org\/wp-content\/uploads\/2025\/09\/Arlington-Urban-Agriculture-Month-SQUARE-1.png 1200w, https:\/\/arlingtonurbanag.org\/wp-content\/uploads\/2025\/09\/Arlington-Urban-Agriculture-Month-SQUARE-1-300x300.png 300w, https:\/\/arlingtonurbanag.org\/wp-content\/uploads\/2025\/09\/Arlington-Urban-Agriculture-Month-SQUARE-1-1024x1024.png 1024w, https:\/\/arlingtonurbanag.org\/wp-content\/uploads\/2025\/09\/Arlington-Urban-Agriculture-Month-SQUARE-1-150x150.png 150w, https:\/\/arlingtonurbanag.org\/wp-content\/uploads\/2025\/09\/Arlington-Urban-Agriculture-Month-SQUARE-1-768x768.png 768w, https:\/\/arlingtonurbanag.org\/wp-content\/uploads\/2025\/09\/Arlington-Urban-Agriculture-Month-SQUARE-1-12x12.png 12w\" sizes=\"auto, (max-width: 1200px) 100vw, 1200px\" \/>\n\n\n\n<h2 class=\"gb-text gb-text-56a7e729\"><a href=\"https:\/\/arlingtonurbanag.org\/es\/2025-urban-agriculture-month\/\">2025 Urban Agriculture Month<\/a><\/h2>\n\n\n\n<p class=\"gb-text gb-text-89edc84b\">septiembre 8, 2025<\/p>\n\n\n\n<p class=\"gb-text\">Celebrate in October with Friends of Urban Agriculture! Read the Arlington County Board&#8217;s Urban Agriculture Month Proclamation here. You can also watch the reading at the board meeting from September 16, 2025 here (starts &#8230; <p class=\"read-more-container\"><a title=\"2025 Urban Agriculture Month\" class=\"read-more button\" href=\"https:\/\/arlingtonurbanag.org\/es\/2025-urban-agriculture-month\/#more-3516\" aria-label=\"Leer m\u00e1s sobre 2025 Urban Agriculture Month\">Lee mas<\/a><\/p><\/p>\n<\/div>\n<\/div>\n\n\n<div class=\"gb-element-1037ea86 gb-query-loop-pagination\">\n\n<nav class=\"gb-query-page-numbers-9d902129\"><span aria-current=\"page\" class=\"page-numbers current\">1<\/span>\n<a class=\"page-numbers\" href=\"?query-98b101aa-page=2\">2<\/a>\n<a class=\"page-numbers\" href=\"?query-98b101aa-page=3\">3<\/a>\n<a class=\"page-numbers\" href=\"?query-98b101aa-page=4\">4<\/a>\n<span class=\"page-numbers dots\">\u2026<\/span>\n<a class=\"page-numbers\" href=\"?query-98b101aa-page=16\">16<\/a><\/nav>\n\n<\/div>\n\n\n<\/div>","protected":false},"excerpt":{"rendered":"<p>Arlington County Recommendations for a Food Action Plan&nbsp;&#8211; from the Urban Agriculture Task Force Report to the Arlington County Board Urban Agriculture Program, Arlington County Department of Parks &amp; Recreationhttps:\/\/www.arlingtonva.us\/Government\/Topics\/Urban-Agriculture Wednesday Garden Talks at Arlington Central Library, 7 pm, mid-March \u2013 mid-Octoberhttp:\/\/arlingtonva.libcal.com\/event\/2369416 Garden Tool Lending Library at Arlington Central LibraryHours (Wed. 5-7 pm, Fri. 3-5pm, &#8230; <\/p>\n<p class=\"read-more-container\"><a title=\"Recursos\" class=\"read-more button\" href=\"https:\/\/arlingtonurbanag.org\/es\/resources\/#more-3030\" aria-label=\"Leer m\u00e1s sobre Recursos\">Lee mas<\/a><\/p>","protected":false},"author":1,"featured_media":0,"parent":0,"menu_order":0,"comment_status":"closed","ping_status":"closed","template":"","meta":{"footnotes":""},"class_list":{"0":"post-3030","1":"page","2":"type-page","3":"status-publish","5":"infinite-scroll-item"},"featured_image_src":null,"_links":{"self":[{"href":"https:\/\/arlingtonurbanag.org\/es\/wp-json\/wp\/v2\/pages\/3030","targetHints":{"allow":["GET"]}}],"collection":[{"href":"https:\/\/arlingtonurbanag.org\/es\/wp-json\/wp\/v2\/pages"}],"about":[{"href":"https:\/\/arlingtonurbanag.org\/es\/wp-json\/wp\/v2\/types\/page"}],"author":[{"embeddable":true,"href":"https:\/\/arlingtonurbanag.org\/es\/wp-json\/wp\/v2\/users\/1"}],"replies":[{"embeddable":true,"href":"https:\/\/arlingtonurbanag.org\/es\/wp-json\/wp\/v2\/comments?post=3030"}],"version-history":[{"count":6,"href":"https:\/\/arlingtonurbanag.org\/es\/wp-json\/wp\/v2\/pages\/3030\/revisions"}],"predecessor-version":[{"id":3354,"href":"https:\/\/arlingtonurbanag.org\/es\/wp-json\/wp\/v2\/pages\/3030\/revisions\/3354"}],"wp:attachment":[{"href":"https:\/\/arlingtonurbanag.org\/es\/wp-json\/wp\/v2\/media?parent=3030"}],"curies":[{"name":"wp","href":"https:\/\/api.w.org\/{rel}","templated":true}]}}