{"id":3034,"date":"2025-04-30T14:22:25","date_gmt":"2025-04-30T19:22:25","guid":{"rendered":"https:\/\/arlingtonurbanag.org\/?page_id=3034"},"modified":"2025-05-01T10:48:34","modified_gmt":"2025-05-01T15:48:34","slug":"foua-in-the-news","status":"publish","type":"page","link":"https:\/\/arlingtonurbanag.org\/es\/foua-in-the-news\/","title":{"rendered":"FOUA en las noticias"},"content":{"rendered":"<h3 class=\"wp-block-heading\">\u00a1Lea sobre Friends of Urban Agriculture en las noticias!<\/h3>\n\n\n\n<p><a href=\"https:\/\/www.wusa9.com\/article\/news\/local\/virginia\/arlington-middle-school-community-makes-learning-active-battles-food-insecurity-with-garden-virginia\/65-64a8898b-ae08-42ec-a076-30cb0a0f03c3\" target=\"_blank\" rel=\"noreferrer noopener\">La escuela secundaria Thomas Jefferson activa el aprendizaje y combate la inseguridad alimentaria con un jard\u00edn<\/a>, WUSA9, 23 de agosto de 2022<\/p>\n\n\n\n<p><a href=\"https:\/\/wtop.com\/arlington\/2021\/07\/urban-garden-in-arlington-helping-to-combat-hunger\/\" target=\"_blank\" rel=\"noreferrer noopener\">Huerto urbano en Arlington ayudando a combatir el hambre<\/a>, WTOPNoticias, 27 de julio de 2021<\/p>\n\n\n\n<p><a href=\"https:\/\/dc.citybizlist.com\/article\/630164\/national-landing-bid-extends-food-assistance-initiative-with-support-from-local-organizations-and-residents\" target=\"_blank\" rel=\"noreferrer noopener\">National Landing BID extiende la iniciativa de asistencia alimentaria con el apoyo de organizaciones locales y residentes<\/a>, CityBizList.com, 24 de septiembre de 2020<\/p>\n\n\n\n<p><a href=\"https:\/\/www.arlnow.com\/2020\/08\/12\/school-victory-gardens-used-to-grow-food-for-local-pantries\/\" target=\"_blank\" rel=\"noreferrer noopener\">Escuela Victory Gardens utilizada para cultivar alimentos para despensas locales<\/a>, Joseph Ramos,&nbsp;ArlNow.com,&nbsp;August 12, 2020<\/p>\n\n\n\n<p><a href=\"https:\/\/www.insidenova.com\/news\/education\/arlington-embarks-on-modern-take-on-wwii-victory-gardens\/article_1d1dfcb6-dd57-11ea-8ae5-8bcef36be86d.html\" target=\"_blank\" rel=\"noreferrer noopener\">Arlington se embarca en una versi\u00f3n moderna de los Jardines de la Victoria de la Segunda Guerra Mundial<\/a>,&nbsp;InsideNova.com,&nbsp;August 13, 2020<\/p>\n\n\n\n<p><a href=\"http:\/\/www.arlingtonconnection.com\/news\/2020\/jul\/08\/growing-bagging-donatingcommunity-comes-together-a\/\" target=\"_blank\" rel=\"noreferrer noopener\">Crecer, embolsar, donar: la comunidad se une en Arlington<\/a>, Shirley Ruhe, Conexi\u00f3n Arlington, 8 de julio de 2020<\/p>\n\n\n\n<p><a href=\"https:\/\/www.ballstonva.org\/2020\/05\/15\/urban-agriculture-in-arlington\/\" target=\"_blank\" rel=\"noreferrer noopener\">Agricultura Urbana en Arlington<\/a>, BallstonConnect Podcast, 15 de mayo de 2020<\/p>\n\n\n\n<p><a href=\"https:\/\/www.insidenova.com\/news\/people\/extension-official-to-be-honored-with-urban-agriculture-award\/article_f83487c0-184f-11ea-8944-676e9ecdf4b0.html\" target=\"_blank\" rel=\"noreferrer noopener\">Funcionario de extensi\u00f3n ser\u00e1 honrado con premio de agricultura urbana<\/a>, Sun Gazette News, 6 de diciembre de 2019<\/p>\n\n\n\n<p><a href=\"https:\/\/www.arlnow.com\/2019\/10\/15\/what-can-you-grow-on-a-rooftop-in-arlington\/\" target=\"_blank\" rel=\"noreferrer noopener\">Lo que puede cultivar en una azotea en Arlington<\/a>, Kalina Newman, ArlNow, 15 de octubre de 2019<\/p>\n\n\n\n<p><a href=\"https:\/\/www.arlnow.com\/2019\/09\/11\/urban-agriculture-group-seeking-farm-at-amazons-hq2\/\" target=\"_blank\" rel=\"noreferrer noopener\">Grupo de Agricultura Urbana Busca Granja en Amazon&#039;s HQ2<\/a>, Kalina Newman, ArlNow, 11 de septiembre de 2019<\/p>\n\n\n\n<p><a href=\"https:\/\/www.arlnow.com\/2019\/08\/19\/growing-interest-in-urban-agriculture-in-arlington-means-more-crops-bees\/\" target=\"_blank\" rel=\"noreferrer noopener\">El creciente inter\u00e9s en la agricultura urbana en Arlington significa m\u00e1s cultivos y abejas<\/a>, Airey, ArlNow, 19 de agosto de 2019<\/p>","protected":false},"excerpt":{"rendered":"<p>\u00a1Lea sobre Friends of Urban Agriculture en las noticias! Thomas Jefferson Middle School activa el aprendizaje y combate la inseguridad alimentaria con un jard\u00edn, WUSA9, 23 de agosto de 2022 Un jard\u00edn urbano en Arlington ayuda a combatir el hambre, WTOPNews, 27 de julio de 2021 National Landing BID ampl\u00eda la iniciativa de asistencia alimentaria con el apoyo de organizaciones locales y residentes, CityBizList .com, 24 de septiembre de 2020\u2026 <\/p>\n<p class=\"read-more-container\"><a title=\"FOUA en las noticias\" class=\"read-more button\" href=\"https:\/\/arlingtonurbanag.org\/es\/foua-in-the-news\/#more-3034\" aria-label=\"Leer m\u00e1s sobre FOUA en las noticias\">Lee mas<\/a><\/p>","protected":false},"author":1,"featured_media":0,"parent":0,"menu_order":0,"comment_status":"closed","ping_status":"closed","template":"","meta":{"footnotes":""},"class_list":{"0":"post-3034","1":"page","2":"type-page","3":"status-publish","5":"infinite-scroll-item"},"featured_image_src":null,"_links":{"self":[{"href":"https:\/\/arlingtonurbanag.org\/es\/wp-json\/wp\/v2\/pages\/3034","targetHints":{"allow":["GET"]}}],"collection":[{"href":"https:\/\/arlingtonurbanag.org\/es\/wp-json\/wp\/v2\/pages"}],"about":[{"href":"https:\/\/arlingtonurbanag.org\/es\/wp-json\/wp\/v2\/types\/page"}],"author":[{"embeddable":true,"href":"https:\/\/arlingtonurbanag.org\/es\/wp-json\/wp\/v2\/users\/1"}],"replies":[{"embeddable":true,"href":"https:\/\/arlingtonurbanag.org\/es\/wp-json\/wp\/v2\/comments?post=3034"}],"version-history":[{"count":1,"href":"https:\/\/arlingtonurbanag.org\/es\/wp-json\/wp\/v2\/pages\/3034\/revisions"}],"predecessor-version":[{"id":3036,"href":"https:\/\/arlingtonurbanag.org\/es\/wp-json\/wp\/v2\/pages\/3034\/revisions\/3036"}],"wp:attachment":[{"href":"https:\/\/arlingtonurbanag.org\/es\/wp-json\/wp\/v2\/media?parent=3034"}],"curies":[{"name":"wp","href":"https:\/\/api.w.org\/{rel}","templated":true}]}}