{"id":3045,"date":"2025-04-30T14:22:24","date_gmt":"2025-04-30T19:22:24","guid":{"rendered":"https:\/\/arlingtonurbanag.org\/?page_id=3045"},"modified":"2025-05-01T13:08:51","modified_gmt":"2025-05-01T18:08:51","slug":"school-gardens","status":"publish","type":"page","link":"https:\/\/arlingtonurbanag.org\/es\/school-gardens\/","title":{"rendered":"jardines escolares"},"content":{"rendered":"<h3 class=\"gb-text gb-text-8a9f40f0\"><em><strong>Visi\u00f3n:\u00a0<\/strong>Sustainable and equitable support of school garden programs across Arlington County<\/em>.<br><a href=\"https:\/\/arlingtonurbanag.org\/wp-content\/uploads\/2021\/01\/Victory-garden-poster-by-Renee-Whiffen.png\"><\/a><\/h3>\n\n\n\n<div class=\"gb-element-e33f5991\">\n<div class=\"gb-element-71dcb5dd\">\n<p>School gardens are an important component of our community\u2019s urban agriculture landscape. School gardens provide teaching opportunities for students, hands-on learning experiences, nutritious produce for consumption in classrooms and lunchrooms, and provide much needed fresh produce to school community families and local food pantries. School garden programs develop students&#8217; appreciation of \u201cwhere their food comes from\u201d and develop life-long skills they can use to grow their own food.<\/p>\n\n\n\n<p>In 2020, in response to the COVID-19 pandemic that led to the closure of schools and a dramatic increase in families experiencing economic hardship and food insecurity, FOUA provided direct support to four school gardens during the school closure with the goal of increasing production to donate fresh produce to local food pantries.&nbsp;FOUA worked in partnership with school garden coordinators, Master Gardeners and Virginia Cooperative Extension to transform four classroom instruction gardens at Hoffman-Boston Elementary, Wakefield High School, Thomas Jefferson Middle School, and Tuckahoe Elementary into scalable \u2018urban farm\u2019 sites to support our Arlington community\u2019s food insecure neighbors.&nbsp;<strong>M\u00e1s de 1,588 libras de productos frescos de estos sitios de Victory Garden 2020 se distribuyeron a despensas de alimentos en todo el condado.&nbsp;<\/strong>Lee mas:&nbsp;<a href=\"https:\/\/arlingtonurbanag.org\/wp-content\/uploads\/2021\/06\/FOUA-Victory-Garden-2020-Final-Report-Draft.pdf\" target=\"_blank\" rel=\"noreferrer noopener\">FOUA Informe final del Jard\u00edn de la Victoria 2020.<\/a><\/p>\n<\/div>\n\n\n\n<div><div class=\"wp-block-image\">\n<figure class=\"aligncenter size-full\"><img loading=\"lazy\" decoding=\"async\" width=\"480\" height=\"640\" src=\"https:\/\/arlingtonurbanag.org\/wp-content\/uploads\/2021\/01\/Victory-garden-poster-by-Renee-Whiffen.png\" alt=\"\" class=\"wp-image-244\" srcset=\"https:\/\/arlingtonurbanag.org\/wp-content\/uploads\/2021\/01\/Victory-garden-poster-by-Renee-Whiffen.png 480w, https:\/\/arlingtonurbanag.org\/wp-content\/uploads\/2021\/01\/Victory-garden-poster-by-Renee-Whiffen-225x300.png 225w\" sizes=\"auto, (max-width: 480px) 100vw, 480px\" \/><figcaption class=\"wp-element-caption\">P\u00f3ster de Victory Gardens de la estudiante de Wakefield Renee Whiffen<\/figcaption><\/figure>\n<\/div><\/div>\n<\/div>\n\n\n\n<div class=\"gb-element-4731ec37\">\n<div>\n<p>2021 comenz\u00f3 con el traspaso oficial del&nbsp;<a href=\"https:\/\/arlingtonurbanag.org\/es\/plot-against-hunger\/\">Complot contra el Hambre<\/a>&nbsp;program to FOUA from AFAC, and the gradual reopening of schools.&nbsp;FOUA\u2019s efforts with school gardens shifted to more long-term goals and away from the urgent and immediate needs presented during the pandemic. FOUA is working in partnership with Virginia Cooperative Extension, Master Gardeners, Marymount University, and the&nbsp;<a href=\"https:\/\/www.novaoutside.org\/about-us\/living-schoolyard-initiative\/\" target=\"_blank\" rel=\"noreferrer noopener\">Arlington Iniciativa Patios Escolares Vivos<\/a>&nbsp;to provide technical assistance and other support, and to build a network of school garden programs to cultivate community, peer to peer connections, and opportunity for long-term strategic planning.<\/p>\n\n\n\n<p><strong>Si es un coordinador de huertos escolares o est\u00e1 conectado a un programa de huertos escolares, env\u00ede un correo electr\u00f3nico a schoolgardens@arlingtonurbanag.org para que lo agreguen a School Garden Network. FOUA organiza reuniones mensuales en l\u00ednea el tercer mi\u00e9rcoles. Si desea unirse a las reuniones,&nbsp;<a href=\"https:\/\/docs.google.com\/forms\/d\/e\/1FAIpQLSd-CvDJwbPaAtANRk3byxRN2Umz0r3vykIMQDa_kg7Kl-j25A\/viewform\" target=\"_blank\" rel=\"noreferrer noopener\">Complete \u00e9ste formulario.<\/a>&nbsp;Verificar&nbsp;<a href=\"https:\/\/arlingtonurbanag.org\/es\/2022-schedule-for-school-garden-monthly-calls\/\" target=\"_blank\" rel=\"noreferrer noopener\">Calendario de convocatorias 2022.<\/a><\/strong><\/p>\n<\/div>\n\n\n\n<div>\n<iframe loading=\"lazy\" width=\"100%\" height=\"215\" src=\"https:\/\/www.youtube.com\/embed\/videoseries?si=LR3_yDjvnLOXXQ-y&amp;list=PLc7V3Ng3m0DO1NEpoU9xToS7DOEJXsESc\" title=\"reproductor de videos de youtube\" frameborder=\"0\" allow=\"accelerometer; autoplay; clipboard-write; encrypted-media; gyroscope; picture-in-picture; web-share\" referrerpolicy=\"strict-origin-when-cross-origin\" allowfullscreen><\/iframe>\n<\/div>\n<\/div>\n\n\n\n<div class=\"gb-element-14c8d9e0\">\n<a class=\"gb-text gb-text-e22233ec\" href=\"https:\/\/arlingtonurbanag.org\/es\/how-to-start-a-school-garden\/\">C\u00f3mo iniciar un jard\u00edn escolar<\/a>\n\n\n\n<a class=\"gb-text gb-text-0a8ecf74\" href=\"https:\/\/arlingtonurbanag.org\/es\/benefits-of-school-gardens\/\">Beneficios de un huerto escolar<\/a>\n\n\n\n<a class=\"gb-text gb-text-f5e24c99\" href=\"https:\/\/arlingtonurbanag.org\/es\/school-garden-curriculum-resources\/\">Recursos curriculares sobre huertos escolares<\/a>\n<\/div>\n\n\n\n<div class=\"gb-element-423f415a\">\n<a class=\"gb-text gb-text-9f68c93f\" href=\"https:\/\/arlingtonurbanag.org\/es\/2022-schedule-for-school-garden-monthly-calls\/\">Reuniones mensuales de la Red de Huertos Escolares<\/a>\n<\/div>\n\n\n\n<p><\/p>\n\n\n\n<h2 class=\"gb-text gb-text-ce9ab7e3\">\u00daltimas noticias<\/h2>\n\n\n\n<div>\n<div class=\"gb-query-633d7acf\"><div class=\"gb-looper-9fd07f2f\">\n<div class=\"gb-loop-item gb-loop-item-e1ad49b5 post-1947 post type-post status-publish format-standard has-post-thumbnail hentry category-events category-grow-your-own-food category-plot-against-hunger category-project-hug category-resources category-school-gardens tag-garden-talks tag-plot-against-hunger infinite-scroll-item\">\n<img loading=\"lazy\" decoding=\"async\" width=\"940\" height=\"788\" data-media-id=\"2104\" class=\"gb-media-8742c320\" src=\"https:\/\/arlingtonurbanag.org\/wp-content\/uploads\/2023\/02\/garden-talks-Aug-Sept-.png\" alt=\"Garden Talks 2023\" srcset=\"https:\/\/arlingtonurbanag.org\/wp-content\/uploads\/2023\/02\/garden-talks-Aug-Sept-.png 940w, https:\/\/arlingtonurbanag.org\/wp-content\/uploads\/2023\/02\/garden-talks-Aug-Sept--300x251.png 300w, https:\/\/arlingtonurbanag.org\/wp-content\/uploads\/2023\/02\/garden-talks-Aug-Sept--768x644.png 768w, https:\/\/arlingtonurbanag.org\/wp-content\/uploads\/2023\/02\/garden-talks-Aug-Sept--14x12.png 14w\" sizes=\"auto, (max-width: 940px) 100vw, 940px\" \/>\n\n\n\n<h2 class=\"gb-text gb-text-564c2f17\"><a href=\"https:\/\/arlingtonurbanag.org\/es\/garden-talks-2023\/\">Charlas de jard\u00edn 2023<\/a><\/h2>\n\n\n\n<p class=\"gb-text gb-text-00625e63\">febrero 21, 2023<\/p>\n\n\n\n<p class=\"gb-text\">We invite you to weekly Garden Talks at\u00a0Arlington Central Library, 1015 N. Quincy Street Free, no registration required Sponsored by Friends of Urban Agriculture and Extension Master Gardeners Also: Master Gardener Plant Clinic at Central &#8230; <p class=\"read-more-container\"><a title=\"Charlas de jard\u00edn 2023\" class=\"read-more button\" href=\"https:\/\/arlingtonurbanag.org\/es\/garden-talks-2023\/#more-1947\" aria-label=\"Leer m\u00e1s sobre Charlas de Jardiner\u00eda 2023\">Lee mas<\/a><\/p><\/p>\n<\/div>\n\n<div class=\"gb-loop-item gb-loop-item-e1ad49b5 post-2072 post type-post status-publish format-standard has-post-thumbnail hentry category-school-gardens infinite-scroll-item\">\n<img loading=\"lazy\" decoding=\"async\" width=\"1728\" height=\"2304\" data-media-id=\"2073\" class=\"gb-media-8742c320\" src=\"https:\/\/arlingtonurbanag.org\/wp-content\/uploads\/2023\/05\/HFB-Spring-Fundraiser-Flyer_Revised.png\" alt=\"Hoffman-Boston Elementary School\u00a0fundraiser \u2013 Ends June 10!\" srcset=\"https:\/\/arlingtonurbanag.org\/wp-content\/uploads\/2023\/05\/HFB-Spring-Fundraiser-Flyer_Revised.png 1728w, https:\/\/arlingtonurbanag.org\/wp-content\/uploads\/2023\/05\/HFB-Spring-Fundraiser-Flyer_Revised-225x300.png 225w, https:\/\/arlingtonurbanag.org\/wp-content\/uploads\/2023\/05\/HFB-Spring-Fundraiser-Flyer_Revised-768x1024.png 768w, https:\/\/arlingtonurbanag.org\/wp-content\/uploads\/2023\/05\/HFB-Spring-Fundraiser-Flyer_Revised-1152x1536.png 1152w, https:\/\/arlingtonurbanag.org\/wp-content\/uploads\/2023\/05\/HFB-Spring-Fundraiser-Flyer_Revised-1536x2048.png 1536w, https:\/\/arlingtonurbanag.org\/wp-content\/uploads\/2023\/05\/HFB-Spring-Fundraiser-Flyer_Revised-9x12.png 9w\" sizes=\"auto, (max-width: 1728px) 100vw, 1728px\" \/>\n\n\n\n<h2 class=\"gb-text gb-text-564c2f17\"><a href=\"https:\/\/arlingtonurbanag.org\/es\/hoffman-boston-elementary-school-fundraiser-ends-june-10\/\">Recaudaci\u00f3n de fondos de la escuela primaria Hoffman-Boston: \u00a1finaliza el 10 de junio!<\/a><\/h2>\n\n\n\n<p class=\"gb-text gb-text-00625e63\">febrero 20, 2023<\/p>\n\n\n\n<p class=\"gb-text\">Hoffman-Boston Elementary&#8217;s\u00a0instructional gardens are in the middle of a renovation, and you can help.\u00a0 The gardens played an integral part in 2020&#8217;s Victory Garden Project, raising over 500 lbs of produce for local school and &#8230; <p class=\"read-more-container\"><a title=\"Recaudaci\u00f3n de fondos de la Escuela Primaria Hoffman-Boston \u2013 \u00a1Termina el 10 de junio!\" class=\"read-more button\" href=\"https:\/\/arlingtonurbanag.org\/es\/hoffman-boston-elementary-school-fundraiser-ends-june-10\/#more-2072\" aria-label=\"Leer m\u00e1s sobre Recaudaci\u00f3n de fondos de la Escuela Primaria Hoffman-Boston \u2013 \u00a1Termina el 10 de junio!\">Lee mas<\/a><\/p><\/p>\n<\/div>\n\n<div class=\"gb-loop-item gb-loop-item-e1ad49b5 post-1906 post type-post status-publish format-standard has-post-thumbnail hentry category-events category-grow-your-own-food category-plot-against-hunger category-project-hug category-school-gardens infinite-scroll-item\">\n<img loading=\"lazy\" decoding=\"async\" width=\"1200\" height=\"1200\" data-media-id=\"1914\" class=\"gb-media-8742c320\" src=\"https:\/\/arlingtonurbanag.org\/wp-content\/uploads\/2023\/01\/2023-spring-garden-kickoff-1200-\u00d7-1200-px-2.png\" alt=\"2023 Spring Garden Kickoff\" srcset=\"https:\/\/arlingtonurbanag.org\/wp-content\/uploads\/2023\/01\/2023-spring-garden-kickoff-1200-\u00d7-1200-px-2.png 1200w, https:\/\/arlingtonurbanag.org\/wp-content\/uploads\/2023\/01\/2023-spring-garden-kickoff-1200-\u00d7-1200-px-2-300x300.png 300w, https:\/\/arlingtonurbanag.org\/wp-content\/uploads\/2023\/01\/2023-spring-garden-kickoff-1200-\u00d7-1200-px-2-1024x1024.png 1024w, https:\/\/arlingtonurbanag.org\/wp-content\/uploads\/2023\/01\/2023-spring-garden-kickoff-1200-\u00d7-1200-px-2-150x150.png 150w, https:\/\/arlingtonurbanag.org\/wp-content\/uploads\/2023\/01\/2023-spring-garden-kickoff-1200-\u00d7-1200-px-2-768x768.png 768w, https:\/\/arlingtonurbanag.org\/wp-content\/uploads\/2023\/01\/2023-spring-garden-kickoff-1200-\u00d7-1200-px-2-12x12.png 12w\" sizes=\"auto, (max-width: 1200px) 100vw, 1200px\" \/>\n\n\n\n<h2 class=\"gb-text gb-text-564c2f17\"><a href=\"https:\/\/arlingtonurbanag.org\/es\/2023-spring-garden-kickoff\/\">Inicio del jard\u00edn de primavera 2023<\/a><\/h2>\n\n\n\n<p class=\"gb-text gb-text-00625e63\">enero 18, 2023<\/p>\n\n\n\n<p class=\"gb-text\">Plot Against Hunger&#8217;s 2023 Spring Garden Kickoff was held on March 4th at Arlington Central Library. Our keynote speaker was Stacey Evers, Board Chair, Hands On Harvests, and featured speakers were Stephanie Hopkins, Arlington County &#8230; <p class=\"read-more-container\"><a title=\"Inicio del jard\u00edn de primavera 2023\" class=\"read-more button\" href=\"https:\/\/arlingtonurbanag.org\/es\/2023-spring-garden-kickoff\/#more-1906\" aria-label=\"Leer m\u00e1s sobre Lanzamiento del Jard\u00edn de Primavera 2023\">Lee mas<\/a><\/p><\/p>\n<\/div>\n<\/div>\n\n\n<div class=\"gb-element-f6be867e gb-query-loop-pagination\">\n\n<nav class=\"gb-query-page-numbers-07d83e74\"><span aria-current=\"page\" class=\"page-numbers current\">1<\/span>\n<a class=\"page-numbers\" href=\"?query-633d7acf-page=2\">2<\/a>\n<a class=\"page-numbers\" href=\"?query-633d7acf-page=3\">3<\/a>\n<a class=\"page-numbers\" href=\"?query-633d7acf-page=4\">4<\/a>\n<span class=\"page-numbers dots\">\u2026<\/span>\n<a class=\"page-numbers\" href=\"?query-633d7acf-page=8\">8<\/a><\/nav>\n\n<\/div>\n\n\n<\/div>\n<\/div>","protected":false},"excerpt":{"rendered":"<p>Vision:\u00a0Sustainable and equitable support of school garden programs across Arlington County. School gardens are an important component of our community\u2019s urban agriculture landscape. School gardens provide teaching opportunities for students, hands-on learning experiences, nutritious produce for consumption in classrooms and lunchrooms, and provide much needed fresh produce to school community families and local food pantries. &#8230; <\/p>\n<p class=\"read-more-container\"><a title=\"jardines escolares\" class=\"read-more button\" href=\"https:\/\/arlingtonurbanag.org\/es\/school-gardens\/#more-3045\" aria-label=\"Leer m\u00e1s sobre Huertos Escolares\">Lee mas<\/a><\/p>","protected":false},"author":1,"featured_media":0,"parent":0,"menu_order":0,"comment_status":"closed","ping_status":"closed","template":"","meta":{"footnotes":""},"class_list":{"0":"post-3045","1":"page","2":"type-page","3":"status-publish","5":"infinite-scroll-item"},"featured_image_src":null,"_links":{"self":[{"href":"https:\/\/arlingtonurbanag.org\/es\/wp-json\/wp\/v2\/pages\/3045","targetHints":{"allow":["GET"]}}],"collection":[{"href":"https:\/\/arlingtonurbanag.org\/es\/wp-json\/wp\/v2\/pages"}],"about":[{"href":"https:\/\/arlingtonurbanag.org\/es\/wp-json\/wp\/v2\/types\/page"}],"author":[{"embeddable":true,"href":"https:\/\/arlingtonurbanag.org\/es\/wp-json\/wp\/v2\/users\/1"}],"replies":[{"embeddable":true,"href":"https:\/\/arlingtonurbanag.org\/es\/wp-json\/wp\/v2\/comments?post=3045"}],"version-history":[{"count":24,"href":"https:\/\/arlingtonurbanag.org\/es\/wp-json\/wp\/v2\/pages\/3045\/revisions"}],"predecessor-version":[{"id":3324,"href":"https:\/\/arlingtonurbanag.org\/es\/wp-json\/wp\/v2\/pages\/3045\/revisions\/3324"}],"wp:attachment":[{"href":"https:\/\/arlingtonurbanag.org\/es\/wp-json\/wp\/v2\/media?parent=3045"}],"curies":[{"name":"wp","href":"https:\/\/api.w.org\/{rel}","templated":true}]}}