{"id":3066,"date":"2025-04-30T14:22:24","date_gmt":"2025-04-30T19:22:24","guid":{"rendered":"https:\/\/arlingtonurbanag.org\/?page_id=3066"},"modified":"2026-04-09T15:11:00","modified_gmt":"2026-04-09T20:11:00","slug":"grow-your-own-food","status":"publish","type":"page","link":"https:\/\/arlingtonurbanag.org\/es\/grow-your-own-food\/","title":{"rendered":"Cultivar su propia comida"},"content":{"rendered":"<div class=\"gb-element-53970c88\">\n<div class=\"gb-element-1db9762a\">\n<p class=\"has-38761-d-color has-text-color has-link-color wp-elements-f806ae932812b21666eb6c540bab663f\"><strong>\u00a1Queremos ayudarte a cultivar productos frescos para tu familia!<\/strong><\/p>\n\n\n\n<p>Si eres un jardinero experimentado o un novato, \u00a1puedes cultivar tus propios alimentos! Consulte los recursos a continuaci\u00f3n y vea nuestros videos sobre c\u00f3mo cultivar un huerto para comenzar o perfeccionar sus habilidades de jardiner\u00eda.<\/p>\n\n\n\n<div class=\"gb-element-4e8ebeb4\">\n<a class=\"gb-text gb-text-68ab7c49\" href=\"https:\/\/arlingtonurbanag.org\/es\/how-to-garden\/\">V\u00eddeos sobre c\u00f3mo cultivar un huerto<\/a>\n<\/div>\n<\/div>\n\n\n\n<div class=\"gb-element-451d3c98\"><div class=\"wp-block-image\">\n<figure class=\"aligncenter size-full is-resized\"><img loading=\"lazy\" decoding=\"async\" width=\"668\" height=\"445\" src=\"https:\/\/arlingtonurbanag.org\/wp-content\/uploads\/2022\/07\/Winter_Squash-e1745510178468.jpg\" alt=\"\" class=\"wp-image-1552\" style=\"object-fit:contain;width:468px;height:245px\"\/><\/figure>\n<\/div><\/div>\n<\/div>\n\n\n\n<h2 class=\"gb-text gb-text-ce9ab7e3\">\u00daltimas noticias<\/h2>\n\n\n\n<div><div class=\"gb-looper-6343562b\">\n<div class=\"gb-loop-item gb-loop-item-7dec0c76 post-3516 post type-post status-publish format-standard has-post-thumbnail hentry category-climate-change category-community-gardens category-events category-food-access category-garden-talks category-grow-your-own-food category-take-action category-urban-ag-month tag-urban-ag-month infinite-scroll-item\">\n<img loading=\"lazy\" decoding=\"async\" width=\"1200\" height=\"1200\" data-media-id=\"3520\" class=\"gb-media-8035b936\" src=\"https:\/\/arlingtonurbanag.org\/wp-content\/uploads\/2025\/09\/Arlington-Urban-Agriculture-Month-SQUARE-1.png\" alt=\"2025 Urban Agriculture Month\" srcset=\"https:\/\/arlingtonurbanag.org\/wp-content\/uploads\/2025\/09\/Arlington-Urban-Agriculture-Month-SQUARE-1.png 1200w, https:\/\/arlingtonurbanag.org\/wp-content\/uploads\/2025\/09\/Arlington-Urban-Agriculture-Month-SQUARE-1-300x300.png 300w, https:\/\/arlingtonurbanag.org\/wp-content\/uploads\/2025\/09\/Arlington-Urban-Agriculture-Month-SQUARE-1-1024x1024.png 1024w, https:\/\/arlingtonurbanag.org\/wp-content\/uploads\/2025\/09\/Arlington-Urban-Agriculture-Month-SQUARE-1-150x150.png 150w, https:\/\/arlingtonurbanag.org\/wp-content\/uploads\/2025\/09\/Arlington-Urban-Agriculture-Month-SQUARE-1-768x768.png 768w, https:\/\/arlingtonurbanag.org\/wp-content\/uploads\/2025\/09\/Arlington-Urban-Agriculture-Month-SQUARE-1-12x12.png 12w\" sizes=\"auto, (max-width: 1200px) 100vw, 1200px\" \/>\n\n\n\n<h2 class=\"gb-text gb-text-932940c2\"><a href=\"https:\/\/arlingtonurbanag.org\/es\/2025-urban-agriculture-month\/\">2025 Urban Agriculture Month<\/a><\/h2>\n\n\n\n<p class=\"gb-text gb-text-6da77cb6\">septiembre 8, 2025<\/p>\n\n\n\n<p class=\"gb-text\">Celebrate in October with Friends of Urban Agriculture! Read the Arlington County Board&#8217;s Urban Agriculture Month Proclamation here. You can also watch the reading at the board meeting from September 16, 2025 here &#8230; <p class=\"read-more-container\"><a title=\"2025 Urban Agriculture Month\" class=\"read-more button\" href=\"https:\/\/arlingtonurbanag.org\/es\/2025-urban-agriculture-month\/#more-3516\" aria-label=\"Leer m\u00e1s sobre 2025 Urban Agriculture Month\">Lee mas<\/a><\/p><\/p>\n<\/div>\n\n<div class=\"gb-loop-item gb-loop-item-7dec0c76 post-2726 post type-post status-publish format-standard has-post-thumbnail hentry category-advocacy category-gleaning category-grow-your-own-food category-plot-against-hunger category-press-release category-urban-ag-month tag-arlington-county tag-food-security tag-grant tag-plot-against-hunger tag-press-release infinite-scroll-item\">\n<img loading=\"lazy\" decoding=\"async\" width=\"1080\" height=\"1080\" data-media-id=\"2728\" class=\"gb-media-8035b936\" src=\"https:\/\/arlingtonurbanag.org\/wp-content\/uploads\/2024\/09\/FY-2025-AC-Food-Security-Mini-Grant.png\" alt=\"FOUA Receives FY 2025 Arlington County Food Security Mini-Grant to Support Urban Agriculture\" srcset=\"https:\/\/arlingtonurbanag.org\/wp-content\/uploads\/2024\/09\/FY-2025-AC-Food-Security-Mini-Grant.png 1080w, https:\/\/arlingtonurbanag.org\/wp-content\/uploads\/2024\/09\/FY-2025-AC-Food-Security-Mini-Grant-300x300.png 300w, https:\/\/arlingtonurbanag.org\/wp-content\/uploads\/2024\/09\/FY-2025-AC-Food-Security-Mini-Grant-1024x1024.png 1024w, https:\/\/arlingtonurbanag.org\/wp-content\/uploads\/2024\/09\/FY-2025-AC-Food-Security-Mini-Grant-150x150.png 150w, https:\/\/arlingtonurbanag.org\/wp-content\/uploads\/2024\/09\/FY-2025-AC-Food-Security-Mini-Grant-768x768.png 768w, https:\/\/arlingtonurbanag.org\/wp-content\/uploads\/2024\/09\/FY-2025-AC-Food-Security-Mini-Grant-12x12.png 12w\" sizes=\"auto, (max-width: 1080px) 100vw, 1080px\" \/>\n\n\n\n<h2 class=\"gb-text gb-text-932940c2\"><a href=\"https:\/\/arlingtonurbanag.org\/es\/foua-receives-fy-2025-arlington-county-food-security-mini-grant\/\">FOUA recibe la minisubvenci\u00f3n de seguridad alimentaria del condado Arlington para el a\u00f1o fiscal 2025 en apoyo a la agricultura urbana<\/a><\/h2>\n\n\n\n<p class=\"gb-text gb-text-6da77cb6\">18 de septiembre de 2024<\/p>\n\n\n\n<p class=\"gb-text\">FOR IMMEDIATE RELEASE September 18, 2024 Friends of Urban Agriculture Receives FY 2025 Arlington County Food Security Mini-Grant to Support Urban Agriculture Friends of Urban Agriculture (FOUA) has been awarded a FY 2025 &#8230; <p class=\"read-more-container\"><a title=\"FOUA recibe la minisubvenci\u00f3n de seguridad alimentaria del condado Arlington para el a\u00f1o fiscal 2025 en apoyo a la agricultura urbana\" class=\"read-more button\" href=\"https:\/\/arlingtonurbanag.org\/es\/foua-receives-fy-2025-arlington-county-food-security-mini-grant\/#more-2726\" aria-label=\"Leer m\u00e1s sobre FOUA recibe la minisubvenci\u00f3n de seguridad alimentaria del condado Arlington para el a\u00f1o fiscal 2025 en apoyo de la agricultura urbana\">Lee mas<\/a><\/p><\/p>\n<\/div>\n\n<div class=\"gb-loop-item gb-loop-item-7dec0c76 post-2307 post type-post status-publish format-standard has-post-thumbnail hentry category-climate-change category-community-gardens category-events category-gleaning category-grow-your-own-food category-plot-against-hunger tag-climate-change tag-food-pantries tag-gardens tag-plot-against-hunger tag-volunteering infinite-scroll-item\">\n<img loading=\"lazy\" decoding=\"async\" width=\"750\" height=\"750\" data-media-id=\"2497\" class=\"gb-media-8035b936\" src=\"https:\/\/arlingtonurbanag.org\/wp-content\/uploads\/2024\/02\/2024-Spring-Garden-Kickoff-Instagram-Post-e1708564091917.png\" alt=\"2024 Spring Garden Kickoff\"\/>\n\n\n\n<h2 class=\"gb-text gb-text-932940c2\"><a href=\"https:\/\/arlingtonurbanag.org\/es\/2024-spring-garden-kickoff\/\">Inicio del jard\u00edn de primavera de 2024<\/a><\/h2>\n\n\n\n<p class=\"gb-text gb-text-6da77cb6\">enero 29, 2024<\/p>\n\n\n\n<p class=\"gb-text\">We had a great time at the 2024 Spring Garden Kickoff! Here is a rough table of contents, followed by some links. (Captions have been auto-generated by YouTube, please be kind to our &#8230; <p class=\"read-more-container\"><a title=\"Inicio del jard\u00edn de primavera de 2024\" class=\"read-more button\" href=\"https:\/\/arlingtonurbanag.org\/es\/2024-spring-garden-kickoff\/#more-2307\" aria-label=\"Leer m\u00e1s sobre Lanzamiento del Jard\u00edn de Primavera 2024\">Lee mas<\/a><\/p><\/p>\n<\/div>\n<\/div>\n\n\n<div class=\"gb-element-c4270f5a gb-query-loop-pagination\">\n\n<nav class=\"gb-query-page-numbers-0fbd93b2\"><span aria-current=\"page\" class=\"page-numbers current\">1<\/span>\n<a class=\"page-numbers\" href=\"?query-76bd42aa-page=2\">2<\/a>\n<a class=\"page-numbers\" href=\"?query-76bd42aa-page=3\">3<\/a>\n<a class=\"page-numbers\" href=\"?query-76bd42aa-page=4\">4<\/a>\n<span class=\"page-numbers dots\">\u2026<\/span>\n<a class=\"page-numbers\" href=\"?query-76bd42aa-page=7\">7<\/a><\/nav>\n\n<\/div>\n\n\n<\/div>","protected":false},"excerpt":{"rendered":"<p>We want to help you to grow fresh produce for your family! Whether you are an experienced gardener or a newbie, you can grow your own food! Check out the resources below and view our How To Garden videos to get you started or to refine your gardening skills. How to Garden Videos Latest News<\/p>","protected":false},"author":1,"featured_media":0,"parent":0,"menu_order":0,"comment_status":"closed","ping_status":"closed","template":"","meta":{"footnotes":""},"class_list":{"0":"post-3066","1":"page","2":"type-page","3":"status-publish","5":"infinite-scroll-item"},"featured_image_src":null,"_links":{"self":[{"href":"https:\/\/arlingtonurbanag.org\/es\/wp-json\/wp\/v2\/pages\/3066","targetHints":{"allow":["GET"]}}],"collection":[{"href":"https:\/\/arlingtonurbanag.org\/es\/wp-json\/wp\/v2\/pages"}],"about":[{"href":"https:\/\/arlingtonurbanag.org\/es\/wp-json\/wp\/v2\/types\/page"}],"author":[{"embeddable":true,"href":"https:\/\/arlingtonurbanag.org\/es\/wp-json\/wp\/v2\/users\/1"}],"replies":[{"embeddable":true,"href":"https:\/\/arlingtonurbanag.org\/es\/wp-json\/wp\/v2\/comments?post=3066"}],"version-history":[{"count":22,"href":"https:\/\/arlingtonurbanag.org\/es\/wp-json\/wp\/v2\/pages\/3066\/revisions"}],"predecessor-version":[{"id":3903,"href":"https:\/\/arlingtonurbanag.org\/es\/wp-json\/wp\/v2\/pages\/3066\/revisions\/3903"}],"wp:attachment":[{"href":"https:\/\/arlingtonurbanag.org\/es\/wp-json\/wp\/v2\/media?parent=3066"}],"curies":[{"name":"wp","href":"https:\/\/api.w.org\/{rel}","templated":true}]}}