{"id":3080,"date":"2025-04-30T14:22:23","date_gmt":"2025-04-30T19:22:23","guid":{"rendered":"https:\/\/arlingtonurbanag.org\/?page_id=3080"},"modified":"2026-02-17T17:20:31","modified_gmt":"2026-02-17T22:20:31","slug":"mission-and-history","status":"publish","type":"page","link":"https:\/\/arlingtonurbanag.org\/es\/mission-and-history\/","title":{"rendered":"Misi\u00f3n e Historia"},"content":{"rendered":"<div class=\"gb-element-984bdd96\">\n<div>\n<h2 class=\"gb-text\">Nuestra misi\u00f3n<\/h2>\n\n\n\n<blockquote class=\"wp-block-quote is-layout-flow wp-block-quote-is-layout-flow\">\n<p><em>Construir un sector de agricultura urbana resistente e impulsado por la comunidad que proporcione un sistema alimentario justo, saludable y sostenible para todos los Arlingtonians.<\/em><\/p>\n<\/blockquote>\n\n\n\n<h2 class=\"gb-text\">Nuestra visi\u00f3n<\/h2>\n\n\n\n<blockquote class=\"wp-block-quote is-layout-flow wp-block-quote-is-layout-flow\">\n<blockquote class=\"wp-block-quote is-layout-flow wp-block-quote-is-layout-flow\">\n<p>Todos los Arlingtonians tienen acceso a alimentos frescos cultivados localmente.<\/p>\n<\/blockquote>\n<\/blockquote>\n<\/div>\n\n\n\n<div>\n<figure class=\"wp-block-image size-large\"><img loading=\"lazy\" decoding=\"async\" width=\"768\" height=\"1024\" src=\"https:\/\/arlingtonurbanag.org\/wp-content\/uploads\/2022\/08\/image0-2-768x1024.jpeg\" alt=\"\" class=\"wp-image-1644\" srcset=\"https:\/\/arlingtonurbanag.org\/wp-content\/uploads\/2022\/08\/image0-2-768x1024.jpeg 768w, https:\/\/arlingtonurbanag.org\/wp-content\/uploads\/2022\/08\/image0-2-225x300.jpeg 225w, https:\/\/arlingtonurbanag.org\/wp-content\/uploads\/2022\/08\/image0-2-9x12.jpeg 9w, https:\/\/arlingtonurbanag.org\/wp-content\/uploads\/2022\/08\/image0-2.jpeg 960w\" sizes=\"auto, (max-width: 768px) 100vw, 768px\" \/><\/figure>\n<\/div>\n<\/div>\n\n\n\n<h2 class=\"gb-text gb-text-d7d77c4f\"><strong>Nuestro enfoque<\/strong><\/h2>\n\n\n\n<div class=\"gb-element-27553d4d\">\n<div>\n<h3 class=\"gb-text gb-text-5770b8eb\">Defensor<\/h3>\n\n\n\n<p class=\"has-text-align-center\">Apoyo impulsado por la comunidad para la agricultura urbana en las pol\u00edticas escolares y del condado<br><\/p>\n<\/div>\n\n\n\n<div>\n<h3 class=\"gb-text gb-text-d9cfab24\">Construir<\/h3>\n\n\n\n<p class=\"has-text-align-center\">Crear conciencia a trav\u00e9s de eventos educativos, de divulgaci\u00f3n y sociales.<\/p>\n<\/div>\n\n\n\n<div>\n<h3 class=\"gb-text gb-text-73c5fb1d\">Conectar<\/h3>\n\n\n\n<p>Facilitar las relaciones y promover negocios, innovaciones y programas de agricultura urbana.<\/p>\n<\/div>\n<\/div>\n\n\n\n<div class=\"gb-element-7f659089\">\n<div>\n<h3 class=\"gb-text gb-text-de7ab8f7\">Desarrollar<\/h3>\n\n\n\n<p class=\"has-text-align-center\">Crear asociaciones para apoyar y construir jardines urbanos en escuelas, parques p\u00fablicos, desarrollos privados y otros lugares<br><br><\/p>\n<\/div>\n\n\n\n<div>\n<h3 class=\"gb-text gb-text-f2499418\">Comprometer<\/h3>\n\n\n\n<p class=\"has-text-align-center\">Colaborar con residentes y grupos p\u00fablicos, privados y sin fines de lucro para abordar los problemas de seguridad alimentaria y el cambio clim\u00e1tico.<br><\/p>\n<\/div>\n<\/div>\n\n\n\n<h2 class=\"gb-text gb-text-321f58a8\"><strong>Nuestra historia<\/strong><\/h2>\n\n\n\n<div class=\"gb-element-f8f086d0\">\n<div><div class=\"wp-block-image\">\n<figure class=\"aligncenter size-full\"><img loading=\"lazy\" decoding=\"async\" width=\"980\" height=\"980\" src=\"https:\/\/arlingtonurbanag.org\/wp-content\/uploads\/2024\/02\/IMG_20191011_175646_690.jpg\" alt=\"\" class=\"wp-image-2373\" srcset=\"https:\/\/arlingtonurbanag.org\/wp-content\/uploads\/2024\/02\/IMG_20191011_175646_690.jpg 980w, https:\/\/arlingtonurbanag.org\/wp-content\/uploads\/2024\/02\/IMG_20191011_175646_690-300x300.jpg 300w, https:\/\/arlingtonurbanag.org\/wp-content\/uploads\/2024\/02\/IMG_20191011_175646_690-150x150.jpg 150w, https:\/\/arlingtonurbanag.org\/wp-content\/uploads\/2024\/02\/IMG_20191011_175646_690-768x768.jpg 768w, https:\/\/arlingtonurbanag.org\/wp-content\/uploads\/2024\/02\/IMG_20191011_175646_690-12x12.jpg 12w\" sizes=\"auto, (max-width: 980px) 100vw, 980px\" \/><\/figure>\n<\/div><\/div>\n\n\n\n<div>\n<p>El condado de Arlington tiene una rica historia de actividades agr\u00edcolas urbanas, desde mercados de agricultores, jardines comunitarios y programas escolares hasta empresas agr\u00edcolas emergentes. En 2012, la Junta del Condado de Arlington reconoci\u00f3 la necesidad de comprender el creciente sector de la agricultura urbana y form\u00f3 el Grupo de Trabajo de Agricultura Urbana para hacer recomendaciones para hacer avanzar la agricultura urbana en Arlington. Su informe presentado a la Junta en junio de 2013 inclu\u00eda una recomendaci\u00f3n sobre la formaci\u00f3n de un grupo de ciudadanos para promover el papel de la comunidad en la administraci\u00f3n p\u00fablica de los recursos de agricultura urbana, profundizar el apoyo p\u00fablico para la agricultura urbana y establecer una asociaci\u00f3n con el programa de agricultura urbana del Condado para reforzar programas y proyectos agr\u00edcolas. Arlington Friends of Urban Agriculture (FOUA) se lanz\u00f3 en 2015, eligi\u00f3 su primera junta directiva en 2017 y se convirti\u00f3 en una organizaci\u00f3n sin fines de lucro 501c3 en 2019.<\/p>\n\n\n\n<p>FOUA visualiza al condado de Arlington como l\u00edder en agricultura urbana en la regi\u00f3n. Queremos un futuro de alimentos sostenibles saludables, suficientes y asequibles para todos en la comunidad Arlington. Los mercados de agricultores, la comunidad y los huertos familiares desempe\u00f1an un papel en la alimentaci\u00f3n de nuestra comunidad, as\u00ed como de las tiendas de comestibles, los restaurantes, las instituciones y los proveedores. El mantenimiento de granjas productoras de alimentos regionales es clave para obtener alimentos frescos y locales. Las pol\u00edticas y regulaciones gubernamentales, as\u00ed como las pr\u00e1cticas y empresas comerciales, institucionales e individuales de alimentos sostenibles, protegen y mejoran conjuntamente nuestros suministros de alimentos sostenibles tanto dentro del condado de Arlington como en nuestra regi\u00f3n.<\/p>\n<\/div>\n<\/div>\n\n\n\n<h2 class=\"gb-text gb-text-86a8fc5f\">lo que hacemos<\/h2>\n\n\n\n<p>FOUA cree que un sector de agricultura urbana resistente e impulsado por la comunidad es un motor para mejorar la salud p\u00fablica, impulsar la salud econ\u00f3mica, mejorar la salud ambiental y la eficiencia energ\u00e9tica, y un componente importante de una comunidad biof\u00edlica. FOUA trabajar\u00e1 con todos los elementos del sector de la agricultura urbana para desarrollar un plan estrat\u00e9gico y una hoja de ruta para extender la presencia y los valores de la agricultura urbana en nuestra comunidad. Espec\u00edficamente, Arlington necesita desarrollar pol\u00edticas p\u00fablicas de apoyo para los empresarios de agricultura urbana, alentar a los desarrolladores a incluir elementos de agricultura urbana e institucionalizar el apoyo a los programas y curr\u00edculos de las escuelas p\u00fablicas. Adem\u00e1s, necesitamos desarrollar la demanda de los consumidores y la comprensi\u00f3n p\u00fablica de la producci\u00f3n hiperlocal de alimentos y los sistemas alimentarios regionales sostenibles, y conectar a aquellos que ya est\u00e1n cultivando en sus patios y jardines comunitarios y aumentar su n\u00famero.<\/p>\n\n\n\n<p><\/p>","protected":false},"excerpt":{"rendered":"<p>Our Mission To build a resilient, community-driven urban agriculture sector that provides a fair, healthy, sustainable food system for all Arlingtonians. Our Vision All Arlingtonians have access to fresh locally grown food. Our Approach Advocate Community-driven support for urban agriculture in county and school policies Build Raise awareness through educational, outreach and social events Connect &#8230; <\/p>\n<p class=\"read-more-container\"><a title=\"Misi\u00f3n e Historia\" class=\"read-more button\" href=\"https:\/\/arlingtonurbanag.org\/es\/mission-and-history\/#more-3080\" aria-label=\"Leer m\u00e1s sobre Mission and History\">Lee mas<\/a><\/p>","protected":false},"author":1,"featured_media":0,"parent":0,"menu_order":0,"comment_status":"closed","ping_status":"closed","template":"","meta":{"footnotes":""},"class_list":{"0":"post-3080","1":"page","2":"type-page","3":"status-publish","5":"infinite-scroll-item"},"featured_image_src":null,"_links":{"self":[{"href":"https:\/\/arlingtonurbanag.org\/es\/wp-json\/wp\/v2\/pages\/3080","targetHints":{"allow":["GET"]}}],"collection":[{"href":"https:\/\/arlingtonurbanag.org\/es\/wp-json\/wp\/v2\/pages"}],"about":[{"href":"https:\/\/arlingtonurbanag.org\/es\/wp-json\/wp\/v2\/types\/page"}],"author":[{"embeddable":true,"href":"https:\/\/arlingtonurbanag.org\/es\/wp-json\/wp\/v2\/users\/1"}],"replies":[{"embeddable":true,"href":"https:\/\/arlingtonurbanag.org\/es\/wp-json\/wp\/v2\/comments?post=3080"}],"version-history":[{"count":10,"href":"https:\/\/arlingtonurbanag.org\/es\/wp-json\/wp\/v2\/pages\/3080\/revisions"}],"predecessor-version":[{"id":3792,"href":"https:\/\/arlingtonurbanag.org\/es\/wp-json\/wp\/v2\/pages\/3080\/revisions\/3792"}],"wp:attachment":[{"href":"https:\/\/arlingtonurbanag.org\/es\/wp-json\/wp\/v2\/media?parent=3080"}],"curies":[{"name":"wp","href":"https:\/\/api.w.org\/{rel}","templated":true}]}}