{"id":3085,"date":"2025-04-30T14:22:23","date_gmt":"2025-04-30T19:22:23","guid":{"rendered":"https:\/\/arlingtonurbanag.org\/?page_id=3085"},"modified":"2025-05-01T10:30:05","modified_gmt":"2025-05-01T15:30:05","slug":"partners-and-supporters","status":"publish","type":"page","link":"https:\/\/arlingtonurbanag.org\/es\/partners-and-supporters\/","title":{"rendered":"Socios y simpatizantes"},"content":{"rendered":"<p>\u00a1Muchas gracias a nuestros maravillosos socios! Haga clic en su logotipo para obtener m\u00e1s informaci\u00f3n sobre cada organizaci\u00f3n.<\/p>\n\n\n\n<div class=\"gb-element-8d7c7481\">\n<div><div class=\"wp-block-image\">\n<figure class=\"aligncenter size-large\"><a href=\"https:\/\/www.arlingtonva.us\/Government\/Topics\/Urban-Agriculture\" target=\"_blank\" rel=\" noreferrer noopener\"><img decoding=\"async\" src=\"https:\/\/www.arlingtonva.us\/files\/sharedassets\/public\/v\/2\/newsroom\/images\/11430_arlingtoncountylogo_color_vertical.png?dimension=pageimage&amp;w=480\" alt=\"\"\/><\/a><\/figure>\n<\/div>\n\n\n<h3 class=\"wp-block-heading has-text-align-center\"><a href=\"https:\/\/www.arlingtonva.us\/Government\/Topics\/Urban-Agriculture\" target=\"_blank\" rel=\"noreferrer noopener\"><strong>Agricultura urbana del condado Arlington<\/strong><\/a><\/h3>\n<\/div>\n\n\n\n<div><div class=\"wp-block-image\">\n<figure class=\"aligncenter size-large\"><a href=\"http:\/\/hcatarlington.com\/\" target=\"_blank\" rel=\" noreferrer noopener\"><img decoding=\"async\" src=\"https:\/\/i0.wp.com\/hcatarlington.com\/wp-content\/uploads\/2020\/12\/cropped-HCAT_Logo_FullColor-1-1.png?fit=150%2C125&amp;ssl=1\" alt=\"\"\/><\/a><\/figure>\n<\/div>\n\n\n<h3 class=\"wp-block-heading has-text-align-center\"><a href=\"http:\/\/hcatarlington.com\/\" target=\"_blank\" rel=\"noreferrer noopener\">Equipo de Acci\u00f3n Comunitaria Saludable (HCAT) \u2013 Arlington<\/a><\/h3>\n<\/div>\n\n\n\n<div><div class=\"wp-block-image\">\n<figure class=\"aligncenter size-large\"><a href=\"https:\/\/afac.org\" target=\"_blank\" rel=\" noreferrer noopener\"><img decoding=\"async\" src=\"https:\/\/afac.org\/wp-content\/uploads\/2024\/05\/AFACLogowText-e1719241399510.png\" alt=\"\"\/><\/a><\/figure>\n<\/div>\n\n\n<h3 class=\"wp-block-heading has-text-align-center\"><a href=\"https:\/\/afac.org\/\" target=\"_blank\" rel=\"noreferrer noopener\">Arlington Centro de Asistencia Alimentaria (AFAC)<\/a><\/h3>\n<\/div>\n\n\n\n<div><div class=\"wp-block-image\">\n<figure class=\"aligncenter size-large\"><a href=\"https:\/\/mgnv.org\/\" target=\"_blank\" rel=\" noreferrer noopener\"><img decoding=\"async\" src=\"https:\/\/i0.wp.com\/mgnv.org\/wp-content\/uploads\/2021\/07\/Master-Gardeners-Northern-VA-logo-300.png?w=300&amp;ssl=1\" alt=\"\"\/><\/a><\/figure>\n<\/div>\n\n\n<h3 class=\"wp-block-heading has-text-align-center\"><a href=\"https:\/\/mgnv.org\/\" target=\"_blank\" rel=\"noreferrer noopener\">Maestros Jardineros del Norte Virginia<\/a><\/h3>\n<\/div>\n\n\n\n<div><div class=\"wp-block-image\">\n<figure class=\"aligncenter size-large\"><a href=\"https:\/\/livability22202.org\/\" target=\"_blank\" rel=\" noreferrer noopener\"><img decoding=\"async\" src=\"https:\/\/arlingtonurbanag.org\/wp-content\/uploads\/2024\/02\/bid.png\" alt=\"\"\/><\/a><\/figure>\n<\/div>\n\n\n<h3 class=\"wp-block-heading has-text-align-center\"><a href=\"https:\/\/livability22202.org\/\" target=\"_blank\" rel=\"noreferrer noopener\">Habitabilidad 22202<\/a><\/h3>\n<\/div>\n\n\n\n<div><div class=\"wp-block-image\">\n<figure class=\"aligncenter size-large\"><a href=\"https:\/\/nationallanding.org\/\" target=\"_blank\" rel=\" noreferrer noopener\"><img decoding=\"async\" src=\"https:\/\/ctycms.com\/va-national-landing\/logo-footer.svg\" alt=\"\"\/><\/a><\/figure>\n<\/div>\n\n\n<h3 class=\"wp-block-heading\"><a href=\"https:\/\/nationallanding.org\/\" target=\"_blank\" rel=\"noreferrer noopener\">BID de Aterrizaje Nacional<\/a><\/h3>\n<\/div>\n\n\n\n<div><div class=\"wp-block-image\">\n<figure class=\"aligncenter size-large is-resized\"><a href=\"https:\/\/www.ballstonva.org\/\" target=\"_blank\" rel=\" noreferrer noopener\"><img decoding=\"async\" src=\"https:\/\/www.ballstonva.org\/wp-content\/uploads\/2020\/08\/ballston-logo-7416.png\" alt=\"\" style=\"width:auto;height:200px\"\/><\/a><\/figure>\n<\/div>\n\n\n<h3 class=\"wp-block-heading\"><a href=\"https:\/\/www.ballstonva.org\/\" target=\"_blank\" rel=\"noreferrer noopener\">OFERTA Ballston<\/a><\/h3>\n<\/div>\n\n\n\n<div><div class=\"wp-block-image\">\n<figure class=\"aligncenter size-large\"><a href=\"https:\/\/www.stmarysarlington.org\/\" target=\"_blank\" rel=\" noreferrer noopener\"><img decoding=\"async\" src=\"https:\/\/arlingtonurbanag.org\/wp-content\/uploads\/2024\/02\/stmary.png\" alt=\"\"\/><\/a><\/figure>\n<\/div>\n\n\n<h3 class=\"wp-block-heading\"><a href=\"https:\/\/www.stmarysarlington.org\/\" target=\"_blank\" rel=\"noreferrer noopener\">St Mary&#8217;s Episcopal Church &#8211; Arlington<\/a><\/h3>\n<\/div>\n\n\n\n<div><\/div>\n\n\n\n<div><\/div>\n<\/div>\n\n\n\n<p><a href=\"https:\/\/www.arlingtonva.us\/Government\/Topics\/Urban-Agriculture\" target=\"_blank\" rel=\"noreferrer noopener\"><\/a><\/p>\n\n\n\n<div class=\"gb-element-5e5ccfce\">\n<div><div class=\"wp-block-image\">\n<figure class=\"aligncenter size-large\"><a href=\"https:\/\/www.rockspringucc.org\/\" target=\"_blank\" rel=\" noreferrer noopener\"><img decoding=\"async\" src=\"https:\/\/arlingtonurbanag.org\/wp-content\/uploads\/2024\/02\/rockucc.png\" alt=\"\"\/><\/a><\/figure>\n<\/div>\n\n\n<h3 class=\"wp-block-heading has-text-align-center\"><a href=\"https:\/\/www.rockspringucc.org\/\" target=\"_blank\" rel=\"noreferrer noopener\">Iglesia Unida Congregacional de Cristo de Rock Spring<\/a><\/h3>\n<\/div>\n\n\n\n<div><div class=\"wp-block-image\">\n<figure class=\"aligncenter size-large\"><a href=\"https:\/\/www.ecoactionarlington.org\/\" target=\"_blank\" rel=\" noreferrer noopener\"><img decoding=\"async\" src=\"https:\/\/www.ecoactionarlington.org\/wp-content\/uploads\/2022\/11\/ecoaction-arlington-logo.png\" alt=\"\"\/><\/a><\/figure>\n<\/div>\n\n\n<div>\n<h2 class=\"wp-block-heading\"><a href=\"https:\/\/www.ecoactionarlington.org\/\" target=\"_blank\" rel=\"noreferrer noopener\">EcoAcci\u00f3n Arlington<\/a><\/h2>\n<\/div>\n<\/div>\n\n\n\n<div><div class=\"wp-block-image\">\n<figure class=\"aligncenter size-large is-resized\"><a href=\"http:\/\/dugnetwork.org\/\" target=\"_blank\" rel=\" noreferrer noopener\"><img decoding=\"async\" src=\"https:\/\/arlingtonurbanag.org\/wp-content\/uploads\/2024\/02\/dug.png\" alt=\"\" style=\"width:auto;height:100px\"\/><\/a><\/figure>\n<\/div>\n\n\n<h3 class=\"wp-block-heading\"><a href=\"http:\/\/dugnetwork.org\/\" target=\"_blank\" rel=\"noreferrer noopener\">Red de jardineros urbanos de DC<\/a><\/h3>\n<\/div>\n<\/div>\n\n\n\n<p><strong><a href=\"https:\/\/arlingtonurbanag.org\/es\/seed-donations\/\" target=\"_blank\" rel=\"noreferrer noopener\">Y vea una lista completa de generosas donaciones de empresas de semillas locales y nacionales para 2023.\u00a0<\/a><\/strong><\/p>","protected":false},"excerpt":{"rendered":"<p>Many thanks to our wonderful partners! Click their logo to learn more about each organization. Arlington County Urban Agriculture Healthy Community Action Team (HCAT) \u2013 Arlington Arlington Food Assistance Center (AFAC) Master Gardeners of Northern Virginia Livability 22202 National Landing BID Ballston BID St Mary&#8217;s Episcopal Church &#8211; Arlington Rock Spring Congregational United Church of &#8230; <\/p>\n<p class=\"read-more-container\"><a title=\"Socios y simpatizantes\" class=\"read-more button\" href=\"https:\/\/arlingtonurbanag.org\/es\/partners-and-supporters\/#more-3085\" aria-label=\"Leer m\u00e1s sobre Partners and Supporters\">Lee mas<\/a><\/p>","protected":false},"author":1,"featured_media":0,"parent":0,"menu_order":0,"comment_status":"closed","ping_status":"closed","template":"","meta":{"footnotes":""},"class_list":{"0":"post-3085","1":"page","2":"type-page","3":"status-publish","5":"infinite-scroll-item"},"featured_image_src":null,"_links":{"self":[{"href":"https:\/\/arlingtonurbanag.org\/es\/wp-json\/wp\/v2\/pages\/3085","targetHints":{"allow":["GET"]}}],"collection":[{"href":"https:\/\/arlingtonurbanag.org\/es\/wp-json\/wp\/v2\/pages"}],"about":[{"href":"https:\/\/arlingtonurbanag.org\/es\/wp-json\/wp\/v2\/types\/page"}],"author":[{"embeddable":true,"href":"https:\/\/arlingtonurbanag.org\/es\/wp-json\/wp\/v2\/users\/1"}],"replies":[{"embeddable":true,"href":"https:\/\/arlingtonurbanag.org\/es\/wp-json\/wp\/v2\/comments?post=3085"}],"version-history":[{"count":10,"href":"https:\/\/arlingtonurbanag.org\/es\/wp-json\/wp\/v2\/pages\/3085\/revisions"}],"predecessor-version":[{"id":3095,"href":"https:\/\/arlingtonurbanag.org\/es\/wp-json\/wp\/v2\/pages\/3085\/revisions\/3095"}],"wp:attachment":[{"href":"https:\/\/arlingtonurbanag.org\/es\/wp-json\/wp\/v2\/media?parent=3085"}],"curies":[{"name":"wp","href":"https:\/\/api.w.org\/{rel}","templated":true}]}}