{"id":3097,"date":"2025-04-30T14:22:22","date_gmt":"2025-04-30T19:22:22","guid":{"rendered":"https:\/\/arlingtonurbanag.org\/?page_id=3097"},"modified":"2026-04-24T09:46:47","modified_gmt":"2026-04-24T14:46:47","slug":"donating-your-garden-produce","status":"publish","type":"page","link":"https:\/\/arlingtonurbanag.org\/es\/donating-your-garden-produce\/","title":{"rendered":"Donar los productos de su jard\u00edn"},"content":{"rendered":"<h3 class=\"wp-block-heading\"><em>2026 Produce Donation Center will open on May 11!<\/em><\/h3>\n\n\n\n<p>Donate your garden produce to a Plot Against Hunger Produce Donation Center! We welcome all amounts, starting with those extra vegetables you won\u2019t use. Our regular 2025 days are:<\/p>\n\n\n\n<p>Si el lunes es festivo, el d\u00eda de embolsado ser\u00e1 el d\u00eda siguiente, martes.<\/p>\n\n\n\n<div class=\"wp-block-columns is-layout-flex wp-container-core-columns-is-layout-9d6595d7 wp-block-columns-is-layout-flex\">\n<div class=\"wp-block-column is-layout-flow wp-block-column-is-layout-flow\">\n<p class=\"gb-text\"><strong>Rock Spring Church &#8211; Carpenter Hall<\/strong><\/p>\n\n\n\n<p>5010 Little Falls Road, Arlington <\/p>\n\n\n\n<ul class=\"wp-block-list\">\n<li>Mondays in May, June, and July from 12:30 pm &#8211; 2:30 pm<\/li>\n\n\n\n<li>lunes&nbsp;<em>y<\/em>&nbsp;Thursdays in August and September, 12:30 pm &#8211; 2:30 pm<\/li>\n\n\n\n<li>Mondays in October, 12:30 pm &#8211; 2:30 pm<\/li>\n<\/ul>\n<\/div>\n\n\n\n<div class=\"wp-block-column is-layout-flow wp-block-column-is-layout-flow\">\n<p class=\"gb-text\"><strong>Woman&#8217;s Club of Arlington<\/strong><\/p>\n\n\n\n<p>700 S Buchanan Street, Arlington<\/p>\n\n\n\n<ul class=\"wp-block-list\">\n<li>Mondays, May through October 1-4 pm<\/li>\n<\/ul>\n<\/div>\n<\/div>\n\n\n\n<p>Can&#8217;t make it Find a pantry using our link below that fits your location and timing. Be sure to record your donation to add to the Plot Against Hunger harvest donation total.<\/p>\n\n\n\n<p>Check out some recommended crops to grow and Rules of Thumb for donating your produce below.<\/p>\n\n\n\n<p>Want to volunteer at the Plot Against Hunger Produce Donation Center?&nbsp;<a href=\"https:\/\/arlingtonurbanag.org\/es\/volunteer-login\/\" target=\"_blank\" rel=\"noreferrer noopener\">Opportunities are available<\/a>&nbsp;each week through October.<\/p>\n\n\n\n<div class=\"wp-block-columns is-layout-flex wp-container-core-columns-is-layout-9d6595d7 wp-block-columns-is-layout-flex\">\n<div class=\"wp-block-column is-layout-flow wp-block-column-is-layout-flow\"><\/div>\n\n\n\n<div class=\"wp-block-column is-layout-flow wp-block-column-is-layout-flow\"><\/div>\n<\/div>\n\n\n\n<div class=\"gb-element-0cb958bb\">\n<div>\n<h3 class=\"gb-text gb-text-722cb91d\">Encuentre una despensa de alimentos<\/h3>\n\n\n\n<p>You can donate directly to local food pantries! We maintain a list of local food pantries for your convenience.&nbsp;Some food pantries only accept pre-packaged produce while others will accept bulk donations.&nbsp;<\/p>\n\n\n\n<div class=\"gb-element-22aaf9b3\">\n<a class=\"gb-text gb-text-eb4d1356\" href=\"https:\/\/docs.google.com\/document\/d\/1tkiX_9uaXrxtJgVNio5H6rp2KbV3Yb4UoLCPGfng1I8\/edit?usp=sharing\" target=\"_blank\" rel=\"noopener\">Encuentre una despensa de alimentos<\/a>\n<\/div>\n<\/div>\n\n\n\n<div class=\"gb-element-0c63e7d7\"><div class=\"wp-block-image is-style-rounded\">\n<figure class=\"aligncenter size-medium\"><img loading=\"lazy\" decoding=\"async\" width=\"258\" height=\"300\" src=\"https:\/\/arlingtonurbanag.org\/wp-content\/uploads\/2024\/02\/insta_produce-258x300.png\" alt=\"\" class=\"wp-image-2436\" srcset=\"https:\/\/arlingtonurbanag.org\/wp-content\/uploads\/2024\/02\/insta_produce-258x300.png 258w, https:\/\/arlingtonurbanag.org\/wp-content\/uploads\/2024\/02\/insta_produce-10x12.png 10w, https:\/\/arlingtonurbanag.org\/wp-content\/uploads\/2024\/02\/insta_produce.png 711w\" sizes=\"auto, (max-width: 258px) 100vw, 258px\" \/><\/figure>\n<\/div><\/div>\n<\/div>\n\n\n\n<div class=\"gb-element-cf5c88f8\">\n<div>\n<h3 class=\"gb-text gb-text-fde7da71\">Did you donate produce directly?<\/h3>\n\n\n\n<p>If you donate your produce directly to a food pantry and <em>no<\/em> via the Produce Donation Center, <a href=\"https:\/\/forms.gle\/K8yYe2ykxUPBL57H7\" target=\"_blank\" rel=\"noreferrer noopener\">please fill out this form<\/a> so we can correctly count donations.<\/p>\n\n\n\n<div class=\"gb-element-c28ce828\">\n<a class=\"gb-text gb-text-0e917dc3\" href=\"https:\/\/forms.gle\/FQdEazUeBjihU9TJ8\" target=\"_blank\" rel=\"noopener\">Record your produce donation<\/a>\n<\/div>\n<\/div>\n\n\n\n<div class=\"gb-element-303dfc2a\"><div class=\"wp-block-image is-style-rounded\">\n<figure class=\"aligncenter size-medium\"><img loading=\"lazy\" decoding=\"async\" width=\"244\" height=\"300\" src=\"https:\/\/arlingtonurbanag.org\/wp-content\/uploads\/2025\/09\/WRG-harvest-photo-244x300.jpg\" alt=\"\" class=\"wp-image-3546\" style=\"aspect-ratio:0.813323610604719\" srcset=\"https:\/\/arlingtonurbanag.org\/wp-content\/uploads\/2025\/09\/WRG-harvest-photo-244x300.jpg 244w, https:\/\/arlingtonurbanag.org\/wp-content\/uploads\/2025\/09\/WRG-harvest-photo-834x1024.jpg 834w, https:\/\/arlingtonurbanag.org\/wp-content\/uploads\/2025\/09\/WRG-harvest-photo-768x943.jpg 768w, https:\/\/arlingtonurbanag.org\/wp-content\/uploads\/2025\/09\/WRG-harvest-photo-1251x1536.jpg 1251w, https:\/\/arlingtonurbanag.org\/wp-content\/uploads\/2025\/09\/WRG-harvest-photo-1668x2048.jpg 1668w, https:\/\/arlingtonurbanag.org\/wp-content\/uploads\/2025\/09\/WRG-harvest-photo-10x12.jpg 10w\" sizes=\"auto, (max-width: 244px) 100vw, 244px\" \/><\/figure>\n<\/div><\/div>\n<\/div>\n\n\n\n<hr class=\"wp-block-separator has-alpha-channel-opacity\"\/>\n\n\n\n<h2 class=\"gb-text gb-text-da44d515\">Recommended Produce to Grow<\/h2>\n\n\n\n<div class=\"gb-element-4b10e705\">\n<div>\n<h3 class=\"gb-text gb-text-c0754514\">Primavera<\/h3>\n\n\n\n<ul class=\"wp-block-list\">\n<li>Remolachas<\/li>\n\n\n\n<li>Lechuga<\/li>\n\n\n\n<li>Espinaca<\/li>\n\n\n\n<li>coles<\/li>\n\n\n\n<li>col rizada<\/li>\n\n\n\n<li>Zanahorias<\/li>\n\n\n\n<li>R\u00e1banos<br><\/li>\n<\/ul>\n<\/div>\n\n\n\n<div>\n<h3 class=\"gb-text gb-text-f2ccae1e\">El verano<\/h3>\n\n\n\n<ul class=\"wp-block-list\">\n<li>Tomates<\/li>\n\n\n\n<li>Pimientos (de todo tipo)<\/li>\n\n\n\n<li>Pepinos<\/li>\n\n\n\n<li>calabaza de verano<\/li>\n\n\n\n<li>Jud\u00edas verdes<\/li>\n\n\n\n<li>col rizada<\/li>\n<\/ul>\n<\/div>\n\n\n\n<div>\n<h2 class=\"gb-text gb-text-ad19dde4\">Caer<\/h2>\n\n\n\n<ul class=\"wp-block-list\">\n<li>Calabaza de invierno<\/li>\n\n\n\n<li>Hierbas<\/li>\n\n\n\n<li>coles<\/li>\n\n\n\n<li>R\u00e1banos<\/li>\n\n\n\n<li>col rizada<\/li>\n\n\n\n<li>Nabos<\/li>\n\n\n\n<li>Papas blancas y batatas<\/li>\n<\/ul>\n<\/div>\n\n\n\n<p><\/p>\n<\/div>\n\n\n\n<div class=\"gb-element-627fa7a7\">\n<div>\n<h3 class=\"gb-text gb-text-d6d18186\">Reglas generales:<\/h3>\n\n\n\n<ul class=\"wp-block-list\">\n<li>Las verduras deben estar libres de suciedad y barro.<\/li>\n\n\n\n<li>Las verduras no deben estar plagadas de insectos, tener magulladuras graves o partirse.<\/li>\n\n\n\n<li>No mezcles verduras. Los voluntarios necesitan tiempo para clasificarlos y volver a empaquetarlos.<\/li>\n\n\n\n<li>M\u00e9todos de embalaje preferidos: conchas de almejas o bolsas con cierre herm\u00e9tico. El tama\u00f1o de las porciones debe ser bueno para una familia de 4.<\/li>\n\n\n\n<li>Etiquete productos inusuales, frijoles extra\u00f1os o calabazas locas para que las familias y los voluntarios sepan cu\u00e1les son.<\/li>\n\n\n\n<li>Etiquete los pimientos como dulces, medianos o picantes.<\/li>\n\n\n\n<li>Se aceptan productos tanto a granel como envasados.<\/li>\n\n\n\n<li>BONUS donation: New compostable produce bags<\/li>\n<\/ul>\n<\/div>\n\n\n\n<div><div class=\"wp-block-image\">\n<figure class=\"aligncenter size-large\"><img loading=\"lazy\" decoding=\"async\" width=\"1024\" height=\"768\" src=\"https:\/\/arlingtonurbanag.org\/wp-content\/uploads\/2022\/08\/image6-1024x768.jpeg\" alt=\"\" class=\"wp-image-1650\" srcset=\"https:\/\/arlingtonurbanag.org\/wp-content\/uploads\/2022\/08\/image6-1024x768.jpeg 1024w, https:\/\/arlingtonurbanag.org\/wp-content\/uploads\/2022\/08\/image6-300x225.jpeg 300w, https:\/\/arlingtonurbanag.org\/wp-content\/uploads\/2022\/08\/image6-768x576.jpeg 768w, https:\/\/arlingtonurbanag.org\/wp-content\/uploads\/2022\/08\/image6-1536x1152.jpeg 1536w, https:\/\/arlingtonurbanag.org\/wp-content\/uploads\/2022\/08\/image6-16x12.jpeg 16w, https:\/\/arlingtonurbanag.org\/wp-content\/uploads\/2022\/08\/image6.jpeg 2016w\" sizes=\"auto, (max-width: 1024px) 100vw, 1024px\" \/><\/figure>\n<\/div><\/div>\n<\/div>","protected":false},"excerpt":{"rendered":"<p>2026 Produce Donation Center will open on May 11! Donate your garden produce to a Plot Against Hunger Produce Donation Center! We welcome all amounts, starting with those extra vegetables you won\u2019t use. Our regular 2025 days are: If Monday is a holiday, bagging day will be the following day, Tuesday. Rock Spring Church &#8211; &#8230; <\/p>\n<p class=\"read-more-container\"><a title=\"Donar los productos de su jard\u00edn\" class=\"read-more button\" href=\"https:\/\/arlingtonurbanag.org\/es\/donating-your-garden-produce\/#more-3097\" aria-label=\"Leer m\u00e1s sobre Donar los productos de tu huerta\">Lee mas<\/a><\/p>","protected":false},"author":7,"featured_media":0,"parent":0,"menu_order":0,"comment_status":"closed","ping_status":"closed","template":"","meta":{"footnotes":""},"class_list":{"0":"post-3097","1":"page","2":"type-page","3":"status-publish","5":"infinite-scroll-item"},"featured_image_src":null,"_links":{"self":[{"href":"https:\/\/arlingtonurbanag.org\/es\/wp-json\/wp\/v2\/pages\/3097","targetHints":{"allow":["GET"]}}],"collection":[{"href":"https:\/\/arlingtonurbanag.org\/es\/wp-json\/wp\/v2\/pages"}],"about":[{"href":"https:\/\/arlingtonurbanag.org\/es\/wp-json\/wp\/v2\/types\/page"}],"author":[{"embeddable":true,"href":"https:\/\/arlingtonurbanag.org\/es\/wp-json\/wp\/v2\/users\/7"}],"replies":[{"embeddable":true,"href":"https:\/\/arlingtonurbanag.org\/es\/wp-json\/wp\/v2\/comments?post=3097"}],"version-history":[{"count":19,"href":"https:\/\/arlingtonurbanag.org\/es\/wp-json\/wp\/v2\/pages\/3097\/revisions"}],"predecessor-version":[{"id":3923,"href":"https:\/\/arlingtonurbanag.org\/es\/wp-json\/wp\/v2\/pages\/3097\/revisions\/3923"}],"wp:attachment":[{"href":"https:\/\/arlingtonurbanag.org\/es\/wp-json\/wp\/v2\/media?parent=3097"}],"curies":[{"name":"wp","href":"https:\/\/api.w.org\/{rel}","templated":true}]}}