{"id":3102,"date":"2025-04-30T14:22:22","date_gmt":"2025-04-30T19:22:22","guid":{"rendered":"https:\/\/arlingtonurbanag.org\/?page_id=3102"},"modified":"2025-05-02T15:21:29","modified_gmt":"2025-05-02T20:21:29","slug":"volunteer-with-plot-against-hunger","status":"publish","type":"page","link":"https:\/\/arlingtonurbanag.org\/es\/volunteer-with-plot-against-hunger\/","title":{"rendered":"Voluntario con Plot Against Hunger"},"content":{"rendered":"<div class=\"gb-element-5daab5d2\">\n<div>\n<p>Sea voluntario en un huerto existente en Arlington, ayude en el centro de embolsado de productos, recoja en granjas y huertos locales o apoye nuestros esfuerzos de otra manera. \u00bfVes un terreno sin usar? \u00a1Comienza un jard\u00edn por Plot Against Hunger! Las escuelas, bibliotecas, instituciones religiosas y otras organizaciones y empresas tienen espacio potencial y lo ayudaremos a guiarlo. Nuestra organizaci\u00f3n est\u00e1 dirigida completamente por voluntarios, por lo que siempre nos vendr\u00eda bien una mano extra. Encuentre algunas oportunidades para ser voluntario a continuaci\u00f3n.<\/p>\n\n\n\n<div class=\"gb-element-f4680d27\">\n<a class=\"gb-text gb-text-9d9a9a1a\" href=\"https:\/\/arlingtonurbanag.org\/es\/plot-against-hunger\/volunteer-in-a-plot-against-hunger-garden\/\">Encuentre un jard\u00edn que necesite ayuda<\/a>\n\n\n\n<a class=\"gb-text gb-text-0aae3b05\" href=\"https:\/\/arlingtonurbanag.org\/es\/volunteer-login\/\">Ver todas las oportunidades de voluntariado<\/a>\n<\/div>\n\n\n\n<div class=\"gb-element-96990ea8\"><\/div>\n<\/div>\n\n\n\n<div><div class=\"wp-block-image\">\n<figure class=\"aligncenter size-full\"><img loading=\"lazy\" decoding=\"async\" width=\"895\" height=\"670\" src=\"https:\/\/arlingtonurbanag.org\/wp-content\/uploads\/2024\/02\/glean.png\" alt=\"\" class=\"wp-image-2442\" srcset=\"https:\/\/arlingtonurbanag.org\/wp-content\/uploads\/2024\/02\/glean.png 895w, https:\/\/arlingtonurbanag.org\/wp-content\/uploads\/2024\/02\/glean-300x225.png 300w, https:\/\/arlingtonurbanag.org\/wp-content\/uploads\/2024\/02\/glean-768x575.png 768w, https:\/\/arlingtonurbanag.org\/wp-content\/uploads\/2024\/02\/glean-16x12.png 16w\" sizes=\"auto, (max-width: 895px) 100vw, 895px\" \/><\/figure>\n<\/div><\/div>\n<\/div>\n\n\n\n<div class=\"gb-element-58490127\">\n<div>\n<h3 class=\"gb-text gb-text-ed1d3b3c\">Espigueo<\/h3>\n\n\n\n<p>Nosotros&nbsp;<a href=\"https:\/\/arlingtonurbanag.org\/es\/gleaning\/\">espigar<\/a>&nbsp;at local farms to pick produce and deliver it back to Arlington area feeding programs. This significantly contributes to our produce donation efforts and helps connect us with local farmers. Our 2025 gleaning schedule is soon to come! If you haven&#8217;t already,&nbsp;<a href=\"https:\/\/arlingtonurbanag.org\/es\/volunteer-login\/\" target=\"_blank\" rel=\"noreferrer noopener\">inscr\u00edbete para ser voluntario<\/a>&nbsp;e indique que le gustar\u00eda recolectar.<\/p>\n\n\n\n<div class=\"gb-element-ca577bd7\">\n<a class=\"gb-text gb-text-a29b6153\" href=\"https:\/\/arlingtonurbanag.org\/es\/gleaning\/\">Espigueo<\/a>\n\n\n\n<a class=\"gb-text gb-text-0b6e3d0b\" href=\"https:\/\/arlingtonurbanag.org\/es\/volunteer-login\/\">Iniciar sesi\u00f3n<\/a>\n\n\n\n<a class=\"gb-text gb-text-cd97fba9\" href=\"https:\/\/arlingtonurbanag.org\/es\/volunteer\/\">Reg\u00edstrate para ser voluntario<\/a>\n<\/div>\n<\/div>\n\n\n\n<div>\n<h3 class=\"gb-text gb-text-39a0db71\">\u00danete al Comit\u00e9 Plot Against Hunger<br><\/h3>\n\n\n\n<p>\u00a1Informaci\u00f3n pr\u00f3ximamente!<\/p>\n<\/div>\n<\/div>\n\n\n\n<p><\/p>\n\n\n\n<p><\/p>","protected":false},"excerpt":{"rendered":"<p>Sea voluntario en un huerto existente en Arlington, ayude en el centro de embolsado de productos agr\u00edcolas, recolecte en granjas y huertos locales o apoye nuestros esfuerzos de otra manera. \u00bfVes un terreno sin usar? \u00a1Comienza un jard\u00edn por Plot Against Hunger! Las escuelas, bibliotecas, instituciones religiosas y otras organizaciones y empresas tienen espacio potencial y ayudaremos... <\/p>\n<p class=\"read-more-container\"><a title=\"Voluntario con Plot Against Hunger\" class=\"read-more button\" href=\"https:\/\/arlingtonurbanag.org\/es\/volunteer-with-plot-against-hunger\/#more-3102\" aria-label=\"Leer m\u00e1s sobre Voluntariado con Plot Against Hunger\">Lee mas<\/a><\/p>","protected":false},"author":7,"featured_media":0,"parent":0,"menu_order":0,"comment_status":"closed","ping_status":"closed","template":"","meta":{"footnotes":""},"class_list":{"0":"post-3102","1":"page","2":"type-page","3":"status-publish","5":"infinite-scroll-item"},"featured_image_src":null,"_links":{"self":[{"href":"https:\/\/arlingtonurbanag.org\/es\/wp-json\/wp\/v2\/pages\/3102","targetHints":{"allow":["GET"]}}],"collection":[{"href":"https:\/\/arlingtonurbanag.org\/es\/wp-json\/wp\/v2\/pages"}],"about":[{"href":"https:\/\/arlingtonurbanag.org\/es\/wp-json\/wp\/v2\/types\/page"}],"author":[{"embeddable":true,"href":"https:\/\/arlingtonurbanag.org\/es\/wp-json\/wp\/v2\/users\/7"}],"replies":[{"embeddable":true,"href":"https:\/\/arlingtonurbanag.org\/es\/wp-json\/wp\/v2\/comments?post=3102"}],"version-history":[{"count":16,"href":"https:\/\/arlingtonurbanag.org\/es\/wp-json\/wp\/v2\/pages\/3102\/revisions"}],"predecessor-version":[{"id":3421,"href":"https:\/\/arlingtonurbanag.org\/es\/wp-json\/wp\/v2\/pages\/3102\/revisions\/3421"}],"wp:attachment":[{"href":"https:\/\/arlingtonurbanag.org\/es\/wp-json\/wp\/v2\/media?parent=3102"}],"curies":[{"name":"wp","href":"https:\/\/api.w.org\/{rel}","templated":true}]}}