{"id":3113,"date":"2025-04-30T14:22:21","date_gmt":"2025-04-30T19:22:21","guid":{"rendered":"https:\/\/arlingtonurbanag.org\/?page_id=3113"},"modified":"2025-05-01T13:07:10","modified_gmt":"2025-05-01T18:07:10","slug":"seeds-and-seedlings","status":"publish","type":"page","link":"https:\/\/arlingtonurbanag.org\/es\/seeds-and-seedlings\/","title":{"rendered":"Semillas y Pl\u00e1ntulas"},"content":{"rendered":"<div class=\"gb-element-dbb3e002\">\n<div>\n<h3 class=\"gb-text gb-text-c13975bb\">pl\u00e1ntulas<\/h3>\n\n\n\n<p><em>*La distribuci\u00f3n de pl\u00e1ntulas para 2024 ha cerrado.*<\/em><\/p>\n\n\n\n<p>El programa Plot Against Hunger est\u00e1 coordinando un intercambio de pl\u00e1ntulas entre cultivadores de pl\u00e1ntulas y jardines PLOT que necesitan pl\u00e1ntulas. Este a\u00f1o estamos limitando los tipos de plantas de semillero a cultivos de temporada fr\u00eda (berzas, col rizada, acelgas) y solan\u00e1ceas (tomates, pimientos). El primer intercambio de pl\u00e1ntulas de cultivos de estaci\u00f3n fr\u00eda tendr\u00e1 lugar a mediados de marzo; el segundo intercambio tendr\u00e1 lugar alrededor de la primera semana de mayo. Lugares de recogida y horas\/d\u00edas TBD.<br><\/p>\n<\/div>\n\n\n\n<div class=\"gb-element-770a8cbe\"><div class=\"wp-block-image is-style-default\">\n<figure class=\"aligncenter size-medium\"><img loading=\"lazy\" decoding=\"async\" width=\"284\" height=\"300\" src=\"https:\/\/arlingtonurbanag.org\/wp-content\/uploads\/2024\/02\/mila-284x300.png\" alt=\"\" class=\"wp-image-2454\" srcset=\"https:\/\/arlingtonurbanag.org\/wp-content\/uploads\/2024\/02\/mila-284x300.png 284w, https:\/\/arlingtonurbanag.org\/wp-content\/uploads\/2024\/02\/mila-768x813.png 768w, https:\/\/arlingtonurbanag.org\/wp-content\/uploads\/2024\/02\/mila-11x12.png 11w, https:\/\/arlingtonurbanag.org\/wp-content\/uploads\/2024\/02\/mila.png 894w\" sizes=\"auto, (max-width: 284px) 100vw, 284px\" \/><\/figure>\n<\/div><\/div>\n<\/div>\n\n\n\n<div class=\"gb-element-6cac3a48\">\n<div class=\"gb-element-06d459a7\"><div class=\"wp-block-image\">\n<figure class=\"aligncenter size-medium is-resized\"><img loading=\"lazy\" decoding=\"async\" width=\"280\" height=\"300\" src=\"https:\/\/arlingtonurbanag.org\/wp-content\/uploads\/2024\/02\/seeds-280x300.png\" alt=\"\" class=\"wp-image-2479\" style=\"object-fit:cover;width:280px;height:auto\" srcset=\"https:\/\/arlingtonurbanag.org\/wp-content\/uploads\/2024\/02\/seeds-280x300.png 280w, https:\/\/arlingtonurbanag.org\/wp-content\/uploads\/2024\/02\/seeds-768x822.png 768w, https:\/\/arlingtonurbanag.org\/wp-content\/uploads\/2024\/02\/seeds-11x12.png 11w, https:\/\/arlingtonurbanag.org\/wp-content\/uploads\/2024\/02\/seeds.png 883w\" sizes=\"auto, (max-width: 280px) 100vw, 280px\" \/><\/figure>\n<\/div><\/div>\n\n\n\n<div class=\"gb-element-3aed222d\">\n<h3 class=\"gb-text gb-text-c7d547f6\">Semillas<\/h3>\n\n\n\n<p>Arlington Virginia Extensi\u00f3n Cooperativa y Plot Against Hunger distribuyen semillas donadas a jardines de parcelas, jardines comunitarios y otros jardineros en la primavera. Correo electr\u00f3nico&nbsp;<a href=\"mailto:plotagainsthunger@arlingtonurbanag.org\">plotagainsthunger@arlingtonurbanag.org<\/a>&nbsp;si necesitas semillas. \u00a1Tendremos un suministro limitado!<\/p>\n\n\n\n<p><br><\/p>\n\n\n\n<a class=\"gb-text gb-text-2cfcf8b1\" href=\"https:\/\/arlingtonurbanag.org\/es\/seed-donations\/\">See Last Year&#8217;s Donations<\/a>\n<\/div>\n<\/div>\n\n\n\n<p><\/p>","protected":false},"excerpt":{"rendered":"<p>Seedlings *Seedling distribution for 2024 has closed.* Plot Against Hunger Program is coordinating an exchange of seedlings between seedling growers and PLOT gardens that need seedlings. This year we are limiting types of seedlings to cool season crops (collards, kale, chard) and nightshades (tomatoes, peppers). The first exchange of cool season crop seedlings will take &#8230; <\/p>\n<p class=\"read-more-container\"><a title=\"Semillas y Pl\u00e1ntulas\" class=\"read-more button\" href=\"https:\/\/arlingtonurbanag.org\/es\/seeds-and-seedlings\/#more-3113\" aria-label=\"Leer m\u00e1s sobre Semillas y Pl\u00e1ntulas\">Lee mas<\/a><\/p>","protected":false},"author":7,"featured_media":0,"parent":0,"menu_order":0,"comment_status":"closed","ping_status":"closed","template":"","meta":{"footnotes":""},"class_list":{"0":"post-3113","1":"page","2":"type-page","3":"status-publish","5":"infinite-scroll-item"},"featured_image_src":null,"_links":{"self":[{"href":"https:\/\/arlingtonurbanag.org\/es\/wp-json\/wp\/v2\/pages\/3113","targetHints":{"allow":["GET"]}}],"collection":[{"href":"https:\/\/arlingtonurbanag.org\/es\/wp-json\/wp\/v2\/pages"}],"about":[{"href":"https:\/\/arlingtonurbanag.org\/es\/wp-json\/wp\/v2\/types\/page"}],"author":[{"embeddable":true,"href":"https:\/\/arlingtonurbanag.org\/es\/wp-json\/wp\/v2\/users\/7"}],"replies":[{"embeddable":true,"href":"https:\/\/arlingtonurbanag.org\/es\/wp-json\/wp\/v2\/comments?post=3113"}],"version-history":[{"count":9,"href":"https:\/\/arlingtonurbanag.org\/es\/wp-json\/wp\/v2\/pages\/3113\/revisions"}],"predecessor-version":[{"id":3323,"href":"https:\/\/arlingtonurbanag.org\/es\/wp-json\/wp\/v2\/pages\/3113\/revisions\/3323"}],"wp:attachment":[{"href":"https:\/\/arlingtonurbanag.org\/es\/wp-json\/wp\/v2\/media?parent=3113"}],"curies":[{"name":"wp","href":"https:\/\/api.w.org\/{rel}","templated":true}]}}