{"id":3121,"date":"2025-04-30T14:22:20","date_gmt":"2025-04-30T19:22:20","guid":{"rendered":"https:\/\/arlingtonurbanag.org\/?page_id=3121"},"modified":"2026-02-17T12:55:46","modified_gmt":"2026-02-17T17:55:46","slug":"ttg","status":"publish","type":"page","link":"https:\/\/arlingtonurbanag.org\/es\/ttg\/","title":{"rendered":"Jard\u00edn Terraza Terborgh"},"content":{"rendered":"<div class=\"gb-element-43169d60\">\n<div><div class=\"wp-block-image\">\n<figure class=\"aligncenter size-medium\"><img loading=\"lazy\" decoding=\"async\" width=\"300\" height=\"300\" src=\"https:\/\/arlingtonurbanag.org\/wp-content\/uploads\/2023\/09\/Terborgh-logo-final-copy-300x300.jpg\" alt=\"\" class=\"wp-image-2165\" srcset=\"https:\/\/arlingtonurbanag.org\/wp-content\/uploads\/2023\/09\/Terborgh-logo-final-copy-300x300.jpg 300w, https:\/\/arlingtonurbanag.org\/wp-content\/uploads\/2023\/09\/Terborgh-logo-final-copy-150x150.jpg 150w, https:\/\/arlingtonurbanag.org\/wp-content\/uploads\/2023\/09\/Terborgh-logo-final-copy-12x12.jpg 12w, https:\/\/arlingtonurbanag.org\/wp-content\/uploads\/2023\/09\/Terborgh-logo-final-copy.jpg 459w\" sizes=\"auto, (max-width: 300px) 100vw, 300px\" \/><\/figure>\n<\/div><\/div>\n\n\n\n<div>\n<p class=\"has-text-align-center\"><strong><em>Jump on our new <\/em><\/strong><em><strong><a href=\"https:\/\/join.slack.com\/t\/ttg-mra9955\/shared_invite\/zt-39piuy8s2-12EaQ6YMWXYfVKMIY7HO6A\" data-type=\"link\" data-id=\"https:\/\/join.slack.com\/t\/ttg-mra9955\/shared_invite\/zt-39piuy8s2-12EaQ6YMWXYfVKMIY7HO6A\" target=\"_blank\" rel=\"noopener\">TTG Slack channel<\/a> to get a quick start on the volunteer team!<\/strong><\/em><\/p>\n\n\n\n<p>Terborgh Terrace Garden, una colaboraci\u00f3n din\u00e1mica entre el\u00a0<a href=\"https:\/\/www.nvct.org\/\" target=\"_blank\" rel=\"noreferrer noopener\">Fideicomiso de Conservaci\u00f3n Norte Virginia (NVCT)<\/a>\u00a0and Friends of Urban Agriculture (FOUA), is ready to bloom again in 2026 in north Arlington. Our mission revolves around harnessing the gardener&#8217;s superpowers to protect water, soil, and air quality, ensuring a healthier environment. The heart of our project, the\u00a0<a href=\"https:\/\/arlingtonurbanag.org\/es\/plot-against-hunger\/\" target=\"_blank\" rel=\"noreferrer noopener\">Complot contra el Hambre<\/a>\u00a0programa, combate la inseguridad alimentaria recolectando miles de libras de productos agr\u00edcolas locales aqu\u00ed mismo en Arlington. Este exuberante jard\u00edn est\u00e1 preparado para producir vegetales frescos, ofrecer eventos comunitarios atractivos y brindar oportunidades educativas. As\u00f3ciese con nosotros para crear un oasis verde sostenible, que nutra tanto la tierra como las personas a las que sirve. \u00danase a nuestro viaje hacia un futuro m\u00e1s brillante y verde aqu\u00ed mismo en Northern Virginia.<\/p>\n\n\n\n<p>2026 volunteer opportunities and schedules will be posted by early summer. You can find us at 4578 26th St N, Arlington, Virginia.<\/p>\n<\/div>\n<\/div>\n\n\n\n<h4 class=\"wp-block-heading\">Para m\u00e1s informaci\u00f3n:<\/h4>\n\n\n\n<div class=\"gb-element-d724e6f7\">\n<div><div class=\"wp-block-image\">\n<figure class=\"aligncenter size-large\"><img loading=\"lazy\" decoding=\"async\" width=\"1024\" height=\"1024\" src=\"https:\/\/arlingtonurbanag.org\/wp-content\/uploads\/2023\/09\/Amelia-image-e1696012749145-1024x1024.jpg\" alt=\"\" class=\"wp-image-2162\" srcset=\"https:\/\/arlingtonurbanag.org\/wp-content\/uploads\/2023\/09\/Amelia-image-e1696012749145-1024x1024.jpg 1024w, https:\/\/arlingtonurbanag.org\/wp-content\/uploads\/2023\/09\/Amelia-image-e1696012749145-300x300.jpg 300w, https:\/\/arlingtonurbanag.org\/wp-content\/uploads\/2023\/09\/Amelia-image-e1696012749145-150x150.jpg 150w, https:\/\/arlingtonurbanag.org\/wp-content\/uploads\/2023\/09\/Amelia-image-e1696012749145-768x768.jpg 768w, https:\/\/arlingtonurbanag.org\/wp-content\/uploads\/2023\/09\/Amelia-image-e1696012749145-1536x1536.jpg 1536w, https:\/\/arlingtonurbanag.org\/wp-content\/uploads\/2023\/09\/Amelia-image-e1696012749145-12x12.jpg 12w, https:\/\/arlingtonurbanag.org\/wp-content\/uploads\/2023\/09\/Amelia-image-e1696012749145.jpg 1568w\" sizes=\"auto, (max-width: 1024px) 100vw, 1024px\" \/><\/figure>\n<\/div><\/div>\n\n\n\n<div>\n<h3 class=\"wp-block-heading has-text-align-center\">Amelia Wilt<\/h3>\n\n\n\n<p>Coordinador de Asociaciones de la Asociaci\u00f3n de Conservaci\u00f3n del Norte Virginia<\/p>\n\n\n\n<p><a href=\"mailto:awilt@nvct.org\">awilt@nvct.org<\/a><\/p>\n<\/div>\n\n\n\n<div><div class=\"wp-block-image\">\n<figure class=\"aligncenter size-medium is-resized\"><img loading=\"lazy\" decoding=\"async\" width=\"246\" height=\"300\" src=\"https:\/\/arlingtonurbanag.org\/wp-content\/uploads\/2023\/09\/IMG_9573-e1696012786142-246x300.jpg\" alt=\"\" class=\"wp-image-2163\" style=\"width:auto;height:265px\" srcset=\"https:\/\/arlingtonurbanag.org\/wp-content\/uploads\/2023\/09\/IMG_9573-e1696012786142-246x300.jpg 246w, https:\/\/arlingtonurbanag.org\/wp-content\/uploads\/2023\/09\/IMG_9573-e1696012786142-840x1024.jpg 840w, https:\/\/arlingtonurbanag.org\/wp-content\/uploads\/2023\/09\/IMG_9573-e1696012786142-768x937.jpg 768w, https:\/\/arlingtonurbanag.org\/wp-content\/uploads\/2023\/09\/IMG_9573-e1696012786142-1259x1536.jpg 1259w, https:\/\/arlingtonurbanag.org\/wp-content\/uploads\/2023\/09\/IMG_9573-e1696012786142-10x12.jpg 10w, https:\/\/arlingtonurbanag.org\/wp-content\/uploads\/2023\/09\/IMG_9573-e1696012786142.jpg 1575w\" sizes=\"auto, (max-width: 246px) 100vw, 246px\" \/><\/figure>\n<\/div><\/div>\n\n\n\n<div>\n<h2 class=\"wp-block-heading\">emily landman<\/h2>\n\n\n\n<p>Arlington Friends of Urban Agriculture Past President<\/p>\n\n\n\n<p><a href=\"mailto:president@arlingtonurbanag.org\">voluntario@arlingtonurbanag.org<\/a><\/p>\n<\/div>\n<\/div>\n\n\n\n<p><br><\/p>\n\n\n\n<h2 class=\"gb-text gb-text-23a21061\">Mantenimiento de camas TTG 2024<\/h2>\n\n\n\n<div>\n<div class=\"alignnormal\"><div id=\"metaslider-id-994\" style=\"max-width: 750px; margin: 0 auto;\" class=\"ml-slider-3-108-0 metaslider metaslider-nivo metaslider-994 ml-slider ms-theme-default\" role=\"region\" aria-label=\"Actualizaci\u00f3n de TTG 2024\" data-height=\"500\" data-width=\"750\">\n    <div id=\"metaslider_container_994\">\n        <div class='slider-wrapper theme-default'><div class='ribbon'><\/div><div id='metaslider_994' class='nivoSlider'><img loading=\"lazy\" decoding=\"async\" src=\"https:\/\/arlingtonurbanag.org\/wp-content\/uploads\/2024\/08\/IMG_9435-scaled-750x500.jpeg\" height=\"500\" width=\"750\" data-caption=\"&lt;div&gt;August 5 - After a painfully hot and dry July, we cleaned up the beds and cut the cover crop back. Getting read to plant a fall cover crop in a few weeks to continue to build up our soils.&lt;\/div&gt;\" title=\"Imagen_9435\" alt=\"\" class=\"slider-994 slide-2699 msDefaultImage\" \/><img loading=\"lazy\" decoding=\"async\" src=\"https:\/\/arlingtonurbanag.org\/wp-content\/uploads\/2024\/08\/IMG_9432-scaled-750x500.jpeg\" height=\"500\" width=\"750\" data-caption=\"&lt;div&gt;August 5 - After a painfully hot and dry July, we cleaned up the beds and cut the cover crop back. Only a few potato plants made it. Neighboring deer nibbled so much. Fencing is badly needed.&lt;\/div&gt;\" title=\"Imagen_9432\" alt=\"\" class=\"slider-994 slide-2701 msDefaultImage\" \/><img loading=\"lazy\" decoding=\"async\" src=\"https:\/\/arlingtonurbanag.org\/wp-content\/uploads\/2024\/08\/IMG_9428-scaled-750x500.jpeg\" height=\"500\" width=\"750\" data-caption=\"&lt;div&gt;August 5 - After a painfully hot and dry July, we cleaned up the beds and cut the cover crop back. We even found several praying mantises and moved them to safety!&amp;nbsp;&lt;\/div&gt;\" title=\"Imagen_9428\" alt=\"\" class=\"slider-994 slide-2702 msDefaultImage\" \/><img loading=\"lazy\" decoding=\"async\" src=\"https:\/\/arlingtonurbanag.org\/wp-content\/uploads\/2024\/08\/IMG_9425-scaled-750x500.jpeg\" height=\"500\" width=\"750\" data-caption=\"&lt;div&gt;August 5 - After a painfully hot and dry July, we cleaned up the beds and cut the cover crop back. We even found several praying mantises and moved them to safety!&amp;nbsp;&lt;\/div&gt;\" title=\"Imagen_9425\" alt=\"\" class=\"slider-994 slide-2703 msDefaultImage\" \/><img loading=\"lazy\" decoding=\"async\" src=\"https:\/\/arlingtonurbanag.org\/wp-content\/uploads\/2024\/08\/IMG_9418-scaled-750x500.jpeg\" height=\"500\" width=\"750\" data-caption=\"&lt;div&gt;August 5 - After a painfully hot and dry July, we cleaned up the beds and cut the cover crop back. We found some little potatoes in the bed, but sadly, most had been mowed down by our neighboring deer!&amp;nbsp;&lt;\/div&gt;\" title=\"Imagen_9418\" alt=\"\" class=\"slider-994 slide-2704 msDefaultImage\" \/><img loading=\"lazy\" decoding=\"async\" src=\"https:\/\/arlingtonurbanag.org\/wp-content\/uploads\/2024\/08\/IMG_9415-scaled-750x500.jpeg\" height=\"500\" width=\"750\" data-caption=\"&lt;div&gt;August 5 - After a painfully hot and dry July, we cleaned up the beds and cut the cover crop back.&amp;nbsp;&lt;\/div&gt;\" title=\"Imagen_9415\" alt=\"\" class=\"slider-994 slide-2705 msDefaultImage\" \/><img loading=\"lazy\" decoding=\"async\" src=\"https:\/\/arlingtonurbanag.org\/wp-content\/uploads\/2024\/08\/IMG_9410-scaled-750x500.jpeg\" height=\"500\" width=\"750\" data-caption=\"&lt;div&gt;August 5 - After a painfully hot and dry July, we cleaned up the beds and cut the cover crop back. Much of this cover crop will break down and add to our soil.&lt;\/div&gt;\" title=\"Imagen_9410\" alt=\"\" class=\"slider-994 slide-2706 msDefaultImage\" \/><img loading=\"lazy\" decoding=\"async\" src=\"https:\/\/arlingtonurbanag.org\/wp-content\/uploads\/2024\/08\/IMG_9404-scaled-750x500.jpeg\" height=\"500\" width=\"750\" data-caption=\"&lt;div&gt;August 5 - After a painfully hot and dry July, we cleaned up the beds and cut the cover crop back. We also trimmed overhanging chestnut tree branches.&amp;nbsp;&lt;\/div&gt;\" title=\"Imagen_9404\" alt=\"\" class=\"slider-994 slide-2707 msDefaultImage\" \/><img loading=\"lazy\" decoding=\"async\" src=\"https:\/\/arlingtonurbanag.org\/wp-content\/uploads\/2024\/08\/IMG_9402-scaled-750x500.jpeg\" height=\"500\" width=\"750\" data-caption=\"&lt;div&gt;August 5 - After a painfully hot and dry July, we cleaned up the beds and cut the cover crop back.&amp;nbsp;&lt;\/div&gt;\" title=\"Imagen_9402\" alt=\"\" class=\"slider-994 slide-2708 msDefaultImage\" \/><img loading=\"lazy\" decoding=\"async\" src=\"https:\/\/arlingtonurbanag.org\/wp-content\/uploads\/2024\/08\/IMG_6806-scaled-750x500.jpeg\" height=\"500\" width=\"750\" data-caption=\"&lt;div&gt;April 14 - Potato planting day. We planted into the straw and covered them up. Good luck, little spuds!&amp;nbsp;&lt;\/div&gt;\" title=\"Imagen_6806\" alt=\"\" class=\"slider-994 slide-2709 msDefaultImage\" \/><img loading=\"lazy\" decoding=\"async\" src=\"https:\/\/arlingtonurbanag.org\/wp-content\/uploads\/2024\/08\/IMG_6803-scaled-750x500.jpeg\" height=\"500\" width=\"750\" data-caption=\"&lt;div&gt;April 14 - Potato planting day. We planted into the straw and covered them up. Good luck, little spuds!&amp;nbsp;&lt;\/div&gt;\" title=\"Imagen_6803\" alt=\"\" class=\"slider-994 slide-2710 msDefaultImage\" \/><img loading=\"lazy\" decoding=\"async\" src=\"https:\/\/arlingtonurbanag.org\/wp-content\/uploads\/2024\/08\/IMG_6799-scaled-750x500.jpeg\" height=\"500\" width=\"750\" data-caption=\"&lt;div&gt;April 14 - Potato planting day. We planted into the straw and covered them up. Good luck, little spuds!&amp;nbsp;&lt;\/div&gt;\" title=\"Imagen_6799\" alt=\"\" class=\"slider-994 slide-2711 msDefaultImage\" \/><img loading=\"lazy\" decoding=\"async\" src=\"https:\/\/arlingtonurbanag.org\/wp-content\/uploads\/2024\/08\/IMG_6796-scaled-750x500.jpeg\" height=\"500\" width=\"750\" data-caption=\"&lt;div&gt;April 14 - Potato planting day. We planted into the straw and covered them up. Good luck, little spuds!&amp;nbsp;&lt;\/div&gt;\" title=\"Imagen_6796\" alt=\"\" class=\"slider-994 slide-2712 msDefaultImage\" \/><img loading=\"lazy\" decoding=\"async\" src=\"https:\/\/arlingtonurbanag.org\/wp-content\/uploads\/2024\/08\/IMG_6787-scaled-750x500.jpeg\" height=\"500\" width=\"750\" data-caption=\"&lt;div&gt;April 14 - Potato planting day. We planted into the straw and covered them up. Good luck, little spuds!&amp;nbsp;&lt;\/div&gt;\" title=\"Imagen_6787\" alt=\"\" class=\"slider-994 slide-2713 msDefaultImage\" \/><img loading=\"lazy\" decoding=\"async\" src=\"https:\/\/arlingtonurbanag.org\/wp-content\/uploads\/2024\/08\/IMG_6786-scaled-750x500.jpeg\" height=\"500\" width=\"750\" data-caption=\"&lt;div&gt;April 14 - Potato planting day. We planted into the straw and covered them up. Good luck, little spuds!&amp;nbsp;&lt;\/div&gt;\" title=\"Imagen_6786\" alt=\"\" class=\"slider-994 slide-2714 msDefaultImage\" \/><img loading=\"lazy\" decoding=\"async\" src=\"https:\/\/arlingtonurbanag.org\/wp-content\/uploads\/2024\/08\/IMG_6343-scaled-750x500.jpeg\" height=\"500\" width=\"750\" data-caption=\"&lt;div&gt;March 11 - Teamwork! Breaking down the winter cover crop and placing pavers around the outline of the beds. Bed 3 will be planted with potatoes, so we built a center path and covered with straw.&lt;\/div&gt;\" title=\"Imagen_6343\" alt=\"\" class=\"slider-994 slide-2715 msDefaultImage\" \/><img loading=\"lazy\" decoding=\"async\" src=\"https:\/\/arlingtonurbanag.org\/wp-content\/uploads\/2024\/08\/IMG_6333-scaled-750x500.jpeg\" height=\"500\" width=\"750\" data-caption=\"&lt;div&gt;March 11 - Teamwork! Breaking down the winter cover crop and placing pavers around the outline of the beds. Bed 3 will be planted with potatoes in a few weeks, so we built a center path to walk down.&lt;\/div&gt;\" title=\"Imagen_6333\" alt=\"\" class=\"slider-994 slide-2716 msDefaultImage\" \/><img loading=\"lazy\" decoding=\"async\" src=\"https:\/\/arlingtonurbanag.org\/wp-content\/uploads\/2024\/08\/IMG_6314-scaled-750x500.jpeg\" height=\"500\" width=\"750\" data-caption=\"&lt;div&gt;March 11 - Teamwork! Breaking down the winter cover crop and placing pavers around the outline of the beds.&amp;nbsp;&lt;\/div&gt;\" title=\"Imagen_6314\" alt=\"\" class=\"slider-994 slide-2717 msDefaultImage\" \/><img loading=\"lazy\" decoding=\"async\" src=\"https:\/\/arlingtonurbanag.org\/wp-content\/uploads\/2024\/08\/IMG_6313-scaled-750x500.jpeg\" height=\"500\" width=\"750\" data-caption=\"&lt;div&gt;March 11 - Teamwork! Breaking down the winter cover crop and placing pavers around the outline of the beds.&amp;nbsp;&lt;\/div&gt;\" title=\"Imagen_6313\" alt=\"\" class=\"slider-994 slide-2718 msDefaultImage\" \/><img loading=\"lazy\" decoding=\"async\" src=\"https:\/\/arlingtonurbanag.org\/wp-content\/uploads\/2024\/08\/IMG_6307-scaled-750x500.jpeg\" height=\"500\" width=\"750\" data-caption=\"&lt;div&gt;March 11 - Teamwork! Breaking down the winter cover crop and placing pavers around the outline of the beds.&amp;nbsp;&lt;\/div&gt;\" title=\"Imagen_6307\" alt=\"\" class=\"slider-994 slide-2719 msDefaultImage\" \/><img loading=\"lazy\" decoding=\"async\" src=\"https:\/\/arlingtonurbanag.org\/wp-content\/uploads\/2024\/08\/IMG_6299-scaled-750x500.jpeg\" height=\"500\" width=\"750\" data-caption=\"&lt;div&gt;March 11 - Teamwork! Breaking down the winter cover crop and placing pavers around the outline of the beds.&amp;nbsp;&lt;\/div&gt;\" title=\"Imagen_6299\" alt=\"\" class=\"slider-994 slide-2720 msDefaultImage\" \/><img loading=\"lazy\" decoding=\"async\" src=\"https:\/\/arlingtonurbanag.org\/wp-content\/uploads\/2024\/08\/IMG_6296-scaled-750x500.jpeg\" height=\"500\" width=\"750\" data-caption=\"&lt;div&gt;March 11 - Teamwork! Breaking down the winter cover crop and placing pavers around the outline of the beds.&amp;nbsp;&lt;\/div&gt;\" title=\"Imagen_6296\" alt=\"\" class=\"slider-994 slide-2721 msDefaultImage\" \/><\/div><\/div>\n        \n    <\/div>\n<\/div><\/div>\n<\/div>\n\n\n\n<div class=\"gb-element-322af5dd\">\n<h3 class=\"wp-block-heading has-text-align-center has-6-a-9-e-36-color has-text-color has-link-color wp-elements-5db76273de13ba465481e1af5fa15bb5\">\u00a1Vea nuestro progreso hasta ahora en 2023!<\/h3>\n<\/div>\n\n\n\n<div>\n<div class=\"alignnormal\"><div id=\"metaslider-id-862\" style=\"max-width: 750px; margin: 0 auto;\" class=\"ml-slider-3-108-0 metaslider metaslider-nivo metaslider-862 ml-slider ms-theme-simply-dark\" role=\"region\" aria-label=\"Progreso del TTG\" data-height=\"500\" data-width=\"750\">\n    <div id=\"metaslider_container_862\">\n        <div class='slider-wrapper theme-default'><div class='ribbon'><\/div><div id='metaslider_862' class='nivoSlider'><img loading=\"lazy\" decoding=\"async\" src=\"https:\/\/arlingtonurbanag.org\/wp-content\/uploads\/2023\/09\/IMG_8075-2-scaled-750x500.jpeg\" height=\"500\" width=\"750\" data-caption=\"February, 2023. First joint team site visit.\" title=\"IMG_8075 2\" alt=\"\" class=\"slider-862 slide-2377 msDefaultImage\" \/><img loading=\"lazy\" decoding=\"async\" src=\"https:\/\/arlingtonurbanag.org\/wp-content\/uploads\/2023\/09\/IMG_1976-scaled-750x500.jpeg\" height=\"500\" width=\"750\" data-caption=\"Early August, 2023\" title=\"IMG_1976\" alt=\"\" class=\"slider-862 slide-2378 msDefaultImage\" \/><img loading=\"lazy\" decoding=\"async\" src=\"https:\/\/arlingtonurbanag.org\/wp-content\/uploads\/2023\/09\/IMG_2257-scaled-750x500.jpeg\" height=\"500\" width=\"750\" data-caption=\"Mid August, 2023. Big work day with our first corporate volunteers. We cleared the existing beds and spread our milpa seeds, a mix of corn, beans, and different squashes.\" title=\"IMG_2257\" alt=\"\" class=\"slider-862 slide-2379 msDefaultImage\" \/><img loading=\"lazy\" decoding=\"async\" src=\"https:\/\/arlingtonurbanag.org\/wp-content\/uploads\/2023\/09\/IMG_2060-scaled-750x500.jpg\" height=\"500\" width=\"750\" data-caption=\"August, 2023. First work day with NVCT &amp; FOUA teams!\" title=\"IMG_2060\" alt=\"\" class=\"slider-862 slide-2380 msDefaultImage\" \/><img loading=\"lazy\" decoding=\"async\" src=\"https:\/\/arlingtonurbanag.org\/wp-content\/uploads\/2023\/09\/IMG_2675-scaled-750x500.jpeg\" height=\"500\" width=\"750\" data-caption=\"Early September, 2023. Close up of the growing milpa mix. The milpa system is the basis of traditional agriculture in Mesoamerica. We hope this mix will help revitalize the soil.\" title=\"IMG_2675\" alt=\"\" class=\"slider-862 slide-2381 msDefaultImage\" \/><img loading=\"lazy\" decoding=\"async\" src=\"https:\/\/arlingtonurbanag.org\/wp-content\/uploads\/2023\/09\/IMG_2965-scaled-750x500.jpeg\" height=\"500\" width=\"750\" data-caption=\"Early September, 2023. Milpa growing &amp; looking great!\" title=\"IMG_2965\" alt=\"\" class=\"slider-862 slide-2382 msDefaultImage\" \/><img loading=\"lazy\" decoding=\"async\" src=\"https:\/\/arlingtonurbanag.org\/wp-content\/uploads\/2023\/12\/20231003_113922-scaled-750x500.jpg\" height=\"500\" width=\"750\" data-caption=\"Oct 3 Official groundbreaking ceremony\" title=\"20231003_113922\" alt=\"\" class=\"slider-862 slide-2383 msDefaultImage\" \/><img loading=\"lazy\" decoding=\"async\" src=\"https:\/\/arlingtonurbanag.org\/wp-content\/uploads\/2023\/12\/20231003_120433-scaled-750x500.jpg\" height=\"500\" width=\"750\" data-caption=\"Oct 3 Official groundbreaking ceremony with Arlington County Board members and state senator.\" title=\"20231003_120433\" alt=\"\" class=\"slider-862 slide-2384 msDefaultImage\" \/><img loading=\"lazy\" decoding=\"async\" src=\"https:\/\/arlingtonurbanag.org\/wp-content\/uploads\/2023\/12\/20231003_120752-scaled-750x500.jpg\" height=\"500\" width=\"750\" data-caption=\"Oct 3 Official groundbreaking ceremony. Visitors tour the beds.\" title=\"20231003_120752\" alt=\"\" class=\"slider-862 slide-2385 msDefaultImage\" \/><img loading=\"lazy\" decoding=\"async\" src=\"https:\/\/arlingtonurbanag.org\/wp-content\/uploads\/2023\/12\/IMG_3498-scaled-750x500.jpeg\" height=\"500\" width=\"750\" data-caption=\"Oct 27 MILPA growth\" title=\"IMG_3498\" alt=\"\" class=\"slider-862 slide-2386 msDefaultImage\" \/><img loading=\"lazy\" decoding=\"async\" src=\"https:\/\/arlingtonurbanag.org\/wp-content\/uploads\/2023\/12\/IMG_3970-scaled-750x500.jpeg\" height=\"500\" width=\"750\" data-caption=\"Oct 27 preparing to turn the beds\" title=\"IMG_3970\" alt=\"\" class=\"slider-862 slide-2387 msDefaultImage\" \/><img loading=\"lazy\" decoding=\"async\" src=\"https:\/\/arlingtonurbanag.org\/wp-content\/uploads\/2023\/12\/IMG_3996-scaled-750x500.jpeg\" height=\"500\" width=\"750\" data-caption=\"Oct 27 A great team turns the growth over to build the soil.\" title=\"IMG_3996\" alt=\"\" class=\"slider-862 slide-2388 msDefaultImage\" \/><img loading=\"lazy\" decoding=\"async\" src=\"https:\/\/arlingtonurbanag.org\/wp-content\/uploads\/2023\/12\/IMG_4033-scaled-750x500.jpeg\" height=\"500\" width=\"750\" data-caption=\"Oct 27 Third bottom bed cleaned up.\" title=\"IMG_4033\" alt=\"\" class=\"slider-862 slide-2389 msDefaultImage\" \/><img loading=\"lazy\" decoding=\"async\" src=\"https:\/\/arlingtonurbanag.org\/wp-content\/uploads\/2023\/12\/IMG_4035-scaled-750x500.jpeg\" height=\"500\" width=\"750\" data-caption=\"Oct 27 Today was our first and hopefully only use of the tiller! \" title=\"IMG_4035\" alt=\"\" class=\"slider-862 slide-2390 msDefaultImage\" \/><img loading=\"lazy\" decoding=\"async\" src=\"https:\/\/arlingtonurbanag.org\/wp-content\/uploads\/2023\/12\/IMG_5133-scaled-750x500.jpg\" height=\"500\" width=\"750\" data-caption=\"Oct 27 Spreading winter cover crop\" title=\"IMG_5133\" alt=\"\" class=\"slider-862 slide-2391 msDefaultImage\" \/><img loading=\"lazy\" decoding=\"async\" src=\"https:\/\/arlingtonurbanag.org\/wp-content\/uploads\/2023\/12\/IMG_4142-scaled-750x500.jpeg\" height=\"500\" width=\"750\" data-caption=\"Nov 3 Laying bricks at the lower end of each bed before the slope.\" title=\"IMG_4142\" alt=\"\" class=\"slider-862 slide-2392 msDefaultImage\" \/><img loading=\"lazy\" decoding=\"async\" src=\"https:\/\/arlingtonurbanag.org\/wp-content\/uploads\/2023\/12\/IMG_4152-scaled-750x500.jpeg\" height=\"500\" width=\"750\" data-caption=\"Nov 3 Laying bricks at the lower end of each bed before the slope.\" title=\"IMG_4152\" alt=\"\" class=\"slider-862 slide-2393 msDefaultImage\" \/><img loading=\"lazy\" decoding=\"async\" src=\"https:\/\/arlingtonurbanag.org\/wp-content\/uploads\/2023\/12\/IMG_4701-scaled-750x500.jpeg\" height=\"500\" width=\"750\" data-caption=\"Dec 1 cover crop growth\" title=\"IMG_4701\" alt=\"\" class=\"slider-862 slide-2394 msDefaultImage\" \/><img loading=\"lazy\" decoding=\"async\" src=\"https:\/\/arlingtonurbanag.org\/wp-content\/uploads\/2023\/12\/IMG_4705-scaled-750x500.jpeg\" height=\"500\" width=\"750\" data-caption=\"Dec 1 cover crop growth.\" title=\"IMG_4705\" alt=\"\" class=\"slider-862 slide-2395 msDefaultImage\" \/><\/div><\/div>\n        \n    <\/div>\n<\/div><\/div>\n<\/div>","protected":false},"excerpt":{"rendered":"<p>Jump on our new TTG Slack channel to get a quick start on the volunteer team! Terborgh Terrace Garden, a dynamic collaboration between the\u00a0Northern Virginia Conservation Trust (NVCT)\u00a0and Friends of Urban Agriculture (FOUA), is ready to bloom again in 2026 in north Arlington. Our mission revolves around harnessing the gardener&#8217;s superpowers to protect water, soil, &#8230; <\/p>\n<p class=\"read-more-container\"><a title=\"Jard\u00edn Terraza Terborgh\" class=\"read-more button\" href=\"https:\/\/arlingtonurbanag.org\/es\/ttg\/#more-3121\" aria-label=\"Leer m\u00e1s sobre Jard\u00edn Terraza Terborgh\">Lee mas<\/a><\/p>","protected":false},"author":3,"featured_media":0,"parent":0,"menu_order":0,"comment_status":"closed","ping_status":"closed","template":"","meta":{"footnotes":""},"class_list":{"0":"post-3121","1":"page","2":"type-page","3":"status-publish","5":"infinite-scroll-item"},"featured_image_src":null,"_links":{"self":[{"href":"https:\/\/arlingtonurbanag.org\/es\/wp-json\/wp\/v2\/pages\/3121","targetHints":{"allow":["GET"]}}],"collection":[{"href":"https:\/\/arlingtonurbanag.org\/es\/wp-json\/wp\/v2\/pages"}],"about":[{"href":"https:\/\/arlingtonurbanag.org\/es\/wp-json\/wp\/v2\/types\/page"}],"author":[{"embeddable":true,"href":"https:\/\/arlingtonurbanag.org\/es\/wp-json\/wp\/v2\/users\/3"}],"replies":[{"embeddable":true,"href":"https:\/\/arlingtonurbanag.org\/es\/wp-json\/wp\/v2\/comments?post=3121"}],"version-history":[{"count":28,"href":"https:\/\/arlingtonurbanag.org\/es\/wp-json\/wp\/v2\/pages\/3121\/revisions"}],"predecessor-version":[{"id":3753,"href":"https:\/\/arlingtonurbanag.org\/es\/wp-json\/wp\/v2\/pages\/3121\/revisions\/3753"}],"wp:attachment":[{"href":"https:\/\/arlingtonurbanag.org\/es\/wp-json\/wp\/v2\/media?parent=3121"}],"curies":[{"name":"wp","href":"https:\/\/api.w.org\/{rel}","templated":true}]}}