{"id":3146,"date":"2025-04-30T14:22:20","date_gmt":"2025-04-30T19:22:20","guid":{"rendered":"https:\/\/arlingtonurbanag.org\/?page_id=3146"},"modified":"2026-02-04T13:50:25","modified_gmt":"2026-02-04T18:50:25","slug":"press-releases","status":"publish","type":"page","link":"https:\/\/arlingtonurbanag.org\/es\/press-releases\/","title":{"rendered":"Comunicados de prensa"},"content":{"rendered":"<p>For media inquires, send an email to info@arlingtonurbanag.org.<\/p>\n\n\n\n<div class=\"gb-grid-wrapper gb-grid-wrapper-8d784f75 gb-query-loop-wrapper\">\n<div class=\"gb-grid-column gb-grid-column-a4931f71 gb-query-loop-item post-2726 post type-post status-publish format-standard has-post-thumbnail hentry category-advocacy category-gleaning category-grow-your-own-food category-plot-against-hunger category-press-release category-urban-ag-month tag-arlington-county tag-food-security tag-grant tag-plot-against-hunger tag-press-release\"><div class=\"gb-container gb-container-a4931f71\"><div class=\"gb-inside-container\">\n<div class=\"gb-grid-wrapper gb-grid-wrapper-08e00558\">\n<div class=\"gb-grid-column gb-grid-column-876495eb\"><div class=\"gb-container gb-container-876495eb\" style=\"background-image: url(https:\/\/arlingtonurbanag.org\/wp-content\/uploads\/2024\/09\/FY-2025-AC-Food-Security-Mini-Grant-300x300.png);\"><div class=\"gb-inside-container\"><\/div><\/div><\/div>\n\n<div class=\"gb-grid-column gb-grid-column-b4914e91\"><div class=\"gb-container gb-container-b4914e91\"><div class=\"gb-inside-container\">\n<h4 class=\"gb-headline gb-headline-3c067a4b gb-headline-text\"><a href=\"https:\/\/arlingtonurbanag.org\/es\/foua-receives-fy-2025-arlington-county-food-security-mini-grant\/\">FOUA recibe la minisubvenci\u00f3n de seguridad alimentaria del condado Arlington para el a\u00f1o fiscal 2025 en apoyo a la agricultura urbana<\/a><\/h4>\n\n<p class=\"gb-headline gb-headline-5023c625 gb-headline-text\"><time class=\"entry-date published\" datetime=\"2024-09-18T15:40:02-05:00\">18 de septiembre de 2024<\/time><\/p>\n\n<p class=\"gb-headline gb-headline-49d1400c gb-headline-text\">PARA PUBLICACI\u00d3N INMEDIATA 18 de septiembre de 2024 Friends of Urban Agriculture recibe la minisubvenci\u00f3n de seguridad alimentaria del condado Arlington del a\u00f1o fiscal 2025 para apoyar la agricultura urbana Friends of Urban Agriculture (FOUA) ha recibido una minisubvenci\u00f3n de seguridad alimentaria del a\u00f1o fiscal 2025 del condado Arlington\u2026<\/p>\n\n\n<a class=\"gb-text gb-text-be66ed44\" href=\"https:\/\/arlingtonurbanag.org\/es\/foua-receives-fy-2025-arlington-county-food-security-mini-grant\/\">Lee mas<\/a>\n\n<\/div><\/div><\/div>\n<\/div>\n<\/div><\/div><\/div>\n\n<div class=\"gb-grid-column gb-grid-column-a4931f71 gb-query-loop-item post-1874 post type-post status-publish format-standard has-post-thumbnail hentry category-advocacy category-events category-press-release category-resources category-take-action tag-annual-meeting tag-gardens tag-urban-gardens tag-volunteers\"><div class=\"gb-container gb-container-a4931f71\"><div class=\"gb-inside-container\">\n<div class=\"gb-grid-wrapper gb-grid-wrapper-08e00558\">\n<div class=\"gb-grid-column gb-grid-column-876495eb\"><div class=\"gb-container gb-container-876495eb\" style=\"background-image: url(https:\/\/arlingtonurbanag.org\/wp-content\/uploads\/2022\/11\/2022-foua-annual-for-socials-300x300.png);\"><div class=\"gb-inside-container\"><\/div><\/div><\/div>\n\n<div class=\"gb-grid-column gb-grid-column-b4914e91\"><div class=\"gb-container gb-container-b4914e91\"><div class=\"gb-inside-container\">\n<h4 class=\"gb-headline gb-headline-3c067a4b gb-headline-text\"><a href=\"https:\/\/arlingtonurbanag.org\/es\/2022-foua-annual-meeting\/\">Reuni\u00f3n anual 2022 FOUA<\/a><\/h4>\n\n<p class=\"gb-headline gb-headline-5023c625 gb-headline-text\"><time class=\"entry-date published\" datetime=\"2022-11-22T14:38:43-05:00\">noviembre 22, 2022<\/time><\/p>\n\n<p class=\"gb-headline gb-headline-49d1400c gb-headline-text\">We&#8217;re glad to report our 2022 annual meeting was a great success! Just in case you weren&#8217;t able to make it, you can watch the full Zoom presentation here. Below the video you will find resources and links mentioned during &#8230;<\/p>\n\n\n<a class=\"gb-text gb-text-be66ed44\" href=\"https:\/\/arlingtonurbanag.org\/es\/2022-foua-annual-meeting\/\">Lee mas<\/a>\n\n<\/div><\/div><\/div>\n<\/div>\n<\/div><\/div><\/div>\n\n<div class=\"gb-grid-column gb-grid-column-a4931f71 gb-query-loop-item post-765 post type-post status-publish format-standard has-post-thumbnail hentry category-plot-against-hunger category-press-release\"><div class=\"gb-container gb-container-a4931f71\"><div class=\"gb-inside-container\">\n<div class=\"gb-grid-wrapper gb-grid-wrapper-08e00558\">\n<div class=\"gb-grid-column gb-grid-column-876495eb\"><div class=\"gb-container gb-container-876495eb\" style=\"background-image: url(https:\/\/arlingtonurbanag.org\/wp-content\/uploads\/2021\/02\/2021-Spring-Garden-Kickoff-FINAL-300x251.png);\"><div class=\"gb-inside-container\"><\/div><\/div><\/div>\n\n<div class=\"gb-grid-column gb-grid-column-b4914e91\"><div class=\"gb-container gb-container-b4914e91\"><div class=\"gb-inside-container\">\n<h4 class=\"gb-headline gb-headline-3c067a4b gb-headline-text\"><a href=\"https:\/\/arlingtonurbanag.org\/es\/press-release-plot-against-hungers-spring-garden-kickoff-begins-march-13\/\">Comunicado de prensa: El lanzamiento de Spring Garden de Plot Against Hunger comienza el 13 de marzo<\/a><\/h4>\n\n<p class=\"gb-headline gb-headline-5023c625 gb-headline-text\"><time class=\"entry-date published\" datetime=\"2021-03-04T16:45:42-05:00\">4 de marzo de 2021<\/time><\/p>\n\n<p class=\"gb-headline gb-headline-49d1400c gb-headline-text\">Plot Against Hunger\u2019s Spring Garden Kickoff Begins March 13 A week-long event includes online events and live gardening demos (Arlington, VA) The Plot Against Hunger\u2019s annual Spring Garden Kickoff has a new look this year, with a week full of &#8230;<\/p>\n\n\n<a class=\"gb-text gb-text-be66ed44\" href=\"https:\/\/arlingtonurbanag.org\/es\/press-release-plot-against-hungers-spring-garden-kickoff-begins-march-13\/\">Lee mas<\/a>\n\n<\/div><\/div><\/div>\n<\/div>\n<\/div><\/div><\/div>\n\n<div class=\"gb-grid-column gb-grid-column-a4931f71 gb-query-loop-item post-206 post type-post status-publish format-standard has-post-thumbnail hentry category-plot-against-hunger category-press-release tag-arlington-food-assistance-center tag-food-pantries tag-gardens tag-plot-against-hunger\"><div class=\"gb-container gb-container-a4931f71\"><div class=\"gb-inside-container\">\n<div class=\"gb-grid-wrapper gb-grid-wrapper-08e00558\">\n<div class=\"gb-grid-column gb-grid-column-876495eb\"><div class=\"gb-container gb-container-876495eb\" style=\"background-image: url(https:\/\/arlingtonurbanag.org\/wp-content\/uploads\/2021\/01\/arlingtonurbanag-logo.png);\"><div class=\"gb-inside-container\"><\/div><\/div><\/div>\n\n<div class=\"gb-grid-column gb-grid-column-b4914e91\"><div class=\"gb-container gb-container-b4914e91\"><div class=\"gb-inside-container\">\n<h4 class=\"gb-headline gb-headline-3c067a4b gb-headline-text\"><a href=\"https:\/\/arlingtonurbanag.org\/es\/plot-against-hunger-finds-a-new-home-in-2021\/\">Plot Against Hunger encuentra un nuevo hogar en 2021<\/a><\/h4>\n\n<p class=\"gb-headline gb-headline-5023c625 gb-headline-text\"><time class=\"entry-date published\" datetime=\"2021-01-30T18:02:33-05:00\">enero 30, 2021<\/time><\/p>\n\n<p class=\"gb-headline gb-headline-49d1400c gb-headline-text\">(Arlington, VA) This month, the Arlington Food Assistance Center (AFAC) will transition ownership of its Plot Against Hunger program to the Arlington Friends of Urban Agriculture (FOUA). Since its inception in 2007, over 600,000 pounds of fresh produce has been &#8230;<\/p>\n\n\n<a class=\"gb-text gb-text-be66ed44\" href=\"https:\/\/arlingtonurbanag.org\/es\/plot-against-hunger-finds-a-new-home-in-2021\/\">Lee mas<\/a>\n\n<\/div><\/div><\/div>\n<\/div>\n<\/div><\/div><\/div>\n\n<div class=\"gb-grid-column gb-grid-column-a4931f71 gb-query-loop-item post-140 post type-post status-publish format-standard has-post-thumbnail hentry category-press-release category-project-hug\"><div class=\"gb-container gb-container-a4931f71\"><div class=\"gb-inside-container\">\n<div class=\"gb-grid-wrapper gb-grid-wrapper-08e00558\">\n<div class=\"gb-grid-column gb-grid-column-876495eb\"><div class=\"gb-container gb-container-876495eb\" style=\"background-image: url(https:\/\/arlingtonurbanag.org\/wp-content\/uploads\/2021\/01\/HUG-300x206.png);\"><div class=\"gb-inside-container\"><\/div><\/div><\/div>\n\n<div class=\"gb-grid-column gb-grid-column-b4914e91\"><div class=\"gb-container gb-container-b4914e91\"><div class=\"gb-inside-container\">\n<h4 class=\"gb-headline gb-headline-3c067a4b gb-headline-text\"><a href=\"https:\/\/arlingtonurbanag.org\/es\/hug-launch\/\">Grupos comunitarios lanzan proyecto de jard\u00edn urbano en Virginia Highlands Park de Arlington<\/a><\/h4>\n\n<p class=\"gb-headline gb-headline-5023c625 gb-headline-text\"><time class=\"entry-date published\" datetime=\"2020-10-09T16:56:54-05:00\">octubre 9, 2020<\/time><\/p>\n\n<p class=\"gb-headline gb-headline-49d1400c gb-headline-text\">Model project will demonstrate how edge spaces in parks can be transformed into productive urban gardens (Arlington, VA) Today, Arlington Friends of Urban Agriculture announced a new collaborative project to develop a demonstration urban garden with the National Landing BID, &#8230;<\/p>\n\n\n<a class=\"gb-text gb-text-be66ed44\" href=\"https:\/\/arlingtonurbanag.org\/es\/hug-launch\/\">Lee mas<\/a>\n\n<\/div><\/div><\/div>\n<\/div>\n<\/div><\/div><\/div>\n\n<div class=\"gb-grid-column gb-grid-column-a4931f71 gb-query-loop-item post-510 post type-post status-publish format-standard has-post-thumbnail hentry category-press-release\"><div class=\"gb-container gb-container-a4931f71\"><div class=\"gb-inside-container\">\n<div class=\"gb-grid-wrapper gb-grid-wrapper-08e00558\">\n<div class=\"gb-grid-column gb-grid-column-876495eb\"><div class=\"gb-container gb-container-876495eb\" style=\"background-image: url(https:\/\/arlingtonurbanag.org\/wp-content\/uploads\/2021\/02\/UrbanAgMonth2020v4-226x300.png);\"><div class=\"gb-inside-container\"><\/div><\/div><\/div>\n\n<div class=\"gb-grid-column gb-grid-column-b4914e91\"><div class=\"gb-container gb-container-b4914e91\"><div class=\"gb-inside-container\">\n<h4 class=\"gb-headline gb-headline-3c067a4b gb-headline-text\"><a href=\"https:\/\/arlingtonurbanag.org\/es\/northern-virginia-groups-host-october-urban-agriculture-month-events\/\">Los grupos Virginia del norte organizan los eventos del mes de la agricultura urbana en octubre<\/a><\/h4>\n\n<p class=\"gb-headline gb-headline-5023c625 gb-headline-text\"><time class=\"entry-date published\" datetime=\"2020-10-01T16:29:23-05:00\">octubre 1, 2020<\/time><\/p>\n\n<p class=\"gb-headline gb-headline-49d1400c gb-headline-text\">For immediate release October 1, 2020 Media contact: Aisha Salazer, asalazar@vt.edu Robin Broder, 703-786-8172, robin.broder@arlingtonurbanag.org Northern Virginia Groups Host October Urban Agriculture Month Events Urban agriculture groups responded to COVID-19 crisis to provide food to families in need This year\u2019s &#8230;<\/p>\n\n\n<a class=\"gb-text gb-text-be66ed44\" href=\"https:\/\/arlingtonurbanag.org\/es\/northern-virginia-groups-host-october-urban-agriculture-month-events\/\">Lee mas<\/a>\n\n<\/div><\/div><\/div>\n<\/div>\n<\/div><\/div><\/div>\n<\/div>\n\n<div class=\"gb-container gb-container-672f64a7 gb-query-loop-pagination\">\n\n\n<span class=\"gb-button gb-button-c10e861c gb-button-text page-numbers gb-block-is-current\" aria-current=\"page\">1<\/span><a class=\"gb-button gb-button-c10e861c gb-button-text page-numbers\" href=\"?query-70f22bb9-page=2\">2<\/a>\n\n<a class=\"gb-button gb-button-9300c562 gb-button-text\" href=\"\/es\/wp-json\/wp\/v2\/pages\/3146?query-70f22bb9-page=2\">pr\u00f3ximo<\/a>\n<\/div>","protected":false},"excerpt":{"rendered":"<p>For media inquires, send an email to info@arlingtonurbanag.org.<\/p>","protected":false},"author":2,"featured_media":0,"parent":0,"menu_order":0,"comment_status":"closed","ping_status":"closed","template":"","meta":{"footnotes":""},"class_list":{"0":"post-3146","1":"page","2":"type-page","3":"status-publish","5":"infinite-scroll-item"},"featured_image_src":null,"_links":{"self":[{"href":"https:\/\/arlingtonurbanag.org\/es\/wp-json\/wp\/v2\/pages\/3146","targetHints":{"allow":["GET"]}}],"collection":[{"href":"https:\/\/arlingtonurbanag.org\/es\/wp-json\/wp\/v2\/pages"}],"about":[{"href":"https:\/\/arlingtonurbanag.org\/es\/wp-json\/wp\/v2\/types\/page"}],"author":[{"embeddable":true,"href":"https:\/\/arlingtonurbanag.org\/es\/wp-json\/wp\/v2\/users\/2"}],"replies":[{"embeddable":true,"href":"https:\/\/arlingtonurbanag.org\/es\/wp-json\/wp\/v2\/comments?post=3146"}],"version-history":[{"count":12,"href":"https:\/\/arlingtonurbanag.org\/es\/wp-json\/wp\/v2\/pages\/3146\/revisions"}],"predecessor-version":[{"id":3700,"href":"https:\/\/arlingtonurbanag.org\/es\/wp-json\/wp\/v2\/pages\/3146\/revisions\/3700"}],"wp:attachment":[{"href":"https:\/\/arlingtonurbanag.org\/es\/wp-json\/wp\/v2\/media?parent=3146"}],"curies":[{"name":"wp","href":"https:\/\/api.w.org\/{rel}","templated":true}]}}