{"id":3158,"date":"2025-04-30T14:22:19","date_gmt":"2025-04-30T19:22:19","guid":{"rendered":"https:\/\/arlingtonurbanag.org\/?page_id=3158"},"modified":"2025-04-30T14:22:19","modified_gmt":"2025-04-30T19:22:19","slug":"volunteer-in-a-plot-against-hunger-garden","status":"publish","type":"page","link":"https:\/\/arlingtonurbanag.org\/es\/volunteer-in-a-plot-against-hunger-garden\/","title":{"rendered":"Voluntario en un Jard\u00edn Plot Against Hunger"},"content":{"rendered":"<h2 class=\"gb-text gb-text-0031e631\">\u00a1Haga clic en un jard\u00edn para obtener m\u00e1s informaci\u00f3n sobre \u00e9l e inscribirse!<\/h2>\n\n\n<div class=\"wp-block-ub-content-toggle wp-block-ub-content-toggle-block\" id=\"ub-content-toggle-block-32a44f69-1f75-4104-ac98-8279484d8fba\" data-mobilecollapse=\"false\" data-desktopcollapse=\"true\" data-preventcollapse=\"false\" data-showonlyone=\"false\">\n<div class=\"wp-block-ub-content-toggle-accordion\" style=\"border-color: var(--bright-green); \" id=\"ub-content-toggle-panel-block-\">\n\t\t\t<div class=\"wp-block-ub-content-toggle-accordion-title-wrap\" style=\"background-color: var(--bright-green);\" aria-controls=\"ub-content-toggle-panel-0-32a44f69-1f75-4104-ac98-8279484d8fba\" tabindex=\"0\">\n\t\t\t<p class=\"wp-block-ub-content-toggle-accordion-title ub-content-toggle-title-32a44f69-1f75-4104-ac98-8279484d8fba\" style=\"color: #000000; \">Iglesia Episcopal de St. Andrew&#039;s Garden for Hope<\/p>\n\t\t\t<div class=\"wp-block-ub-content-toggle-accordion-toggle-wrap right\" style=\"color: #000000;\"><span class=\"wp-block-ub-content-toggle-accordion-state-indicator wp-block-ub-math-plus\"><\/span><\/div>\n\t\t<\/div>\n\t\t\t<div role=\"region\" aria-expanded=\"false\" class=\"wp-block-ub-content-toggle-accordion-content-wrap ub-hide\" id=\"ub-content-toggle-panel-0-32a44f69-1f75-4104-ac98-8279484d8fba\">\n\n<p><strong>Acerca de:<\/strong>\u00a0Trabajamos nuestro jard\u00edn org\u00e1nico los s\u00e1bados, 9-11a, de marzo a noviembre para producir aproximadamente 3,000 libras de productos para los bancos de alimentos Arlington.<\/p>\n\n\n\n<p><strong>DIRECCI\u00d3N:<\/strong>4000 Lorcum Lane Arlington, VA 22207<\/p>\n\n\n\n<p>(El jard\u00edn est\u00e1 detr\u00e1s de la casa blanca ubicada en 2310 Military Road, Arlington, VA 22207)<\/p>\n\n\n\n<p><strong>Deberes t\u00edpicos del jard\u00edn:\u00a0<\/strong>Plantar, regar, deshierbar, instalar riego por goteo, construir enrejados, cosechar, empacar y entregar.<\/p>\n\n\n\n<p><strong>D\u00edas laborables:\u00a0<\/strong>Trabajamos nuestro jard\u00edn org\u00e1nico los s\u00e1bados, 9-11a, de marzo a noviembre. Si est\u00e1 demasiado h\u00famedo para trabajar el s\u00e1bado, trabajamos el domingo a las 11:30 a.m.<\/p>\n\n\n\n<p><strong>Contacto:\u00a0<\/strong><a href=\"https:\/\/arlingtonurbanag.org\/es\/volunteer-login\/\" target=\"_blank\" rel=\"noreferrer noopener\">\u00a1Haga clic aqu\u00ed para registrarse en los d\u00edas de trabajo!<\/a><\/p>\n\n<\/div>\n\t\t<\/div>\n\n<div class=\"wp-block-ub-content-toggle-accordion\" style=\"border-color: var(--bright-green); \" id=\"ub-content-toggle-panel-block-\">\n\t\t\t<div class=\"wp-block-ub-content-toggle-accordion-title-wrap\" style=\"background-color: var(--bright-green);\" aria-controls=\"ub-content-toggle-panel-1-32a44f69-1f75-4104-ac98-8279484d8fba\" tabindex=\"0\">\n\t\t\t<p class=\"wp-block-ub-content-toggle-accordion-title ub-content-toggle-title-32a44f69-1f75-4104-ac98-8279484d8fba\" style=\"color: #000000; \">First Presbyterian Church of Arlington &#8211; 2024 UPDATE!<\/p>\n\t\t\t<div class=\"wp-block-ub-content-toggle-accordion-toggle-wrap right\" style=\"color: #000000;\"><span class=\"wp-block-ub-content-toggle-accordion-state-indicator wp-block-ub-math-plus\"><\/span><\/div>\n\t\t<\/div>\n\t\t\t<div role=\"region\" aria-expanded=\"false\" class=\"wp-block-ub-content-toggle-accordion-content-wrap ub-hide\" id=\"ub-content-toggle-panel-1-32a44f69-1f75-4104-ac98-8279484d8fba\"><\/div>\n\t\t<\/div>\n\n<div class=\"wp-block-ub-content-toggle-accordion\" style=\"border-color: var(--bright-green); \" id=\"ub-content-toggle-panel-block-\">\n\t\t\t<div class=\"wp-block-ub-content-toggle-accordion-title-wrap\" style=\"background-color: var(--bright-green);\" aria-controls=\"ub-content-toggle-panel-2-32a44f69-1f75-4104-ac98-8279484d8fba\" tabindex=\"0\">\n\t\t\t<p class=\"wp-block-ub-content-toggle-accordion-title ub-content-toggle-title-32a44f69-1f75-4104-ac98-8279484d8fba\" style=\"color: #000000; \">Walter Reed Garden &#8211; 2024 UPDATE!<\/p>\n\t\t\t<div class=\"wp-block-ub-content-toggle-accordion-toggle-wrap right\" style=\"color: #000000;\"><span class=\"wp-block-ub-content-toggle-accordion-state-indicator wp-block-ub-math-plus\"><\/span><\/div>\n\t\t<\/div>\n\t\t\t<div role=\"region\" aria-expanded=\"false\" class=\"wp-block-ub-content-toggle-accordion-content-wrap ub-hide\" id=\"ub-content-toggle-panel-2-32a44f69-1f75-4104-ac98-8279484d8fba\">\n\n<p><strong>Acerca de:\u00a0<\/strong>The Walter Reed Garden has been growing produce for local food pantries for the past ten years. Last year, we grew and donated 2,600 lbs. of produce! Vegetables that are picked in the morning can be shared with a family in need within a few hours. If you are new to gardening, volunteering in the garden is a great way to learn and gain confidence. If you are an experienced gardener, it is a great way to share your knowledge. You&#8217;ll meet some really nice people and you&#8217;ll be helping our most vulnerable population have access to fresh, locally grown produce. See more at\u00a0<a href=\"https:\/\/youtu.be\/VunWHpMld24\" target=\"_blank\" rel=\"noreferrer noopener\">https:\/\/youtu.be\/VunWHpMld24<\/a><\/p>\n\n\n\n<p><strong>DIRECCI\u00d3N:\u00a0<\/strong>2050 S. Walter Reed Drive, Arlington, 22204<\/p>\n\n\n\n<p><strong>Deberes t\u00edpicos:\u00a0<\/strong>Necesitamos ayuda para regar, quitar las malas hierbas, cosechar, mover mantillo y compost, cortar el c\u00e9sped, organizar y pesar las donaciones y transportar las donaciones a nuestros socios de la despensa de alimentos.<\/p>\n\n\n\n<p><strong>D\u00edas laborables:\u00a0<\/strong>Esta temporada trabajaremos en el jard\u00edn los martes y s\u00e1bados por la ma\u00f1ana. Nuestro horario de trabajo suele ser de 8:30 a 11:00 horas. Cada semana enviaremos un correo electr\u00f3nico para informarle el horario de trabajo exacto en caso de que se modifique debido al clima.<\/p>\n\n\n\n<p><strong>Donaciones:\u00a0<\/strong>Si no est\u00e1 disponible para asistir a nuestras sesiones de trabajo\/jardiner\u00eda, puede considerar ayudarnos comprando uno de los art\u00edculos que necesitamos de nuestro\u00a0<a href=\"https:\/\/a.co\/gnUlkht\" target=\"_blank\" rel=\"noreferrer noopener\">Lista de deseos del jard\u00edn del Amazonas.<\/a>\u00a0Gracias por apoyarnos.<\/p>\n\n\n\n<p><strong>Contacto:\u00a0<\/strong>Para participar, env\u00ede un correo electr\u00f3nico\u00a0<a href=\"mailto:gardenwalterreed@gmail.com\">jard\u00ednwalterreed@gmail.com<\/a><\/p>\n\n<\/div>\n\t\t<\/div>\n\n<div class=\"wp-block-ub-content-toggle-accordion\" style=\"border-color: var(--bright-green); \" id=\"ub-content-toggle-panel-block-\">\n\t\t\t<div class=\"wp-block-ub-content-toggle-accordion-title-wrap\" style=\"background-color: var(--bright-green);\" aria-controls=\"ub-content-toggle-panel-3-32a44f69-1f75-4104-ac98-8279484d8fba\" tabindex=\"0\">\n\t\t\t<p class=\"wp-block-ub-content-toggle-accordion-title ub-content-toggle-title-32a44f69-1f75-4104-ac98-8279484d8fba\" style=\"color: #000000; \">Thomas Jefferson Middle School (TJMS) Community Garden &#8211; 2024 UPDATE!<\/p>\n\t\t\t<div class=\"wp-block-ub-content-toggle-accordion-toggle-wrap right\" style=\"color: #000000;\"><span class=\"wp-block-ub-content-toggle-accordion-state-indicator wp-block-ub-math-plus\"><\/span><\/div>\n\t\t<\/div>\n\t\t\t<div role=\"region\" aria-expanded=\"false\" class=\"wp-block-ub-content-toggle-accordion-content-wrap ub-hide\" id=\"ub-content-toggle-panel-3-32a44f69-1f75-4104-ac98-8279484d8fba\">\n\n<p><strong>Acerca de:\u00a0<\/strong>Somos el Plot Against Hunger escolar m\u00e1s grande y siempre apreciamos la presencia de voluntarios regulares o sin cita previa para ayudar a mantener vivo el jard\u00edn y producir vegetales para AFAC durante todo el verano. No se necesita experiencia en jardiner\u00eda: venga a aprender a cultivar un huerto con nosotros. Todas las edades son bienvenidas, menores de 11 a\u00f1os requieren supervisi\u00f3n de los padres. Vea noticias y fotograf\u00edas de los \u00faltimos d\u00edas de voluntariado en\u00a0<a href=\"https:\/\/jeffersongarden.org\/volunteer\/\" target=\"_blank\" rel=\"noreferrer noopener\">https:\/\/jeffersongarden.org\/volunteer\/<\/a><\/p>\n\n\n\n<p><strong>DIRECCI\u00d3N:\u00a0<\/strong>125 South Old Glebe Road Arlington, VA 22204 (Para GPS, use 3501 2nd St S, Arlington, VA 22204)<\/p>\n\n\n\n<p><strong>Deberes t\u00edpicos:\u00a0<\/strong>Las tareas del jard\u00edn incluyen plantar, desherbar, regar y cosechar productos para las despensas de alimentos locales.<\/p>\n\n\n\n<p><strong>D\u00edas laborables:\u00a0<\/strong>Saturdays 9-11 am, weather depending.\u00a0Join our\u00a0<strong><a href=\"https:\/\/jeffersongarden.org\/newsletter-signup\" target=\"_blank\" rel=\"noreferrer noopener\">Bolet\u00edn TJMS<\/a>\u00a0<\/strong>para obtener m\u00e1s informaci\u00f3n sobre los d\u00edas de trabajo voluntario.<\/p>\n\n\n\n<p><strong>Contacto:\u00a0<\/strong>Correo electr\u00f3nico\u00a0<a href=\"mailto:tjmsoutside@gmail.com\">tjmsoutside@gmail.com<\/a>\u00a0o visitar\u00a0<a href=\"http:\/\/jeffersongarden.org\/\" target=\"_blank\" rel=\"noreferrer noopener\">jeffersongarden.org<\/a>\u00a0para m\u00e1s informaci\u00f3n.<\/p>\n\n<\/div>\n\t\t<\/div>\n\n<div class=\"wp-block-ub-content-toggle-accordion\" style=\"border-color: var(--bright-green); \" id=\"ub-content-toggle-panel-block-\">\n\t\t\t<div class=\"wp-block-ub-content-toggle-accordion-title-wrap\" style=\"background-color: var(--bright-green);\" aria-controls=\"ub-content-toggle-panel-4-32a44f69-1f75-4104-ac98-8279484d8fba\" tabindex=\"0\">\n\t\t\t<p class=\"wp-block-ub-content-toggle-accordion-title ub-content-toggle-title-32a44f69-1f75-4104-ac98-8279484d8fba\" style=\"color: #000000; \">Jard\u00edn de la Iglesia Presbiteriana de Clarendon<\/p>\n\t\t\t<div class=\"wp-block-ub-content-toggle-accordion-toggle-wrap right\" style=\"color: #000000;\"><span class=\"wp-block-ub-content-toggle-accordion-state-indicator wp-block-ub-math-plus\"><\/span><\/div>\n\t\t<\/div>\n\t\t\t<div role=\"region\" aria-expanded=\"false\" class=\"wp-block-ub-content-toggle-accordion-content-wrap ub-hide\" id=\"ub-content-toggle-panel-4-32a44f69-1f75-4104-ac98-8279484d8fba\">\n\n<p><strong>Acerca de:\u00a0<\/strong>Ahora, en nuestro decimocuarto a\u00f1o, crecimos m\u00e1s de 300 libras. de alimentos para la distribuci\u00f3n de FOUA en 2022. Tenemos dos grandes camas elevadas y utilizamos camas enterradas cercanas, con una amplia variedad de verduras. Cosechamos a las 13:00 horas los lunes (o martes despu\u00e9s de festivo). Se necesitan cosechadoras desde mediados de junio hasta septiembre, \u00a1y siempre se necesitan bebederos!<\/p>\n\n\n\n<p><strong>DIRECCI\u00d3N:\u00a0<\/strong>1305 N. Jackson St., Arlington, VA 22201<\/p>\n\n\n\n<p><strong>Deberes t\u00edpicos:\u00a0<\/strong>Riego, deshierbe y cosecha.\u00a0<a href=\"https:\/\/www.signupgenius.com\/go\/10c0d4dafae2fa3fec61-plot#\/\" target=\"_blank\" rel=\"noreferrer noopener\">Reg\u00edstrate aqu\u00ed para regar 3 veces por semana<\/a>.<\/p>\n\n\n\n<p><strong>D\u00edas laborables:<\/strong><\/p>\n\n\n\n<p><strong>Contacto:\u00a0<\/strong>Para unirse a este grupo de trabajo de jardiner\u00eda use su\u00a0<strong><a href=\"https:\/\/www.signupgenius.com\/go\/10c0d4dafae2fa3fec61-plot#\/\" target=\"_blank\" rel=\"noreferrer noopener\">Registrate Genius aqu\u00ed,<\/a><\/strong>\u00a0o p\u00f3ngase en contacto con James Fisher\u00a0<a href=\"mailto:jamesfisher56@gmail.com\">jamesfisher56@gmail.com<\/a><\/p>\n\n<\/div>\n\t\t<\/div>\n\n<div class=\"wp-block-ub-content-toggle-accordion\" style=\"border-color: var(--bright-green); \" id=\"ub-content-toggle-panel-block-\">\n\t\t\t<div class=\"wp-block-ub-content-toggle-accordion-title-wrap\" style=\"background-color: var(--bright-green);\" aria-controls=\"ub-content-toggle-panel-5-32a44f69-1f75-4104-ac98-8279484d8fba\" tabindex=\"0\">\n\t\t\t<p class=\"wp-block-ub-content-toggle-accordion-title ub-content-toggle-title-32a44f69-1f75-4104-ac98-8279484d8fba\" style=\"color: #000000; \">Arlington House Kitchen Garden &#8211; 2024 UPDATE!<\/p>\n\t\t\t<div class=\"wp-block-ub-content-toggle-accordion-toggle-wrap right\" style=\"color: #000000;\"><span class=\"wp-block-ub-content-toggle-accordion-state-indicator wp-block-ub-math-plus\"><\/span><\/div>\n\t\t<\/div>\n\t\t\t<div role=\"region\" aria-expanded=\"false\" class=\"wp-block-ub-content-toggle-accordion-content-wrap ub-hide\" id=\"ub-content-toggle-panel-5-32a44f69-1f75-4104-ac98-8279484d8fba\">\n\n<p><strong>Acerca de:<\/strong>Arlington House Kitchen Garden es un sitio Plot Against Hunger ubicado en el coraz\u00f3n del Cementerio Nacional Arlington. Cuidamos el huerto de 1\/4 de acre en la hist\u00f3rica Casa Arlington. Nos asociamos con los Servicios de Parques Nacionales y la Fundaci\u00f3n Casa Arlington para proporcionar productos frescos y org\u00e1nicos a las familias Arlington necesitadas. \u00a1Invitamos a voluntarios de todos los niveles de experiencia a unirse a nosotros en el jard\u00edn!<\/p>\n\n\n\n<p><strong>DIRECCI\u00d3N:\u00a0<\/strong>Casa Arlington, Cementerio Nacional Arlington<\/p>\n\n\n\n<p><strong>Deberes t\u00edpicos:<\/strong>Las actividades incluyen plantar, desmalezar, regar, construir espalderas y cosechar.<\/p>\n\n\n\n<p><strong>D\u00edas laborables:\u00a0<\/strong>Desde finales de marzo hasta principios de noviembre, tenemos jornadas de trabajo grupales todos los mi\u00e9rcoles y s\u00e1bados por la ma\u00f1ana, a partir de las 9:00 a. m. Tambi\u00e9n ofrecemos horarios flexibles de jard\u00edn independiente todos los d\u00edas, de 8:00 a. m. a 5:00 p. m.<\/p>\n\n\n\n<p><strong>Contacto:\u00a0<\/strong>Para registrarse, env\u00ede un correo electr\u00f3nico\u00a0<a href=\"mailto:volunteer@arlingtonurbanag.org\">voluntario@arlingtonurbanag.org<\/a><\/p>\n\n<\/div>\n\t\t<\/div>\n\n<div class=\"wp-block-ub-content-toggle-accordion\" style=\"border-color: var(--bright-green); \" id=\"ub-content-toggle-panel-block-\">\n\t\t\t<div class=\"wp-block-ub-content-toggle-accordion-title-wrap\" style=\"background-color: var(--bright-green);\" aria-controls=\"ub-content-toggle-panel-6-32a44f69-1f75-4104-ac98-8279484d8fba\" tabindex=\"0\">\n\t\t\t<p class=\"wp-block-ub-content-toggle-accordion-title ub-content-toggle-title-32a44f69-1f75-4104-ac98-8279484d8fba\" style=\"color: #000000; \">Jard\u00edn de la escuela primaria Tuckahoe<\/p>\n\t\t\t<div class=\"wp-block-ub-content-toggle-accordion-toggle-wrap right\" style=\"color: #000000;\"><span class=\"wp-block-ub-content-toggle-accordion-state-indicator wp-block-ub-math-plus\"><\/span><\/div>\n\t\t<\/div>\n\t\t\t<div role=\"region\" aria-expanded=\"false\" class=\"wp-block-ub-content-toggle-accordion-content-wrap ub-hide\" id=\"ub-content-toggle-panel-6-32a44f69-1f75-4104-ac98-8279484d8fba\">\n\n<p><strong>Acerca de:\u00a0<\/strong>Tuckahoe es una escuela primaria p\u00fablica que se enfoca en el aprendizaje al aire libre. Este programa de 25 a\u00f1os est\u00e1 a cargo de la maestra de aprendizaje al aire libre Andrea Kaplowitz, as\u00ed como de los estudiantes y los padres. Como parte de nuestro plan de estudios, contamos con numerosos espacios de aula al aire libre, que incluyen macizos de flores y vegetales elevados. Usamos las camas de verduras para lecciones y donaciones con Plot Against Hunger. Como tenemos menos estudiantes durante el verano, damos la bienvenida a todas las manos que ayuden. Organizamos d\u00edas de jard\u00edn mensuales para que nuestra comunidad venga y ayude durante todo el a\u00f1o. Nos encantar\u00eda presentarles nuestro espacio: \u00a1las familias son bienvenidas!<\/p>\n\n\n\n<p><strong>DIRECCI\u00d3N:\u00a0<\/strong>6550 N. 26th St. Arlington, VA 22213<\/p>\n\n\n\n<p><strong>Deberes t\u00edpicos:\u00a0<\/strong>Verduras durante el verano (desmalezar, cosechar, regar). Tenemos 11 camas de verduras elevadas. Macizos de flores administrados por la Sra. Kaplowitz, estudiantes y padres. Si te gusta ese tipo de jardiner\u00eda, agradecemos la ayuda.<\/p>\n\n\n\n<p><strong>D\u00edas laborables:\u00a0<\/strong>Adem\u00e1s de nuestros d\u00edas mensuales de jard\u00edn comunitario, Andrea Kaplowitz viene semanalmente durante todo el verano.<\/p>\n\n\n\n<p><strong>Contacto:\u00a0<\/strong><a href=\"https:\/\/www.signupgenius.com\/go\/10c0e4fafad2da3fd0-tuckahoe#\/\" target=\"_blank\" rel=\"noreferrer noopener\">Utilice SignUp Genius para registrarse.<\/a>\u00a0Contacto\u00a0\u00a0<a href=\"mailto:andrea.kaplowitz@apsva.us\">andrea.kaplowitz@apsva.us<\/a><\/p>\n\n<\/div>\n\t\t<\/div>\n\n<div class=\"wp-block-ub-content-toggle-accordion\" style=\"border-color: var(--bright-green); \" id=\"ub-content-toggle-panel-block-\">\n\t\t\t<div class=\"wp-block-ub-content-toggle-accordion-title-wrap\" style=\"background-color: var(--bright-green);\" aria-controls=\"ub-content-toggle-panel-7-32a44f69-1f75-4104-ac98-8279484d8fba\" tabindex=\"0\">\n\t\t\t<p class=\"wp-block-ub-content-toggle-accordion-title ub-content-toggle-title-32a44f69-1f75-4104-ac98-8279484d8fba\" style=\"color: #000000; \">Jard\u00edn Urbano Highlands (HUG) \u00a1ACTUALIZACI\u00d3N 2024!<\/p>\n\t\t\t<div class=\"wp-block-ub-content-toggle-accordion-toggle-wrap right\" style=\"color: #000000;\"><span class=\"wp-block-ub-content-toggle-accordion-state-indicator wp-block-ub-math-plus\"><\/span><\/div>\n\t\t<\/div>\n\t\t\t<div role=\"region\" aria-expanded=\"false\" class=\"wp-block-ub-content-toggle-accordion-content-wrap ub-hide\" id=\"ub-content-toggle-panel-7-32a44f69-1f75-4104-ac98-8279484d8fba\">\n\n<p><strong>Acerca de:<\/strong>Ahora en nuestro cuarto a\u00f1o, el Proyecto HUG muestra c\u00f3mo la agricultura impulsada por la comunidad puede transformar y mejorar los espacios urbanos, y demuestra el poder de las asociaciones entre comunidades p\u00fablicas, privadas, c\u00edvicas y sin fines de lucro. Damos la bienvenida a jardineros novatos y experimentados para que se ofrezcan como voluntarios en el Proyecto HUG. En nuestras sesiones de trabajo participan grupos que cuidan el huerto, cosechan, conductores que llevan los productos y un equipo que gestiona el sistema de riego. \u00danase a nosotros para vivir una experiencia gratificante y educativa. Valoramos las aportaciones y observaciones de los voluntarios cuando contribuyen al jard\u00edn.<\/p>\n\n\n\n<p><strong>DIRECCI\u00d3N:\u00a0<\/strong>1600 S. Hayes St, Arlington, VA 22202<\/p>\n\n\n\n<p><strong>Deberes t\u00edpicos:\u00a0<\/strong>Siembra, cuidado de jardines, cosecha, llenado de tanques de agua y observaci\u00f3n de plantas.<\/p>\n\n\n\n<p><strong>D\u00edas laborables:\u00a0<\/strong>Estamos en este momento programando cada segundo y cuarto s\u00e1bado por la ma\u00f1ana del mes. 8:30 am a 10:30 am.<\/p>\n\n\n\n<p><strong>Contacto:\u00a0<\/strong><a href=\"https:\/\/arlingtonurbanag.org\/es\/volunteer-login\/\" target=\"_blank\" rel=\"noreferrer noopener\">Haga clic aqu\u00ed para registrarse como voluntario,<\/a>\u00a0o correo electr\u00f3nico\u00a0<a href=\"mailto:projecthug22202@gmail.com\">proyectohug22202@gmail.com<\/a>\u00a0para m\u00e1s informaci\u00f3n. Siga nuestro Instagram para recibir actualizaciones semanales y noticias sobre jardiner\u00eda.\u00a0<a href=\"https:\/\/www.instagram.com\/highlands.urban.garden\" target=\"_blank\" rel=\"noreferrer noopener\">@highlands.urban.garden<\/a>.<\/p>\n\n<\/div>\n\t\t<\/div>\n\n<div class=\"wp-block-ub-content-toggle-accordion\" style=\"border-color: var(--bright-green); \" id=\"ub-content-toggle-panel-block-\">\n\t\t\t<div class=\"wp-block-ub-content-toggle-accordion-title-wrap\" style=\"background-color: var(--bright-green);\" aria-controls=\"ub-content-toggle-panel-8-32a44f69-1f75-4104-ac98-8279484d8fba\" tabindex=\"0\">\n\t\t\t<p class=\"wp-block-ub-content-toggle-accordion-title ub-content-toggle-title-32a44f69-1f75-4104-ac98-8279484d8fba\" style=\"color: #000000; \">Hoffman-Boston PTA Gardens &#8211; 2024 NEW!<\/p>\n\t\t\t<div class=\"wp-block-ub-content-toggle-accordion-toggle-wrap right\" style=\"color: #000000;\"><span class=\"wp-block-ub-content-toggle-accordion-state-indicator wp-block-ub-math-plus\"><\/span><\/div>\n\t\t<\/div>\n\t\t\t<div role=\"region\" aria-expanded=\"false\" class=\"wp-block-ub-content-toggle-accordion-content-wrap ub-hide\" id=\"ub-content-toggle-panel-8-32a44f69-1f75-4104-ac98-8279484d8fba\">\n\n<p><strong>Acerca de:\u00a0<\/strong>La escuela primaria Hoffman-Boston es una escuela de T\u00edtulo I ubicada en el sur Arlington junto a Columbia Pike. Tenemos suerte de tener y compartir con la comunidad tres \u00e1reas de jard\u00edn alrededor del terreno escolar: Memorial Garden, Habitat Garden y Educational Garden. Buscamos voluntarios y grupos regulares, pero tambi\u00e9n damos la bienvenida a cualquiera que quiera ayudar de vez en cuando. Todos son bienvenidos y alentamos a aprender de nuestros errores de jardiner\u00eda. Los ni\u00f1os menores de 12 a\u00f1os pueden unirse bajo la supervisi\u00f3n de un adulto, ya que no se proporcionar\u00e1 cuidado infantil. Por favor traiga protecci\u00f3n solar y una botella de agua.<\/p>\n\n\n\n<p><strong>DIRECCI\u00d3N:<\/strong>1415 Sur Reina St, Arlington, Virginia<\/p>\n\n\n\n<p><strong>Deberes t\u00edpicos:\u00a0<\/strong>Riego, desmalezado, acolchado, plantaci\u00f3n, poda, enrejado, cosecha<\/p>\n\n\n\n<p><strong>D\u00edas laborables:\u00a0<\/strong>Cada dos domingos de 9 a 11 a. m. (a partir del 2 de junio de 2024) y cada dos jueves de 4 a 5:30 p. m. (a partir del 13 de junio de 2024). Ven y ve como quieras.<\/p>\n\n\n\n<p><strong>Contacto:\u00a0<\/strong>Para registrarse, env\u00ede un correo electr\u00f3nico:\u00a0<a href=\"mailto:garden@hfbpta.org\">jard\u00edn@hfbpta.org<\/a>, o suscr\u00edbete:\u00a0<a href=\"http:\/\/To%20sign%20up,%20email:%20garden@hfbpta.org,%20or%20subscrigroups.io\/g\/HBES-Gardening-Club%20for%20event%20updates.\" target=\"_blank\" rel=\"noreferrer noopener\">groups.io\/g\/HBES-Gardening-Club<\/a>\u00a0para actualizaciones de eventos.<\/p>\n\n<\/div>\n\t\t<\/div>\n\n<div class=\"wp-block-ub-content-toggle-accordion\" style=\"border-color: var(--bright-green); \" id=\"ub-content-toggle-panel-block-\">\n\t\t\t<div class=\"wp-block-ub-content-toggle-accordion-title-wrap\" style=\"background-color: var(--bright-green);\" aria-controls=\"ub-content-toggle-panel-9-32a44f69-1f75-4104-ac98-8279484d8fba\" tabindex=\"0\">\n\t\t\t<p class=\"wp-block-ub-content-toggle-accordion-title ub-content-toggle-title-32a44f69-1f75-4104-ac98-8279484d8fba\" style=\"color: #000000; \">Ball Sellers House Garden &#8211; 2024 NEW!<\/p>\n\t\t\t<div class=\"wp-block-ub-content-toggle-accordion-toggle-wrap right\" style=\"color: #000000;\"><span class=\"wp-block-ub-content-toggle-accordion-state-indicator wp-block-ub-math-plus\"><\/span><\/div>\n\t\t<\/div>\n\t\t\t<div role=\"region\" aria-expanded=\"false\" class=\"wp-block-ub-content-toggle-accordion-content-wrap ub-hide\" id=\"ub-content-toggle-panel-9-32a44f69-1f75-4104-ac98-8279484d8fba\">\n\n<p><strong>Acerca de:\u00a0<\/strong>La Casa Ball-Sellers, construida por John y Elizabeth Ball hacia 1750, es la casa m\u00e1s antigua de Arlington, VA. El huerto detr\u00e1s de la casa es generalmente representativo de lo que la familia Ball cultivaba para su sustento. Los grandes campos agr\u00edcolas y el molino estaban al este, m\u00e1s cerca del agua (Four-Mile Run). Aproximadamente 1000 pies cuadrados, una combinaci\u00f3n de camas elevadas y enterradas.<\/p>\n\n\n\n<p><strong>DIRECCI\u00d3N:\u00a0<\/strong>5620 Calle 3, Sur, Arlington. Virginia<\/p>\n\n\n\n<p><strong>Deberes t\u00edpicos:\u00a0<\/strong>Plantaci\u00f3n, desmalezado, cuidado de plantas perennes, acondicionamiento del suelo, poda, riego, cosecha, entrega al sitio de recolecci\u00f3n de alimentos de Rock Springs los lunes; agregue los jueves a medida que aumenta la cosecha.<\/p>\n\n\n\n<p><strong>D\u00edas laborables:\u00a0<\/strong>Generalmente trabajamos los lunes, jueves y s\u00e1bados, y flexionamos\/aumentamos los d\u00edas seg\u00fan lo requiera el riego y la cosecha.<\/p>\n\n\n\n<p><strong>Contacto:\u00a0<\/strong>Para obtener m\u00e1s informaci\u00f3n y participar, env\u00ede un correo electr\u00f3nico\u00a0<a href=\"mailto:mary.resnick@gmail.com\">mary.resnick@gmail.com<\/a>.<\/p>\n\n<\/div>\n\t\t<\/div>\n<\/div>\n\n\n<p><\/p>","protected":false},"excerpt":{"rendered":"<p>\u00a1Haga clic en un jard\u00edn para obtener m\u00e1s informaci\u00f3n sobre \u00e9l e inscribirse!<\/p>","protected":false},"author":1,"featured_media":0,"parent":0,"menu_order":0,"comment_status":"closed","ping_status":"closed","template":"","meta":{"footnotes":""},"class_list":{"0":"post-3158","1":"page","2":"type-page","3":"status-publish","5":"infinite-scroll-item"},"featured_image_src":null,"_links":{"self":[{"href":"https:\/\/arlingtonurbanag.org\/es\/wp-json\/wp\/v2\/pages\/3158","targetHints":{"allow":["GET"]}}],"collection":[{"href":"https:\/\/arlingtonurbanag.org\/es\/wp-json\/wp\/v2\/pages"}],"about":[{"href":"https:\/\/arlingtonurbanag.org\/es\/wp-json\/wp\/v2\/types\/page"}],"author":[{"embeddable":true,"href":"https:\/\/arlingtonurbanag.org\/es\/wp-json\/wp\/v2\/users\/1"}],"replies":[{"embeddable":true,"href":"https:\/\/arlingtonurbanag.org\/es\/wp-json\/wp\/v2\/comments?post=3158"}],"version-history":[{"count":4,"href":"https:\/\/arlingtonurbanag.org\/es\/wp-json\/wp\/v2\/pages\/3158\/revisions"}],"predecessor-version":[{"id":3162,"href":"https:\/\/arlingtonurbanag.org\/es\/wp-json\/wp\/v2\/pages\/3158\/revisions\/3162"}],"wp:attachment":[{"href":"https:\/\/arlingtonurbanag.org\/es\/wp-json\/wp\/v2\/media?parent=3158"}],"curies":[{"name":"wp","href":"https:\/\/api.w.org\/{rel}","templated":true}]}}