{"id":41,"date":"2021-01-15T21:48:46","date_gmt":"2021-01-15T21:48:46","guid":{"rendered":"https:\/\/arlingtonurbanag.org\/?page_id=41"},"modified":"2025-04-30T09:01:52","modified_gmt":"2025-04-30T14:01:52","slug":"web-privacy-policy","status":"publish","type":"page","link":"https:\/\/arlingtonurbanag.org\/es\/web-privacy-policy\/","title":{"rendered":"Pol\u00edtica de privacidad del sitio web"},"content":{"rendered":"<p>Arlington Friends of Urban Agriculture valora el apoyo de nuestros miembros, donantes, seguidores y otros que comparten nuestro objetivo com\u00fan de construir un sector de agricultura urbana inclusivo y sostenible. Estamos comprometidos a mantener la privacidad de quienes visitan nuestro sitio web.<\/p>\n\n\n\n<p>A continuaci\u00f3n, puede encontrar nuestras pol\u00edticas con respecto a la recopilaci\u00f3n, el uso y la divulgaci\u00f3n de la informaci\u00f3n personal que recibimos de los usuarios de este sitio web.<\/p>\n\n\n\n<p><strong>\u00bfQu\u00e9 informaci\u00f3n recopilamos?<\/strong><\/p>\n\n\n\n<p>Le invitamos a acceder a nuestro sitio web sin ingresar ninguna informaci\u00f3n personal. Sin embargo, podemos pedirle que nos proporcione cierta informaci\u00f3n de identificaci\u00f3n personal que se puede utilizar para contactarlo o identificarlo. Esto sucede cuando se une a nuestra lista de correo, se suscribe a nuestro bolet\u00edn informativo o hace una donaci\u00f3n a nuestra organizaci\u00f3n o una de nuestras causas.<\/p>\n\n\n\n<p>Cualquier informaci\u00f3n personal que ingrese en nuestro sitio web se mantiene estrictamente confidencial.<\/p>\n\n\n\n<p>Cuando recopilamos informaci\u00f3n de identificaci\u00f3n personal, usted siempre la env\u00eda voluntariamente. Es posible que se le solicite que ingrese su nombre, direcci\u00f3n de correo electr\u00f3nico, direcci\u00f3n postal, n\u00famero de tel\u00e9fono o informaci\u00f3n de la tarjeta de cr\u00e9dito. Toda la informaci\u00f3n personal que recopilamos se usa para revisi\u00f3n interna, donde la descartamos o la usamos para contactar a los miembros (por ejemplo, para enviar a nuestros usuarios alertas por correo electr\u00f3nico, boletines, recordatorios y otra informaci\u00f3n de inter\u00e9s). La informaci\u00f3n enviada es siempre segura y encriptada.<\/p>\n\n\n\n<p>Si, por alg\u00fan motivo, desea que lo eliminemos de nuestras listas de correo, puede cancelar la suscripci\u00f3n haciendo clic en el enlace para cancelar la suscripci\u00f3n en cualquier correo electr\u00f3nico que reciba de nosotros. Tambi\u00e9n puede optar por no participar envi\u00e1ndonos un correo electr\u00f3nico a info@arlingtonurbanag.org.<\/p>\n\n\n\n<p>Tambi\u00e9n supervisamos y rastreamos informaci\u00f3n como los patrones de uso de nuestro sitio web por parte de los miembros y los patrones de respuesta de correo directo a trav\u00e9s de las funciones de intereses y datos demogr\u00e1ficos de Google Analytics. Recopilamos esta informaci\u00f3n en un agregado estad\u00edstico que usamos, junto con su informaci\u00f3n personal, para fines comerciales y administrativos internos, incluida la mejora de nuestro sitio web, nuestras operaciones y nuestras campa\u00f1as. Las estad\u00edsticas no contienen informaci\u00f3n personal y no pueden utilizarse para recopilar dicha informaci\u00f3n. Puede optar por no participar en nuestro seguimiento de Google Analytics&nbsp;<a href=\"https:\/\/tools.google.com\/dlpage\/gaoptout\/\" target=\"_blank\" rel=\"noopener noreferrer\">aqu\u00ed<\/a>.<\/p>\n\n\n\n<p><strong>Protegiendo tu privacidad<\/strong><\/p>\n\n\n\n<p>La seguridad de su informaci\u00f3n personal es importante para nosotros, pero recuerde que ning\u00fan m\u00e9todo de transmisi\u00f3n por Internet o m\u00e9todo de almacenamiento electr\u00f3nico es 100 por ciento seguro. Si bien nos esforzamos por utilizar medios comercialmente aceptables para proteger su informaci\u00f3n personal, no podemos garantizar su seguridad absoluta.<\/p>\n\n\n\n<p><strong>uso de cookies<\/strong><\/p>\n\n\n\n<p>Las cookies son piezas de informaci\u00f3n que se almacenan en su computadora y se utilizan para fines de mantenimiento de registros. Utilizamos cookies para facilitar la visita y el uso de nuestro sitio web. Las cookies pueden ayudarnos a ver qu\u00e9 partes de nuestro sitio web son las m\u00e1s o menos populares y nos brindan instrucciones para mejorar nuestra experiencia de usuario.<\/p>\n\n\n\n<p>Las cookies son archivos con una peque\u00f1a cantidad de datos (p. ej., informaci\u00f3n almacenada en su computadora, utilizada con fines de mantenimiento de registros), que pueden incluir un identificador \u00fanico an\u00f3nimo. Las cookies se env\u00edan a su navegador desde un sitio web y se almacenan en el disco duro de su computadora.<\/p>\n\n\n\n<p>Al igual que muchos sitios, utilizamos cookies para facilitar la visita y el uso de nuestro sitio web. Las cookies pueden ayudarnos a ver qu\u00e9 partes de nuestro sitio web son las m\u00e1s o menos populares y nos brindan instrucciones para mejorar nuestra experiencia de usuario.<\/p>\n\n\n\n<p>Puede indicar a su navegador que rechace todas las cookies o que indique cu\u00e1ndo se env\u00eda una cookie. Sin embargo, si no acepta las cookies, es posible que no pueda utilizar algunas partes de nuestro Sitio.<\/p>\n\n\n\n<p><strong>Enlaces a otros sitios<\/strong><\/p>\n\n\n\n<p>ArlingtonUrbanAg.org puede proporcionar enlaces a otros sitios web de terceros. Si bien nos esforzamos por elegir nuestros enlaces con cuidado, no podemos asumir ninguna responsabilidad por el contenido de los sitios web vinculados ni por las pol\u00edticas de privacidad de los sitios web vinculados. Dado que no controlamos estos sitios web, lo alentamos a que revise sus pol\u00edticas de privacidad.<\/p>\n\n\n\n<p><strong>Cont\u00e1ctenos<\/strong><\/p>\n\n\n\n<p>Si tiene alguna pregunta, comentario o queja sobre esta Pol\u00edtica de privacidad, no dude en comunicarse con nosotros en info@arlingtonurbanag.org.<\/p>","protected":false},"excerpt":{"rendered":"<p>Arlington Friends of Urban Agriculture valora el apoyo de nuestros miembros, donantes, seguidores y otros que comparten nuestro objetivo com\u00fan de construir un sector de agricultura urbana inclusivo y sostenible. Estamos comprometidos a mantener la privacidad de quienes visitan nuestro sitio web. A continuaci\u00f3n puede encontrar nuestras pol\u00edticas con respecto a la recopilaci\u00f3n, uso y divulgaci\u00f3n de... <\/p>\n<p class=\"read-more-container\"><a title=\"Pol\u00edtica de privacidad del sitio web\" class=\"read-more button\" href=\"https:\/\/arlingtonurbanag.org\/es\/web-privacy-policy\/#more-41\" aria-label=\"Leer m\u00e1s sobre Pol\u00edtica de Privacidad del Sitio Web\">Lee mas<\/a><\/p>","protected":false},"author":1,"featured_media":0,"parent":0,"menu_order":0,"comment_status":"closed","ping_status":"closed","template":"","meta":{"footnotes":""},"class_list":{"0":"post-41","1":"page","2":"type-page","3":"status-publish","5":"infinite-scroll-item"},"featured_image_src":null,"_links":{"self":[{"href":"https:\/\/arlingtonurbanag.org\/es\/wp-json\/wp\/v2\/pages\/41","targetHints":{"allow":["GET"]}}],"collection":[{"href":"https:\/\/arlingtonurbanag.org\/es\/wp-json\/wp\/v2\/pages"}],"about":[{"href":"https:\/\/arlingtonurbanag.org\/es\/wp-json\/wp\/v2\/types\/page"}],"author":[{"embeddable":true,"href":"https:\/\/arlingtonurbanag.org\/es\/wp-json\/wp\/v2\/users\/1"}],"replies":[{"embeddable":true,"href":"https:\/\/arlingtonurbanag.org\/es\/wp-json\/wp\/v2\/comments?post=41"}],"version-history":[{"count":3,"href":"https:\/\/arlingtonurbanag.org\/es\/wp-json\/wp\/v2\/pages\/41\/revisions"}],"predecessor-version":[{"id":3096,"href":"https:\/\/arlingtonurbanag.org\/es\/wp-json\/wp\/v2\/pages\/41\/revisions\/3096"}],"wp:attachment":[{"href":"https:\/\/arlingtonurbanag.org\/es\/wp-json\/wp\/v2\/media?parent=41"}],"curies":[{"name":"wp","href":"https:\/\/api.w.org\/{rel}","templated":true}]}}