{"id":65,"date":"2021-01-15T21:53:48","date_gmt":"2021-01-15T21:53:48","guid":{"rendered":"https:\/\/arlingtonurbanag.org\/?page_id=65"},"modified":"2025-04-30T14:57:15","modified_gmt":"2025-04-30T19:57:15","slug":"volunteer","status":"publish","type":"page","link":"https:\/\/arlingtonurbanag.org\/es\/volunteer\/","title":{"rendered":"Voluntario"},"content":{"rendered":"<p><strong>ATENCI\u00d3N:<\/strong>&nbsp;Si ya has configurado tu perfil de voluntario, ve a&nbsp;<a href=\"https:\/\/arlingtonurbanag.org\/es\/volunteer-login\/\">https:\/\/arlingtonurbanag.org\/volunteer-login\/<\/a>&nbsp;para iniciar sesi\u00f3n y encontrar oportunidades de voluntariado. Si tiene preguntas, env\u00ede un correo electr\u00f3nico&nbsp;<a href=\"mailto:volunteer@arlingtonurbanag.org\">voluntario@arlingtonurbanag.org<\/a>.<\/p>\n\n\n\n<p>Want to set up a group volunteering day for your workplace or group of 5+?&nbsp;<a href=\"https:\/\/docs.google.com\/forms\/d\/e\/1FAIpQLSdvKbvJvaYncGD1E2Ss9BYmHrP4WqmVtHnMrVB9_3a_YhDAoQ\/viewform?usp=dialog\" target=\"_blank\" rel=\"noreferrer noopener\">Please fill out our group volunteer form here<\/a>. (This is a Google Form link that will open on a new page.)<\/p>\n\n\n\n<ul class=\"wp-block-list\">\n<li><a href=\"https:\/\/arlingtonurbanag.org\/es\/plot-against-hunger\/volunteer-in-a-plot-against-hunger-garden\/\" target=\"_blank\" rel=\"noreferrer noopener\">Informaci\u00f3n sobre el voluntariado en Plot Against Gardens<\/a><\/li>\n\n\n\n<li><a href=\"https:\/\/arlingtonurbanag.org\/wp-content\/uploads\/2023\/10\/FOUA-Board-info-for-prospective-members.pdf\" target=\"_blank\" rel=\"noreferrer noopener\">Descargue informaci\u00f3n sobre c\u00f3mo ofrecerse como voluntario para ser miembro de la junta directiva<\/a><\/li>\n\n\n\n<li><a href=\"https:\/\/docs.google.com\/forms\/d\/e\/1FAIpQLSc7md-ynJ39h66Srf9imuzdQLHnVGQjYwqMmTZA3PyU5uHL2A\/viewform\" target=\"_blank\" rel=\"noreferrer noopener\">Formulario de inter\u00e9s de la junta directiva<\/a><\/li>\n<\/ul>\n\n\n\n<iframe id=\"appFrame\" src=\"https:\/\/www.volgistics.com\/appform\/1118147721\" width=\"100%\" scrolling=\"no\"><\/iframe>\n<script>\n var resizeFrame = function(event) {\n  if (event.origin !== \"https:\/\/www.volgistics.com\") return;\n  var iframe = window.parent.document.getElementById('appFrame');\n  if (iframe) iframe.style.height = event.data + 'px';\n }\n if (window.addEventListener) window.addEventListener(\"message\", resizeFrame, false);\n else if (window.attachEvent) window.attachEvent(\"message\", resizeFrame);\n<\/script>","protected":false},"excerpt":{"rendered":"<p>ATTENTION:&nbsp;If you have already set up your volunteer profile, go to&nbsp;https:\/\/arlingtonurbanag.org\/volunteer-login\/&nbsp;to log in and find volunteer opportunities. If you have questions, email&nbsp;volunteer@arlingtonurbanag.org. Want to set up a group volunteering day for your workplace or group of 5+?&nbsp;Please fill out our group volunteer form here. (This is a Google Form link that will open on a &#8230; <\/p>\n<p class=\"read-more-container\"><a title=\"Voluntario\" class=\"read-more button\" href=\"https:\/\/arlingtonurbanag.org\/es\/volunteer\/#more-65\" aria-label=\"Leer m\u00e1s sobre Volunteer\">Lee mas<\/a><\/p>","protected":false},"author":1,"featured_media":0,"parent":0,"menu_order":0,"comment_status":"closed","ping_status":"closed","template":"","meta":{"footnotes":""},"class_list":{"0":"post-65","1":"page","2":"type-page","3":"status-publish","5":"infinite-scroll-item"},"featured_image_src":null,"_links":{"self":[{"href":"https:\/\/arlingtonurbanag.org\/es\/wp-json\/wp\/v2\/pages\/65","targetHints":{"allow":["GET"]}}],"collection":[{"href":"https:\/\/arlingtonurbanag.org\/es\/wp-json\/wp\/v2\/pages"}],"about":[{"href":"https:\/\/arlingtonurbanag.org\/es\/wp-json\/wp\/v2\/types\/page"}],"author":[{"embeddable":true,"href":"https:\/\/arlingtonurbanag.org\/es\/wp-json\/wp\/v2\/users\/1"}],"replies":[{"embeddable":true,"href":"https:\/\/arlingtonurbanag.org\/es\/wp-json\/wp\/v2\/comments?post=65"}],"version-history":[{"count":18,"href":"https:\/\/arlingtonurbanag.org\/es\/wp-json\/wp\/v2\/pages\/65\/revisions"}],"predecessor-version":[{"id":3194,"href":"https:\/\/arlingtonurbanag.org\/es\/wp-json\/wp\/v2\/pages\/65\/revisions\/3194"}],"wp:attachment":[{"href":"https:\/\/arlingtonurbanag.org\/es\/wp-json\/wp\/v2\/media?parent=65"}],"curies":[{"name":"wp","href":"https:\/\/api.w.org\/{rel}","templated":true}]}}